{"id":1698,"date":"2022-10-30T12:01:39","date_gmt":"2022-10-30T15:01:39","guid":{"rendered":"https:\/\/sites.uel.br\/pdi\/?page_id=1698"},"modified":"2022-10-30T12:01:39","modified_gmt":"2022-10-30T15:01:39","slug":"ouvidoria-estrutura-funcional","status":"publish","type":"page","link":"https:\/\/sites.uel.br\/pdi\/ouvidoria-estrutura-funcional\/","title":{"rendered":"OUVIDORIA &#8211; Estrutura Funcional"},"content":{"rendered":"\n<p class=\"has-white-color has-text-color\">.<\/p>\n\n\n\n<p>A Ouvidoria tem a seguinte&nbsp;<strong>estrutura funcional<\/strong>:<\/p>\n\n\n\n<ul class=\"wp-block-list\"><li>Ouvidor;<\/li><li>Secretaria;<\/li><li>Ouvidoria Setorial do Hospital Universit\u00e1rio;<\/li><li>Ouvidoria Setorial do Ambulat\u00f3rio do Hospital de Cl\u00ednicas;<\/li><li>Ouvidoria Setorial da Cl\u00ednica Odontol\u00f3gica;<\/li><li>Canal do Estudante.<\/li><\/ul>\n","protected":false},"excerpt":{"rendered":"<p>. A Ouvidoria tem a seguinte&nbsp;estrutura funcional: Ouvidor; Secretaria; Ouvidoria Setorial do Hospital Universit\u00e1rio; Ouvidoria Setorial do Ambulat\u00f3rio do Hospital de Cl\u00ednicas; Ouvidoria Setorial da Cl\u00ednica Odontol\u00f3gica; Canal do Estudante.<\/p>\n","protected":false},"author":8,"featured_media":0,"parent":0,"menu_order":0,"comment_status":"closed","ping_status":"closed","template":"","meta":{"footnotes":""},"class_list":["post-1698","page","type-page","status-publish","hentry"],"acf":[],"_links":{"self":[{"href":"https:\/\/sites.uel.br\/pdi\/wp-json\/wp\/v2\/pages\/1698","targetHints":{"allow":["GET"]}}],"collection":[{"href":"https:\/\/sites.uel.br\/pdi\/wp-json\/wp\/v2\/pages"}],"about":[{"href":"https:\/\/sites.uel.br\/pdi\/wp-json\/wp\/v2\/types\/page"}],"author":[{"embeddable":true,"href":"https:\/\/sites.uel.br\/pdi\/wp-json\/wp\/v2\/users\/8"}],"replies":[{"embeddable":true,"href":"https:\/\/sites.uel.br\/pdi\/wp-json\/wp\/v2\/comments?post=1698"}],"version-history":[{"count":1,"href":"https:\/\/sites.uel.br\/pdi\/wp-json\/wp\/v2\/pages\/1698\/revisions"}],"predecessor-version":[{"id":1699,"href":"https:\/\/sites.uel.br\/pdi\/wp-json\/wp\/v2\/pages\/1698\/revisions\/1699"}],"wp:attachment":[{"href":"https:\/\/sites.uel.br\/pdi\/wp-json\/wp\/v2\/media?parent=1698"}],"curies":[{"name":"wp","href":"https:\/\/api.w.org\/{rel}","templated":true}]}}