{"id":1696,"date":"2022-10-30T12:00:45","date_gmt":"2022-10-30T15:00:45","guid":{"rendered":"https:\/\/sites.uel.br\/pdi\/?page_id=1696"},"modified":"2022-10-30T12:00:45","modified_gmt":"2022-10-30T15:00:45","slug":"ouvidoria-objetivo","status":"publish","type":"page","link":"https:\/\/sites.uel.br\/pdi\/ouvidoria-objetivo\/","title":{"rendered":"OUVIDORIA &#8211; Objetivo"},"content":{"rendered":"\n<p class=\"has-white-color has-text-color\">.<\/p>\n\n\n\n<p>A Ouvidoria Geral da UEL tem como&nbsp;<strong>objetivo<\/strong>&nbsp;principal auxiliar no aperfei\u00e7oamento da Institui\u00e7\u00e3o e na busca da efici\u00eancia e austeridade administrativa desta Universidade, a qual tem como foco a atua\u00e7\u00e3o nas atividades de Ensino, Pesquisa e Extens\u00e3o. Serve de elo de comunica\u00e7\u00e3o para aqueles, das comunidades interna e externa, que queiram apresentar reclama\u00e7\u00f5es, den\u00fancias, cr\u00edticas, sugest\u00f5es ou elogios ou buscar informa\u00e7\u00f5es sobre a Universidade Estadual de Londrina. O papel do Ouvidor visa propiciar o exerc\u00edcio da cidadania, para que as pessoas possam ter acesso \u00e0 informa\u00e7\u00e3o ou apresentem suas reclama\u00e7\u00f5es de forma institucionalizada, com a certeza de que ser\u00e3o levadas a diante e possibilitar:<\/p>\n\n\n\n<ul class=\"wp-block-list\"><li>\u00e0 Comunidade Acad\u00eamica: manifestar sua opini\u00e3o sobre os servi\u00e7os prestados nos v\u00e1rios setores da Institui\u00e7\u00e3o; sugerir medidas para o aprimoramento das a\u00e7\u00f5es das Institui\u00e7\u00e3o com vistas \u00e0 melhoria de seus servi\u00e7os, garantindo seu cont\u00ednuo aperfei\u00e7oamento; denunciar infra\u00e7\u00f5es \u00e0 cidadania, aos princ\u00edpios de dignidade humana, \u00e0 \u00e9tica e \u00e0 moral ocorridas em seu campus e ser um canal de comunica\u00e7\u00e3o e informa\u00e7\u00e3o como forma de resolver os problemas existentes.<\/li><li>\u00e0 Comunidade Externa: dirimir d\u00favidas quanto aos servi\u00e7os da Institui\u00e7\u00e3o; esclarecer quanto \u00e0s atividades desenvolvidas pela Institui\u00e7\u00e3o; ser um canal de comunica\u00e7\u00e3o e informa\u00e7\u00e3o e sugerir medidas para o aprimoramento das a\u00e7\u00f5es da Institui\u00e7\u00e3o com vistas \u00e0 melhoria de seus servi\u00e7os, garantindo seu cont\u00ednuo aperfei\u00e7oamento.<\/li><\/ul>\n","protected":false},"excerpt":{"rendered":"<p>. A Ouvidoria Geral da UEL tem como&nbsp;objetivo&nbsp;principal auxiliar no aperfei\u00e7oamento da Institui\u00e7\u00e3o e na busca da efici\u00eancia e austeridade administrativa desta Universidade, a qual tem como foco a atua\u00e7\u00e3o nas atividades de Ensino, Pesquisa e Extens\u00e3o. Serve de elo de comunica\u00e7\u00e3o para aqueles, das comunidades interna e externa, que queiram apresentar reclama\u00e7\u00f5es, den\u00fancias, cr\u00edticas, [&hellip;]<\/p>\n","protected":false},"author":8,"featured_media":0,"parent":0,"menu_order":0,"comment_status":"closed","ping_status":"closed","template":"","meta":{"footnotes":""},"class_list":["post-1696","page","type-page","status-publish","hentry"],"acf":[],"_links":{"self":[{"href":"https:\/\/sites.uel.br\/pdi\/wp-json\/wp\/v2\/pages\/1696","targetHints":{"allow":["GET"]}}],"collection":[{"href":"https:\/\/sites.uel.br\/pdi\/wp-json\/wp\/v2\/pages"}],"about":[{"href":"https:\/\/sites.uel.br\/pdi\/wp-json\/wp\/v2\/types\/page"}],"author":[{"embeddable":true,"href":"https:\/\/sites.uel.br\/pdi\/wp-json\/wp\/v2\/users\/8"}],"replies":[{"embeddable":true,"href":"https:\/\/sites.uel.br\/pdi\/wp-json\/wp\/v2\/comments?post=1696"}],"version-history":[{"count":1,"href":"https:\/\/sites.uel.br\/pdi\/wp-json\/wp\/v2\/pages\/1696\/revisions"}],"predecessor-version":[{"id":1697,"href":"https:\/\/sites.uel.br\/pdi\/wp-json\/wp\/v2\/pages\/1696\/revisions\/1697"}],"wp:attachment":[{"href":"https:\/\/sites.uel.br\/pdi\/wp-json\/wp\/v2\/media?parent=1696"}],"curies":[{"name":"wp","href":"https:\/\/api.w.org\/{rel}","templated":true}]}}