{"id":1675,"date":"2022-10-20T17:34:12","date_gmt":"2022-10-20T20:34:12","guid":{"rendered":"https:\/\/sites.uel.br\/pdi\/?page_id=1675"},"modified":"2022-10-20T17:34:12","modified_gmt":"2022-10-20T20:34:12","slug":"cops-diretoria-de-desenvolvimento-de-informatica","status":"publish","type":"page","link":"https:\/\/sites.uel.br\/pdi\/cops-diretoria-de-desenvolvimento-de-informatica\/","title":{"rendered":"COPS &#8211; Diretoria de Desenvolvimento de Inform\u00e1tica"},"content":{"rendered":"\n<p class=\"has-text-color\" style=\"color:#fefefe\">.<\/p>\n\n\n\n<p>\u00c0 Diretoria de Desenvolvimento em Inform\u00e1tica:<\/p>\n\n\n\n<ul class=\"wp-block-list\"><li>desenvolver e implantar softwares necess\u00e1rios \u00e0 realiza\u00e7\u00e3o dos exames vestibulares e outros processos seletivos e concursos a cargo da Assessoria;<\/li><li>proceder \u00e0 informatiza\u00e7\u00e3o dos sistemas de inscri\u00e7\u00e3o, cart\u00f5es informativos e de boletim de desempenho dos candidatos;<\/li><li>desenvolver e aplicar os meios para a corre\u00e7\u00e3o das provas;<\/li><li>elaborar as listagens de classificados, conforme os crit\u00e9rios estabelecidos pela Diretoria Pedag\u00f3gica da Assessoria;<\/li><li>proceder \u00e0 informatiza\u00e7\u00e3o do sistema de inscri\u00e7\u00e3o, por correio eletr\u00f4nico;<\/li><li>ser respons\u00e1vel por todas as tarefas da Assessoria relacionada com o trabalho de informatiza\u00e7\u00e3o e processamento de dados;<\/li><li>ser respons\u00e1vel pelos procedimentos de seguran\u00e7a necess\u00e1rios ao sigilo dos dados referentes aos processos seletivos organizados pela Assessoria;<\/li><li>ser respons\u00e1vel pelas informa\u00e7\u00f5es divulgadas sobre os processos seletivos e concursos na p\u00e1ginas da internet.<\/li><\/ul>\n","protected":false},"excerpt":{"rendered":"<p>. \u00c0 Diretoria de Desenvolvimento em Inform\u00e1tica: desenvolver e implantar softwares necess\u00e1rios \u00e0 realiza\u00e7\u00e3o dos exames vestibulares e outros processos seletivos e concursos a cargo da Assessoria; proceder \u00e0 informatiza\u00e7\u00e3o dos sistemas de inscri\u00e7\u00e3o, cart\u00f5es informativos e de boletim de desempenho dos candidatos; desenvolver e aplicar os meios para a corre\u00e7\u00e3o das provas; elaborar as [&hellip;]<\/p>\n","protected":false},"author":8,"featured_media":0,"parent":0,"menu_order":0,"comment_status":"closed","ping_status":"closed","template":"","meta":{"footnotes":""},"class_list":["post-1675","page","type-page","status-publish","hentry"],"acf":[],"_links":{"self":[{"href":"https:\/\/sites.uel.br\/pdi\/wp-json\/wp\/v2\/pages\/1675","targetHints":{"allow":["GET"]}}],"collection":[{"href":"https:\/\/sites.uel.br\/pdi\/wp-json\/wp\/v2\/pages"}],"about":[{"href":"https:\/\/sites.uel.br\/pdi\/wp-json\/wp\/v2\/types\/page"}],"author":[{"embeddable":true,"href":"https:\/\/sites.uel.br\/pdi\/wp-json\/wp\/v2\/users\/8"}],"replies":[{"embeddable":true,"href":"https:\/\/sites.uel.br\/pdi\/wp-json\/wp\/v2\/comments?post=1675"}],"version-history":[{"count":1,"href":"https:\/\/sites.uel.br\/pdi\/wp-json\/wp\/v2\/pages\/1675\/revisions"}],"predecessor-version":[{"id":1676,"href":"https:\/\/sites.uel.br\/pdi\/wp-json\/wp\/v2\/pages\/1675\/revisions\/1676"}],"wp:attachment":[{"href":"https:\/\/sites.uel.br\/pdi\/wp-json\/wp\/v2\/media?parent=1675"}],"curies":[{"name":"wp","href":"https:\/\/api.w.org\/{rel}","templated":true}]}}