{"id":1673,"date":"2022-10-20T17:33:17","date_gmt":"2022-10-20T20:33:17","guid":{"rendered":"https:\/\/sites.uel.br\/pdi\/?page_id=1673"},"modified":"2022-10-20T17:33:17","modified_gmt":"2022-10-20T20:33:17","slug":"cops-diretoria-administrativa-2","status":"publish","type":"page","link":"https:\/\/sites.uel.br\/pdi\/cops-diretoria-administrativa-2\/","title":{"rendered":"COPS &#8211; Diretoria Administrativa"},"content":{"rendered":"\n<p class=\"has-white-color has-text-color\">.<\/p>\n\n\n\n<p>\u00c0 Diretoria Administrativa compete:<\/p>\n\n\n\n<ul class=\"wp-block-list\"><li>zelar pelo andamento das atividades administrativas e financeiras da COPS;<\/li><li>ser respons\u00e1vel pela articula\u00e7\u00e3o das atividades da Diretoria com as demais a\u00e7\u00f5es da COPS;<\/li><li>acompanhar as licita\u00e7\u00f5es da COPS em todas as suas modalidades;<\/li><li>acompanhar a confec\u00e7\u00e3o dos impressos utilizados nos concursos e testes seletivos, como cartazes, folders e outros;<\/li><li>acompanhar o pagamento de terceiros que atuam nos concursos e testes seletivos;<\/li><li>ser respons\u00e1vel pelas quest\u00f5es de ordem financeira e administrativa afetas \u00e0 COPS, a crit\u00e9rio do Assessor;<\/li><li>acompanhar a elabora\u00e7\u00e3o das minutas dos instrumentos jur\u00eddicos referentes aos processos seletivos que ocorram com outras institui\u00e7\u00f5es p\u00fablicas e privadas;<\/li><li>elaborar relat\u00f3rios financeiros peri\u00f3dicos para aprecia\u00e7\u00e3o da Comiss\u00e3o Permanente de Sele\u00e7\u00e3o;<\/li><li>acompanhar as negocia\u00e7\u00f5es de todos os contratos at\u00e9 que os mesmos sejam firmados e garantir seu cumprimento;<\/li><li>proceder, juntamente com o Assessor, ao recrutamento e capacita\u00e7\u00e3o do pessoal utilizado na aplica\u00e7\u00e3o dos exames seletivos;<\/li><li>distribuir as provas durante os dias de execu\u00e7\u00e3o dos exames seletivos;<\/li><li>acompanhar os eventos ligados \u00e0 divulga\u00e7\u00e3o dos resultados dos exames seletivos;<\/li><li>operacionalizar os processos seletivos, incluindo a opera\u00e7\u00e3o de desmonte dos mesmos;<\/li><li>responsabilizar-se pela aquisi\u00e7\u00e3o, preserva\u00e7\u00e3o e manuten\u00e7\u00e3o do patrim\u00f4nio da Assessoria.<\/li><\/ul>\n","protected":false},"excerpt":{"rendered":"<p>. \u00c0 Diretoria Administrativa compete: zelar pelo andamento das atividades administrativas e financeiras da COPS; ser respons\u00e1vel pela articula\u00e7\u00e3o das atividades da Diretoria com as demais a\u00e7\u00f5es da COPS; acompanhar as licita\u00e7\u00f5es da COPS em todas as suas modalidades; acompanhar a confec\u00e7\u00e3o dos impressos utilizados nos concursos e testes seletivos, como cartazes, folders e outros; [&hellip;]<\/p>\n","protected":false},"author":8,"featured_media":0,"parent":0,"menu_order":0,"comment_status":"closed","ping_status":"closed","template":"","meta":{"footnotes":""},"class_list":["post-1673","page","type-page","status-publish","hentry"],"acf":[],"_links":{"self":[{"href":"https:\/\/sites.uel.br\/pdi\/wp-json\/wp\/v2\/pages\/1673","targetHints":{"allow":["GET"]}}],"collection":[{"href":"https:\/\/sites.uel.br\/pdi\/wp-json\/wp\/v2\/pages"}],"about":[{"href":"https:\/\/sites.uel.br\/pdi\/wp-json\/wp\/v2\/types\/page"}],"author":[{"embeddable":true,"href":"https:\/\/sites.uel.br\/pdi\/wp-json\/wp\/v2\/users\/8"}],"replies":[{"embeddable":true,"href":"https:\/\/sites.uel.br\/pdi\/wp-json\/wp\/v2\/comments?post=1673"}],"version-history":[{"count":1,"href":"https:\/\/sites.uel.br\/pdi\/wp-json\/wp\/v2\/pages\/1673\/revisions"}],"predecessor-version":[{"id":1674,"href":"https:\/\/sites.uel.br\/pdi\/wp-json\/wp\/v2\/pages\/1673\/revisions\/1674"}],"wp:attachment":[{"href":"https:\/\/sites.uel.br\/pdi\/wp-json\/wp\/v2\/media?parent=1673"}],"curies":[{"name":"wp","href":"https:\/\/api.w.org\/{rel}","templated":true}]}}