{"id":1671,"date":"2022-10-20T17:32:24","date_gmt":"2022-10-20T20:32:24","guid":{"rendered":"https:\/\/sites.uel.br\/pdi\/?page_id=1671"},"modified":"2022-11-10T16:46:37","modified_gmt":"2022-11-10T19:46:37","slug":"cops-diretoria-pedagogica","status":"publish","type":"page","link":"https:\/\/sites.uel.br\/pdi\/cops-diretoria-pedagogica\/","title":{"rendered":"COPS &#8211; Diretoria Pedag\u00f3gica"},"content":{"rendered":"\n<p class=\"has-text-color\" style=\"color:#fefefe\">.<\/p>\n\n\n\n<p>\u00c0 Diretoria Pedag\u00f3gica compete:<\/p>\n\n\n\n<ul class=\"wp-block-list\">\n<li>ocupar-se da elabora\u00e7\u00e3o, confec\u00e7\u00e3o, guarda e sigilo de todas as provas dos Concursos e Processos Seletivos realizados pela Coordenadoria; <\/li>\n\n\n\n<li>viabilizar a sele\u00e7\u00e3o e a capacita\u00e7\u00e3o de elaboradores, estruturadores, revisores e corretores das provas, em todas as \u00e1reas de conhecimento envolvidas nos concursos e processos seletivos, zelando pelo sigilo dos mesmos;<\/li>\n\n\n\n<li>diagramar e ler as quest\u00f5es encomendadas, conferindo-as quanto \u00e0 adequa\u00e7\u00e3o aos crit\u00e9rios exigidos pelo concurso, bem como revis\u00e1-las quanto aos conte\u00fados e normas;<\/li>\n\n\n\n<li>preparar os cadernos de provas, diversificando-os conforme a necessidade (tipos de provas diferentes), e acompanhamento de todo processo de impress\u00e3o, empacotamento e fechamento dos malotes;<\/li>\n\n\n\n<li>adaptar os cadernos de prova de acordo com as solicita\u00e7\u00f5es de atendimento especial (braile, prova ampliada, ledor, int\u00e9rprete de libras, entre outros);<\/li>\n\n\n\n<li>organizar as solicita\u00e7\u00f5es de recurso e providenciar as respostas junto aos elaboradores para posterior disponibiliza\u00e7\u00e3o aos candidatos;<\/li>\n\n\n\n<li>coordenar as equipes da primeira e segunda fase do Vestibular do UEL por meio de reuni\u00f5es peri\u00f3dicas;<\/li>\n\n\n\n<li>promover a integra\u00e7\u00e3o entre o Ensino M\u00e9dio e a Universidade, visando o aprimoramento do processo seletivo vestibular da Universidade;<\/li>\n\n\n\n<li>implementar avalia\u00e7\u00e3o e permanente an\u00e1lise dos processos seletivos;<\/li>\n\n\n\n<li>zelar pela qualidade das provas do vestibular e pela articula\u00e7\u00e3o das mesmas com as diretrizes curriculares para o ensino m\u00e9dio;<\/li>\n\n\n\n<li>responsabilizar-se por todas as quest\u00f5es de ordem pedag\u00f3gica dos concursos e processos seletivos;<\/li>\n\n\n\n<li>organizar as atividades internas da Diretoria, privilegiando a manuten\u00e7\u00e3o dos procedimentos necess\u00e1rios para preservar o sigilo dos concursos e processos seletivos;<\/li>\n\n\n\n<li>responsabilizar-se pela articula\u00e7\u00e3o das atividades da Diretoria com as demais a\u00e7\u00f5es da Coordenadoria.<\/li>\n<\/ul>\n","protected":false},"excerpt":{"rendered":"<p>. \u00c0 Diretoria Pedag\u00f3gica compete:<\/p>\n","protected":false},"author":8,"featured_media":0,"parent":0,"menu_order":0,"comment_status":"closed","ping_status":"closed","template":"","meta":{"footnotes":""},"class_list":["post-1671","page","type-page","status-publish","hentry"],"acf":[],"_links":{"self":[{"href":"https:\/\/sites.uel.br\/pdi\/wp-json\/wp\/v2\/pages\/1671","targetHints":{"allow":["GET"]}}],"collection":[{"href":"https:\/\/sites.uel.br\/pdi\/wp-json\/wp\/v2\/pages"}],"about":[{"href":"https:\/\/sites.uel.br\/pdi\/wp-json\/wp\/v2\/types\/page"}],"author":[{"embeddable":true,"href":"https:\/\/sites.uel.br\/pdi\/wp-json\/wp\/v2\/users\/8"}],"replies":[{"embeddable":true,"href":"https:\/\/sites.uel.br\/pdi\/wp-json\/wp\/v2\/comments?post=1671"}],"version-history":[{"count":2,"href":"https:\/\/sites.uel.br\/pdi\/wp-json\/wp\/v2\/pages\/1671\/revisions"}],"predecessor-version":[{"id":2115,"href":"https:\/\/sites.uel.br\/pdi\/wp-json\/wp\/v2\/pages\/1671\/revisions\/2115"}],"wp:attachment":[{"href":"https:\/\/sites.uel.br\/pdi\/wp-json\/wp\/v2\/media?parent=1671"}],"curies":[{"name":"wp","href":"https:\/\/api.w.org\/{rel}","templated":true}]}}