{"id":1667,"date":"2022-10-20T17:30:31","date_gmt":"2022-10-20T20:30:31","guid":{"rendered":"https:\/\/sites.uel.br\/pdi\/?page_id=1667"},"modified":"2022-10-20T17:30:31","modified_gmt":"2022-10-20T20:30:31","slug":"cops-coordenador-2","status":"publish","type":"page","link":"https:\/\/sites.uel.br\/pdi\/cops-coordenador-2\/","title":{"rendered":"COPS &#8211; Coordenador"},"content":{"rendered":"\n<p class=\"has-white-color has-text-color\">.<\/p>\n\n\n\n<p>Ao Coordenador da COPS compete:<\/p>\n\n\n\n<ul class=\"wp-block-list\"><li>zelar pelo sigilo, qualidade e bom andamento de todas as etapas dos concursos e processos seletivos realizados pela COPS;<\/li><li>responsabilizar-se pela elabora\u00e7\u00e3o, confec\u00e7\u00e3o, guarda e sigilo de todas as provas dos concursos e testes seletivos realizados pela COPS;<\/li><li>promover a sele\u00e7\u00e3o e a capacita\u00e7\u00e3o de elaboradores, estruturadores, revisores e corretores das provas, em todas as \u00e1reas de conhecimento envolvidas nos concursos e processos seletivos realizados pela COPS;<\/li><li>responsabilizar-se pela organiza\u00e7\u00e3o da seguran\u00e7a e da comunica\u00e7\u00e3o durante a aplica\u00e7\u00e3o de concursos e processos seletivos realizados pela COPS;<\/li><li>implementar a avalia\u00e7\u00e3o e a permanente an\u00e1lise dos concursos e processos seletivos desenvolvidos pela COPS;<\/li><li>convocar e presidir as reuni\u00f5es da COPESE;<\/li><li>constituir comiss\u00f5es ou grupos de trabalho para desempenho de tarefas espec\u00edficas;<\/li><li>representar a COPS na C\u00e2mara de Gradua\u00e7\u00e3o ou no Conselho de Ensino, Pesquisa e Extens\u00e3o em se tratando de assuntos pertinentes \u00e0 Coordenadoria ou indicar um representante;<\/li><li>subsidiar as reuni\u00f5es da COPESE com informa\u00e7\u00f5es, documentos e dados referentes \u00e0s proposi\u00e7\u00f5es da COPS;<\/li><li>designar, coordenar e integrar os trabalhos das Diretorias Pedag\u00f3gica, Administrativa e de Desenvolvimento em Inform\u00e1tica;<\/li><li>responsabilizar-se por todas as quest\u00f5es de ordem pedag\u00f3gica dos concursos e processos seletivos;<\/li><li>responsabilizar-se por todas as quest\u00f5es relativas \u00e0 corre\u00e7\u00e3o das provas, expedi\u00e7\u00e3o dos resultados em ordem de classifica\u00e7\u00e3o, elabora\u00e7\u00e3o de boletins de aproveitamento dos candidatos, sempre atendendo \u00e0s normas especificadas em cada concurso ou teste seletivo;<\/li><li>encaminhar relat\u00f3rios financeiros peri\u00f3dicos para aprecia\u00e7\u00e3o do Conselho de Administra\u00e7\u00e3o, ap\u00f3s aprova\u00e7\u00e3o da COPESE.<\/li><\/ul>\n","protected":false},"excerpt":{"rendered":"<p>. Ao Coordenador da COPS compete: zelar pelo sigilo, qualidade e bom andamento de todas as etapas dos concursos e processos seletivos realizados pela COPS; responsabilizar-se pela elabora\u00e7\u00e3o, confec\u00e7\u00e3o, guarda e sigilo de todas as provas dos concursos e testes seletivos realizados pela COPS; promover a sele\u00e7\u00e3o e a capacita\u00e7\u00e3o de elaboradores, estruturadores, revisores e [&hellip;]<\/p>\n","protected":false},"author":8,"featured_media":0,"parent":0,"menu_order":0,"comment_status":"closed","ping_status":"closed","template":"","meta":{"footnotes":""},"class_list":["post-1667","page","type-page","status-publish","hentry"],"acf":[],"_links":{"self":[{"href":"https:\/\/sites.uel.br\/pdi\/wp-json\/wp\/v2\/pages\/1667","targetHints":{"allow":["GET"]}}],"collection":[{"href":"https:\/\/sites.uel.br\/pdi\/wp-json\/wp\/v2\/pages"}],"about":[{"href":"https:\/\/sites.uel.br\/pdi\/wp-json\/wp\/v2\/types\/page"}],"author":[{"embeddable":true,"href":"https:\/\/sites.uel.br\/pdi\/wp-json\/wp\/v2\/users\/8"}],"replies":[{"embeddable":true,"href":"https:\/\/sites.uel.br\/pdi\/wp-json\/wp\/v2\/comments?post=1667"}],"version-history":[{"count":1,"href":"https:\/\/sites.uel.br\/pdi\/wp-json\/wp\/v2\/pages\/1667\/revisions"}],"predecessor-version":[{"id":1668,"href":"https:\/\/sites.uel.br\/pdi\/wp-json\/wp\/v2\/pages\/1667\/revisions\/1668"}],"wp:attachment":[{"href":"https:\/\/sites.uel.br\/pdi\/wp-json\/wp\/v2\/media?parent=1667"}],"curies":[{"name":"wp","href":"https:\/\/api.w.org\/{rel}","templated":true}]}}