{"id":1665,"date":"2022-10-20T17:34:28","date_gmt":"2022-10-20T20:34:28","guid":{"rendered":"https:\/\/sites.uel.br\/pdi\/?page_id=1665"},"modified":"2022-10-20T17:37:48","modified_gmt":"2022-10-20T20:37:48","slug":"coordenadoria-de-processos-seletivos","status":"publish","type":"page","link":"https:\/\/sites.uel.br\/pdi\/coordenadoria-de-processos-seletivos\/","title":{"rendered":"Coordenadoria de Processos Seletivos"},"content":{"rendered":"\n<p class=\"has-text-color\" style=\"color:#fefefe\">.<\/p>\n\n\n\n<p>A Coordenadoria de Processos Seletivos \u00e9 o \u00f3rg\u00e3o respons\u00e1vel pelo planejamento, coordena\u00e7\u00e3o, supervis\u00e3o, execu\u00e7\u00e3o e avalia\u00e7\u00e3o dos processos seletivos para ingresso nos cursos de gradua\u00e7\u00e3o. A Coordenadoria de Processos Seletivos (COPS) poder\u00e1 realizar outros processos de sele\u00e7\u00e3o e admiss\u00e3o no \u00e2mbito interno da Universidade e para entidades externas, de acordo com proposi\u00e7\u00f5es que venham a ocorrer segundo delibera\u00e7\u00e3o da Comiss\u00e3o Permanente de Sele\u00e7\u00e3o, mediante aprova\u00e7\u00e3o do Conselho de Administra\u00e7\u00e3o.<\/p>\n\n\n\n<p>A Coordenadoria de Processos Seletivos compreende:<\/p>\n\n\n\n<ul class=\"wp-block-list\"><li>Coordenador;<\/li><li>Comiss\u00e3o Permanente de Sele\u00e7\u00e3o (COPESE);<\/li><li>Diretoria Pedag\u00f3gica;<\/li><li>Diretoria Administrativa;<\/li><li>Diretoria de Desenvolvimento em Inform\u00e1tica;<\/li><li>Secretaria, sob a responsabilidade de um secret\u00e1rio designado.<\/li><\/ul>\n\n\n\n<div class=\"wp-block-columns is-layout-flex wp-container-core-columns-is-layout-9d6595d7 wp-block-columns-is-layout-flex\">\n<div class=\"wp-block-column is-layout-flow wp-block-column-is-layout-flow\">\n<figure class=\"wp-block-gallery has-nested-images columns-default is-cropped wp-block-gallery-1 is-layout-flex wp-block-gallery-is-layout-flex\">\n<figure class=\"wp-block-image size-large\"><a href=\"https:\/\/sites.uel.br\/pdi\/cops-coordenador-2\/\"><img loading=\"lazy\" decoding=\"async\" width=\"952\" height=\"532\" data-id=\"1658\" src=\"https:\/\/sites.uel.br\/pdi\/wp-content\/uploads\/2022\/10\/cops-coordenador.jpg\" alt=\"\" class=\"wp-image-1658\" srcset=\"https:\/\/sites.uel.br\/pdi\/wp-content\/uploads\/2022\/10\/cops-coordenador.jpg 952w, https:\/\/sites.uel.br\/pdi\/wp-content\/uploads\/2022\/10\/cops-coordenador-300x168.jpg 300w, https:\/\/sites.uel.br\/pdi\/wp-content\/uploads\/2022\/10\/cops-coordenador-768x429.jpg 768w\" sizes=\"auto, (max-width: 952px) 100vw, 952px\" \/><\/a><\/figure>\n<\/figure>\n<\/div>\n\n\n\n<div class=\"wp-block-column is-layout-flow wp-block-column-is-layout-flow\">\n<figure class=\"wp-block-gallery has-nested-images columns-default is-cropped wp-block-gallery-2 is-layout-flex wp-block-gallery-is-layout-flex\">\n<figure class=\"wp-block-image size-large\"><a href=\"https:\/\/sites.uel.br\/pdi\/cops-comissao-permanente-de-selecao\/\"><img loading=\"lazy\" decoding=\"async\" width=\"952\" height=\"532\" data-id=\"1666\" src=\"https:\/\/sites.uel.br\/pdi\/wp-content\/uploads\/2022\/10\/cops-copese.jpg\" alt=\"\" class=\"wp-image-1666\" srcset=\"https:\/\/sites.uel.br\/pdi\/wp-content\/uploads\/2022\/10\/cops-copese.jpg 952w, https:\/\/sites.uel.br\/pdi\/wp-content\/uploads\/2022\/10\/cops-copese-300x168.jpg 300w, https:\/\/sites.uel.br\/pdi\/wp-content\/uploads\/2022\/10\/cops-copese-768x429.jpg 768w\" sizes=\"auto, (max-width: 952px) 100vw, 952px\" \/><\/a><\/figure>\n<\/figure>\n<\/div>\n\n\n\n<div class=\"wp-block-column is-layout-flow wp-block-column-is-layout-flow\">\n<figure class=\"wp-block-gallery has-nested-images columns-default is-cropped wp-block-gallery-3 is-layout-flex wp-block-gallery-is-layout-flex\">\n<figure class=\"wp-block-image size-large\"><a href=\"https:\/\/sites.uel.br\/pdi\/cops-diretoria-pedagogica\/\"><img loading=\"lazy\" decoding=\"async\" width=\"952\" height=\"532\" data-id=\"1661\" src=\"https:\/\/sites.uel.br\/pdi\/wp-content\/uploads\/2022\/10\/cops-diretoria-pegagogica.jpg\" alt=\"\" class=\"wp-image-1661\" srcset=\"https:\/\/sites.uel.br\/pdi\/wp-content\/uploads\/2022\/10\/cops-diretoria-pegagogica.jpg 952w, https:\/\/sites.uel.br\/pdi\/wp-content\/uploads\/2022\/10\/cops-diretoria-pegagogica-300x168.jpg 300w, https:\/\/sites.uel.br\/pdi\/wp-content\/uploads\/2022\/10\/cops-diretoria-pegagogica-768x429.jpg 768w\" sizes=\"auto, (max-width: 952px) 100vw, 952px\" \/><\/a><\/figure>\n<\/figure>\n<\/div>\n<\/div>\n\n\n\n<div class=\"wp-block-columns is-layout-flex wp-container-core-columns-is-layout-9d6595d7 wp-block-columns-is-layout-flex\">\n<div class=\"wp-block-column is-layout-flow wp-block-column-is-layout-flow\">\n<figure class=\"wp-block-gallery has-nested-images columns-default is-cropped wp-block-gallery-4 is-layout-flex wp-block-gallery-is-layout-flex\">\n<figure class=\"wp-block-image size-large\"><a href=\"https:\/\/sites.uel.br\/pdi\/cops-diretoria-administrativa-2\/\"><img loading=\"lazy\" decoding=\"async\" width=\"952\" height=\"532\" data-id=\"1659\" src=\"https:\/\/sites.uel.br\/pdi\/wp-content\/uploads\/2022\/10\/cops-diretoria-administrativa.jpg\" alt=\"\" class=\"wp-image-1659\" srcset=\"https:\/\/sites.uel.br\/pdi\/wp-content\/uploads\/2022\/10\/cops-diretoria-administrativa.jpg 952w, https:\/\/sites.uel.br\/pdi\/wp-content\/uploads\/2022\/10\/cops-diretoria-administrativa-300x168.jpg 300w, https:\/\/sites.uel.br\/pdi\/wp-content\/uploads\/2022\/10\/cops-diretoria-administrativa-768x429.jpg 768w\" sizes=\"auto, (max-width: 952px) 100vw, 952px\" \/><\/a><\/figure>\n<\/figure>\n<\/div>\n\n\n\n<div class=\"wp-block-column is-layout-flow wp-block-column-is-layout-flow\">\n<figure class=\"wp-block-gallery has-nested-images columns-default is-cropped wp-block-gallery-5 is-layout-flex wp-block-gallery-is-layout-flex\">\n<figure class=\"wp-block-image size-large\"><a href=\"https:\/\/sites.uel.br\/pdi\/cops-diretoria-de-desenvolvimento-de-informatica\/\"><img loading=\"lazy\" decoding=\"async\" width=\"952\" height=\"532\" data-id=\"1660\" src=\"https:\/\/sites.uel.br\/pdi\/wp-content\/uploads\/2022\/10\/cops-diretoria-desenvolvimento.jpg\" alt=\"\" class=\"wp-image-1660\" srcset=\"https:\/\/sites.uel.br\/pdi\/wp-content\/uploads\/2022\/10\/cops-diretoria-desenvolvimento.jpg 952w, https:\/\/sites.uel.br\/pdi\/wp-content\/uploads\/2022\/10\/cops-diretoria-desenvolvimento-300x168.jpg 300w, https:\/\/sites.uel.br\/pdi\/wp-content\/uploads\/2022\/10\/cops-diretoria-desenvolvimento-768x429.jpg 768w\" sizes=\"auto, (max-width: 952px) 100vw, 952px\" \/><\/a><\/figure>\n<\/figure>\n<\/div>\n\n\n\n<div class=\"wp-block-column is-layout-flow wp-block-column-is-layout-flow\">\n<figure class=\"wp-block-gallery has-nested-images columns-default is-cropped wp-block-gallery-6 is-layout-flex wp-block-gallery-is-layout-flex\"><\/figure>\n<\/div>\n<\/div>\n","protected":false},"excerpt":{"rendered":"<p>. A Coordenadoria de Processos Seletivos \u00e9 o \u00f3rg\u00e3o respons\u00e1vel pelo planejamento, coordena\u00e7\u00e3o, supervis\u00e3o, execu\u00e7\u00e3o e avalia\u00e7\u00e3o dos processos seletivos para ingresso nos cursos de gradua\u00e7\u00e3o. A Coordenadoria de Processos Seletivos (COPS) poder\u00e1 realizar outros processos de sele\u00e7\u00e3o e admiss\u00e3o no \u00e2mbito interno da Universidade e para entidades externas, de acordo com proposi\u00e7\u00f5es que venham [&hellip;]<\/p>\n","protected":false},"author":8,"featured_media":0,"parent":0,"menu_order":0,"comment_status":"closed","ping_status":"closed","template":"","meta":{"footnotes":""},"class_list":["post-1665","page","type-page","status-publish","hentry"],"acf":[],"_links":{"self":[{"href":"https:\/\/sites.uel.br\/pdi\/wp-json\/wp\/v2\/pages\/1665","targetHints":{"allow":["GET"]}}],"collection":[{"href":"https:\/\/sites.uel.br\/pdi\/wp-json\/wp\/v2\/pages"}],"about":[{"href":"https:\/\/sites.uel.br\/pdi\/wp-json\/wp\/v2\/types\/page"}],"author":[{"embeddable":true,"href":"https:\/\/sites.uel.br\/pdi\/wp-json\/wp\/v2\/users\/8"}],"replies":[{"embeddable":true,"href":"https:\/\/sites.uel.br\/pdi\/wp-json\/wp\/v2\/comments?post=1665"}],"version-history":[{"count":3,"href":"https:\/\/sites.uel.br\/pdi\/wp-json\/wp\/v2\/pages\/1665\/revisions"}],"predecessor-version":[{"id":1681,"href":"https:\/\/sites.uel.br\/pdi\/wp-json\/wp\/v2\/pages\/1665\/revisions\/1681"}],"wp:attachment":[{"href":"https:\/\/sites.uel.br\/pdi\/wp-json\/wp\/v2\/media?parent=1665"}],"curies":[{"name":"wp","href":"https:\/\/api.w.org\/{rel}","templated":true}]}}