{"id":1662,"date":"2022-10-20T17:21:54","date_gmt":"2022-10-20T20:21:54","guid":{"rendered":"https:\/\/sites.uel.br\/pdi\/?page_id=1662"},"modified":"2022-10-20T17:37:17","modified_gmt":"2022-10-20T20:37:17","slug":"coordenadorias","status":"publish","type":"page","link":"https:\/\/sites.uel.br\/pdi\/coordenadorias\/","title":{"rendered":"Coordenadorias"},"content":{"rendered":"\n<p class=\"has-white-color has-text-color\">.<\/p>\n\n\n\n<p>As Coordenadorias, dirigidas por Coordenadores, s\u00e3o \u00f3rg\u00e3os que desenvolvem trabalhos espec\u00edficos de execu\u00e7\u00e3o e controle de atividades relacionadas com os fins pr\u00f3prios e espec\u00edficos da Reitoria.<\/p>\n","protected":false},"excerpt":{"rendered":"<p>. As Coordenadorias, dirigidas por Coordenadores, s\u00e3o \u00f3rg\u00e3os que desenvolvem trabalhos espec\u00edficos de execu\u00e7\u00e3o e controle de atividades relacionadas com os fins pr\u00f3prios e espec\u00edficos da Reitoria.<\/p>\n","protected":false},"author":8,"featured_media":0,"parent":0,"menu_order":0,"comment_status":"closed","ping_status":"closed","template":"","meta":{"footnotes":""},"class_list":["post-1662","page","type-page","status-publish","hentry"],"acf":[],"_links":{"self":[{"href":"https:\/\/sites.uel.br\/pdi\/wp-json\/wp\/v2\/pages\/1662","targetHints":{"allow":["GET"]}}],"collection":[{"href":"https:\/\/sites.uel.br\/pdi\/wp-json\/wp\/v2\/pages"}],"about":[{"href":"https:\/\/sites.uel.br\/pdi\/wp-json\/wp\/v2\/types\/page"}],"author":[{"embeddable":true,"href":"https:\/\/sites.uel.br\/pdi\/wp-json\/wp\/v2\/users\/8"}],"replies":[{"embeddable":true,"href":"https:\/\/sites.uel.br\/pdi\/wp-json\/wp\/v2\/comments?post=1662"}],"version-history":[{"count":2,"href":"https:\/\/sites.uel.br\/pdi\/wp-json\/wp\/v2\/pages\/1662\/revisions"}],"predecessor-version":[{"id":1680,"href":"https:\/\/sites.uel.br\/pdi\/wp-json\/wp\/v2\/pages\/1662\/revisions\/1680"}],"wp:attachment":[{"href":"https:\/\/sites.uel.br\/pdi\/wp-json\/wp\/v2\/media?parent=1662"}],"curies":[{"name":"wp","href":"https:\/\/api.w.org\/{rel}","templated":true}]}}