{"id":166,"date":"2022-09-07T14:16:57","date_gmt":"2022-09-07T17:16:57","guid":{"rendered":"https:\/\/sites.uel.br\/pdi\/?page_id=166"},"modified":"2022-09-07T14:16:57","modified_gmt":"2022-09-07T17:16:57","slug":"eixo-tematico-ix-avaliacao-e-acompanhamento-do-desenvolvimento-institucional","status":"publish","type":"page","link":"https:\/\/sites.uel.br\/pdi\/eixo-tematico-ix-avaliacao-e-acompanhamento-do-desenvolvimento-institucional\/","title":{"rendered":"Eixo Tem\u00e1tico IX &#8211; AVALIA\u00c7\u00c3O E ACOMPANHAMENTO DO DESENVOLVIMENTO INSTITUCIONAL"},"content":{"rendered":"\n<p class=\"has-text-color\" style=\"color:#fefefe\">&#8211;<\/p>\n\n\n\n<p>A respeito do Eixo Tem\u00e1tico IX \u2013 Avalia\u00e7\u00e3o e Acompanhamento do Desenvolvimento Institucional, os marcos legais e os documentos considerados para a elabora\u00e7\u00e3o deste PDI recomendaram evidenciar os seguintes t\u00f3picos:&nbsp;<\/p>\n\n\n\n<ul class=\"wp-block-list\"><li>autoavalia\u00e7\u00e3o institucional;\u00a0<\/li><li>informa\u00e7\u00f5es e elementos avaliativos constantes do roteiro comum de base nacional;\u00a0<\/li><li>a\u00e7\u00f5es que a institui\u00e7\u00e3o pretende empreender em decorr\u00eancia do processo de autoavalia\u00e7\u00e3o (an\u00e1lises administrativas, pol\u00edticas e pedag\u00f3gicas);\u00a0<\/li><li>descri\u00e7\u00e3o da identifica\u00e7\u00e3o dos meios e recursos necess\u00e1rios para a realiza\u00e7\u00e3o de melhorias;\u00a0<\/li><li>avalia\u00e7\u00e3o de acertos e equ\u00edvocos do processo de autoavalia\u00e7\u00e3o;\u00a0<\/li><li>descritivo dos procedimentos utilizados para a realiza\u00e7\u00e3o da autoavalia\u00e7\u00e3o institucional;\u00a0<\/li><li>destaques em rela\u00e7\u00e3o \u00e0 autoavalia\u00e7\u00e3o institucional (processo global de regula\u00e7\u00e3o e avalia\u00e7\u00e3o, roteiro geral proposto em n\u00edvel nacional, reflex\u00e3o permanente sobre as a\u00e7\u00f5es nas diferentes dimens\u00f5es em que atua, alcance a todos os segmentos da comunidade acad\u00eamica, participa\u00e7\u00e3o da sociedade civil e necessidades das comunidades interna e externa);\u00a0<\/li><li>descri\u00e7\u00e3o dos procedimentos metodol\u00f3gicos (coleta, processamento, an\u00e1lise, divulga\u00e7\u00e3o, estrat\u00e9gias e a\u00e7\u00f5es de melhoria); e,\u00a0<\/li><li>autoavalia\u00e7\u00e3o cr\u00edtica (ferramentas, dificuldades e pontos fortes).<\/li><\/ul>\n","protected":false},"excerpt":{"rendered":"<p>&#8211; A respeito do Eixo Tem\u00e1tico IX \u2013 Avalia\u00e7\u00e3o e Acompanhamento do Desenvolvimento Institucional, os marcos legais e os documentos considerados para a elabora\u00e7\u00e3o deste PDI recomendaram evidenciar os seguintes t\u00f3picos:&nbsp; autoavalia\u00e7\u00e3o institucional;\u00a0 informa\u00e7\u00f5es e elementos avaliativos constantes do roteiro comum de base nacional;\u00a0 a\u00e7\u00f5es que a institui\u00e7\u00e3o pretende empreender em decorr\u00eancia do processo de [&hellip;]<\/p>\n","protected":false},"author":8,"featured_media":0,"parent":0,"menu_order":0,"comment_status":"closed","ping_status":"closed","template":"","meta":{"footnotes":""},"class_list":["post-166","page","type-page","status-publish","hentry"],"acf":[],"_links":{"self":[{"href":"https:\/\/sites.uel.br\/pdi\/wp-json\/wp\/v2\/pages\/166","targetHints":{"allow":["GET"]}}],"collection":[{"href":"https:\/\/sites.uel.br\/pdi\/wp-json\/wp\/v2\/pages"}],"about":[{"href":"https:\/\/sites.uel.br\/pdi\/wp-json\/wp\/v2\/types\/page"}],"author":[{"embeddable":true,"href":"https:\/\/sites.uel.br\/pdi\/wp-json\/wp\/v2\/users\/8"}],"replies":[{"embeddable":true,"href":"https:\/\/sites.uel.br\/pdi\/wp-json\/wp\/v2\/comments?post=166"}],"version-history":[{"count":1,"href":"https:\/\/sites.uel.br\/pdi\/wp-json\/wp\/v2\/pages\/166\/revisions"}],"predecessor-version":[{"id":169,"href":"https:\/\/sites.uel.br\/pdi\/wp-json\/wp\/v2\/pages\/166\/revisions\/169"}],"wp:attachment":[{"href":"https:\/\/sites.uel.br\/pdi\/wp-json\/wp\/v2\/media?parent=166"}],"curies":[{"name":"wp","href":"https:\/\/api.w.org\/{rel}","templated":true}]}}