{"id":1651,"date":"2022-10-20T14:41:23","date_gmt":"2022-10-20T17:41:23","guid":{"rendered":"https:\/\/sites.uel.br\/pdi\/?page_id=1651"},"modified":"2022-10-20T14:41:23","modified_gmt":"2022-10-20T17:41:23","slug":"pcu-diretoria-de-obras-e-manutencao","status":"publish","type":"page","link":"https:\/\/sites.uel.br\/pdi\/pcu-diretoria-de-obras-e-manutencao\/","title":{"rendered":"PCU &#8211; Diretoria de Obras e Manuten\u00e7\u00e3o"},"content":{"rendered":"\n<p class=\"has-white-color has-text-color\">.<\/p>\n\n\n\n<p>\u00c0 Diretoria de Obras e Manuten\u00e7\u00e3o compete:<\/p>\n\n\n\n<ul class=\"wp-block-list\"><li>executar os projetos de reformas, amplia\u00e7\u00e3o e melhoramento de im\u00f3veis, encaminhados pela Diretoria de Planejamento do Territ\u00f3rio e Edifica\u00e7\u00f5es da PROPLAN;<\/li><li>executar e coordenar os projetos de energia el\u00e9trica na \u00e1rea f\u00edsica da Universidade, encaminhados pela Diretoria de Planejamento do Territ\u00f3rio e Edifica\u00e7\u00f5es da PROPLAN;<\/li><li>executar servi\u00e7os de levantamento e an\u00e1lise sistem\u00e1tica das condi\u00e7\u00f5es de obsolesc\u00eancia dos edif\u00edcios, instala\u00e7\u00f5es hidr\u00e1ulicas, el\u00e9tricas e outras;<\/li><li>elaborar programas de manuten\u00e7\u00e3o preventiva e corretiva do patrim\u00f4nio imobili\u00e1rio da Universidade, definindo crit\u00e9rios t\u00e9cnicos de manuten\u00e7\u00e3o e elaborando os manuais de normas, procedimentos e rotinas necess\u00e1rios;<\/li><li>elaborar a estrat\u00e9gia de implanta\u00e7\u00e3o de programas de manuten\u00e7\u00e3o e reparos no patrim\u00f4nio imobili\u00e1rio da Universidade, visando a otimiza\u00e7\u00e3o de desempenho e recursos;<\/li><li>manter controle e arquivos de todos os trabalhos efetuados;<\/li><li>organizar e manter atualizadas as bases de pre\u00e7os unit\u00e1rios, visando a elabora\u00e7\u00e3o de or\u00e7amentos de obras a serem licitadas ou constru\u00eddas;<\/li><li>fiscalizar e controlar as obras contratadas com terceiros;<\/li><li>elaborar estudos, pareceres e per\u00edcias t\u00e9cnicas de sua compet\u00eancia;<\/li><li>realizar acompanhamento, supervis\u00e3o e avalia\u00e7\u00e3o t\u00e9cnica de obras;<\/li><li>executar obras, reformas e servi\u00e7os autorizados pela Diretoria de Planejamento do Territ\u00f3rio e Edifica\u00e7\u00f5es da PROPLAN;<\/li><li>executar servi\u00e7os de manuten\u00e7\u00e3o de pr\u00e9dios, de instala\u00e7\u00f5es, redes e outros elementos de infraestrutura;<\/li><li>efetuar o registro e controle f\u00edsico e de aplica\u00e7\u00e3o de materiais de constru\u00e7\u00e3o e manuten\u00e7\u00e3o n\u00e3o albergados no almoxarifado geral;<\/li><li>assessorar o prefeito do campus universit\u00e1rio nos assuntos de sua compet\u00eancia;<\/li><li>participar do Conselho Deliberativo da Prefeitura do Campus Universit\u00e1rio.<\/li><\/ul>\n","protected":false},"excerpt":{"rendered":"<p>. \u00c0 Diretoria de Obras e Manuten\u00e7\u00e3o compete: executar os projetos de reformas, amplia\u00e7\u00e3o e melhoramento de im\u00f3veis, encaminhados pela Diretoria de Planejamento do Territ\u00f3rio e Edifica\u00e7\u00f5es da PROPLAN; executar e coordenar os projetos de energia el\u00e9trica na \u00e1rea f\u00edsica da Universidade, encaminhados pela Diretoria de Planejamento do Territ\u00f3rio e Edifica\u00e7\u00f5es da PROPLAN; executar servi\u00e7os [&hellip;]<\/p>\n","protected":false},"author":8,"featured_media":0,"parent":0,"menu_order":0,"comment_status":"closed","ping_status":"closed","template":"","meta":{"footnotes":""},"class_list":["post-1651","page","type-page","status-publish","hentry"],"acf":[],"_links":{"self":[{"href":"https:\/\/sites.uel.br\/pdi\/wp-json\/wp\/v2\/pages\/1651","targetHints":{"allow":["GET"]}}],"collection":[{"href":"https:\/\/sites.uel.br\/pdi\/wp-json\/wp\/v2\/pages"}],"about":[{"href":"https:\/\/sites.uel.br\/pdi\/wp-json\/wp\/v2\/types\/page"}],"author":[{"embeddable":true,"href":"https:\/\/sites.uel.br\/pdi\/wp-json\/wp\/v2\/users\/8"}],"replies":[{"embeddable":true,"href":"https:\/\/sites.uel.br\/pdi\/wp-json\/wp\/v2\/comments?post=1651"}],"version-history":[{"count":1,"href":"https:\/\/sites.uel.br\/pdi\/wp-json\/wp\/v2\/pages\/1651\/revisions"}],"predecessor-version":[{"id":1652,"href":"https:\/\/sites.uel.br\/pdi\/wp-json\/wp\/v2\/pages\/1651\/revisions\/1652"}],"wp:attachment":[{"href":"https:\/\/sites.uel.br\/pdi\/wp-json\/wp\/v2\/media?parent=1651"}],"curies":[{"name":"wp","href":"https:\/\/api.w.org\/{rel}","templated":true}]}}