{"id":1649,"date":"2022-10-20T14:40:25","date_gmt":"2022-10-20T17:40:25","guid":{"rendered":"https:\/\/sites.uel.br\/pdi\/?page_id=1649"},"modified":"2022-10-20T14:40:25","modified_gmt":"2022-10-20T17:40:25","slug":"pcu-conselho-diretor","status":"publish","type":"page","link":"https:\/\/sites.uel.br\/pdi\/pcu-conselho-diretor\/","title":{"rendered":"PCU &#8211; Conselho Diretor"},"content":{"rendered":"\n<p class=\"has-white-color has-text-color\">.<\/p>\n\n\n\n<p>Ao Conselho Diretor compete:<\/p>\n\n\n\n<ul class=\"wp-block-list\"><li>elaborar a proposta de regimento interno da Prefeitura do Campus Universit\u00e1rio;<\/li><li>exercer a orienta\u00e7\u00e3o administrativa sobre a Prefeitura do Campus Universit\u00e1rio;<\/li><li>definir normas setoriais para elabora\u00e7\u00e3o da proposta or\u00e7ament\u00e1ria da Prefeitura do Campus Universit\u00e1rio;<\/li><li>estabelecer mecanismos de aplica\u00e7\u00e3o dos recursos da unidade, bem como o acompanhamento da execu\u00e7\u00e3o de seu or\u00e7amento;<\/li><li>deliberar sobre normas e procedimentos internos de ordem geral;<\/li><li>aprovar os relat\u00f3rios de presta\u00e7\u00e3o de contas e atividades do \u00f3rg\u00e3o;<\/li><li>emitir parecer sobre os contratos de loca\u00e7\u00f5es e utiliza\u00e7\u00e3o de \u00e1reas pertencentes ao Campus, por terceiros, para presta\u00e7\u00e3o de servi\u00e7os.<\/li><\/ul>\n","protected":false},"excerpt":{"rendered":"<p>. Ao Conselho Diretor compete: elaborar a proposta de regimento interno da Prefeitura do Campus Universit\u00e1rio; exercer a orienta\u00e7\u00e3o administrativa sobre a Prefeitura do Campus Universit\u00e1rio; definir normas setoriais para elabora\u00e7\u00e3o da proposta or\u00e7ament\u00e1ria da Prefeitura do Campus Universit\u00e1rio; estabelecer mecanismos de aplica\u00e7\u00e3o dos recursos da unidade, bem como o acompanhamento da execu\u00e7\u00e3o de seu [&hellip;]<\/p>\n","protected":false},"author":8,"featured_media":0,"parent":0,"menu_order":0,"comment_status":"closed","ping_status":"closed","template":"","meta":{"footnotes":""},"class_list":["post-1649","page","type-page","status-publish","hentry"],"acf":[],"_links":{"self":[{"href":"https:\/\/sites.uel.br\/pdi\/wp-json\/wp\/v2\/pages\/1649","targetHints":{"allow":["GET"]}}],"collection":[{"href":"https:\/\/sites.uel.br\/pdi\/wp-json\/wp\/v2\/pages"}],"about":[{"href":"https:\/\/sites.uel.br\/pdi\/wp-json\/wp\/v2\/types\/page"}],"author":[{"embeddable":true,"href":"https:\/\/sites.uel.br\/pdi\/wp-json\/wp\/v2\/users\/8"}],"replies":[{"embeddable":true,"href":"https:\/\/sites.uel.br\/pdi\/wp-json\/wp\/v2\/comments?post=1649"}],"version-history":[{"count":1,"href":"https:\/\/sites.uel.br\/pdi\/wp-json\/wp\/v2\/pages\/1649\/revisions"}],"predecessor-version":[{"id":1650,"href":"https:\/\/sites.uel.br\/pdi\/wp-json\/wp\/v2\/pages\/1649\/revisions\/1650"}],"wp:attachment":[{"href":"https:\/\/sites.uel.br\/pdi\/wp-json\/wp\/v2\/media?parent=1649"}],"curies":[{"name":"wp","href":"https:\/\/api.w.org\/{rel}","templated":true}]}}