{"id":1637,"date":"2022-10-20T13:59:23","date_gmt":"2022-10-20T16:59:23","guid":{"rendered":"https:\/\/sites.uel.br\/pdi\/?page_id=1637"},"modified":"2022-10-20T13:59:23","modified_gmt":"2022-10-20T16:59:23","slug":"proplan-diretoria-de-planejamento-do-territorio-e-edificacoes","status":"publish","type":"page","link":"https:\/\/sites.uel.br\/pdi\/proplan-diretoria-de-planejamento-do-territorio-e-edificacoes\/","title":{"rendered":"PROPLAN &#8211; Diretoria de Planejamento do Territ\u00f3rio e Edifica\u00e7\u00f5es"},"content":{"rendered":"\n<p class=\"has-white-color has-text-color\">.<\/p>\n\n\n\n<p>\u00c0 Diretoria de Planejamento do Territ\u00f3rio e Edifica\u00e7\u00f5es compete:<\/p>\n\n\n\n<ul class=\"wp-block-list\"><li>definir normas, padr\u00f5es e procedimentos relativos \u00e0 \u00e1rea de Engenharia e Arquitetura;<\/li><li>propor, desenvolver e gerenciar projetos de Engenharia e Arquitetura nos sistemas de infraestrutura e nas edifica\u00e7\u00f5es;<\/li><li>analisar as demandas de constru\u00e7\u00e3o, reforma e amplia\u00e7\u00e3o de espa\u00e7o f\u00edsico;<\/li><li>diagnosticar defici\u00eancias e potencialidades de espa\u00e7o f\u00edsico;<\/li><li>organizar dados, manter atualizadas informa\u00e7\u00f5es t\u00e9cnicas e par\u00e2metros f\u00edsicos para alimenta\u00e7\u00e3o do banco de dados, dentro de sua \u00e1rea de atua\u00e7\u00e3o;<\/li><li>organizar e manter a documenta\u00e7\u00e3o t\u00e9cnica e profissional da diretoria;<\/li><li>manter atualizado o cadastro f\u00edsico-territorial da Universidade;<\/li><li>elaborar estudos de viabilidade t\u00e9cnica e preliminar e anteprojeto de arquitetura;<\/li><li>organizar e manter o sistema de geoprocessamento para subsidiar decis\u00f5es institucionais;<\/li><li>gerenciar contratos de projetos de arquitetura e engenharia;<\/li><li>providenciar aprova\u00e7\u00e3o de projetos de arquitetura e engenharia nos \u00f3rg\u00e3os competentes e o respectivo habite-se.<\/li><\/ul>\n","protected":false},"excerpt":{"rendered":"<p>. \u00c0 Diretoria de Planejamento do Territ\u00f3rio e Edifica\u00e7\u00f5es compete: definir normas, padr\u00f5es e procedimentos relativos \u00e0 \u00e1rea de Engenharia e Arquitetura; propor, desenvolver e gerenciar projetos de Engenharia e Arquitetura nos sistemas de infraestrutura e nas edifica\u00e7\u00f5es; analisar as demandas de constru\u00e7\u00e3o, reforma e amplia\u00e7\u00e3o de espa\u00e7o f\u00edsico; diagnosticar defici\u00eancias e potencialidades de espa\u00e7o [&hellip;]<\/p>\n","protected":false},"author":8,"featured_media":0,"parent":0,"menu_order":0,"comment_status":"closed","ping_status":"closed","template":"","meta":{"footnotes":""},"class_list":["post-1637","page","type-page","status-publish","hentry"],"acf":[],"_links":{"self":[{"href":"https:\/\/sites.uel.br\/pdi\/wp-json\/wp\/v2\/pages\/1637","targetHints":{"allow":["GET"]}}],"collection":[{"href":"https:\/\/sites.uel.br\/pdi\/wp-json\/wp\/v2\/pages"}],"about":[{"href":"https:\/\/sites.uel.br\/pdi\/wp-json\/wp\/v2\/types\/page"}],"author":[{"embeddable":true,"href":"https:\/\/sites.uel.br\/pdi\/wp-json\/wp\/v2\/users\/8"}],"replies":[{"embeddable":true,"href":"https:\/\/sites.uel.br\/pdi\/wp-json\/wp\/v2\/comments?post=1637"}],"version-history":[{"count":1,"href":"https:\/\/sites.uel.br\/pdi\/wp-json\/wp\/v2\/pages\/1637\/revisions"}],"predecessor-version":[{"id":1638,"href":"https:\/\/sites.uel.br\/pdi\/wp-json\/wp\/v2\/pages\/1637\/revisions\/1638"}],"wp:attachment":[{"href":"https:\/\/sites.uel.br\/pdi\/wp-json\/wp\/v2\/media?parent=1637"}],"curies":[{"name":"wp","href":"https:\/\/api.w.org\/{rel}","templated":true}]}}