{"id":1635,"date":"2022-10-20T13:58:19","date_gmt":"2022-10-20T16:58:19","guid":{"rendered":"https:\/\/sites.uel.br\/pdi\/?page_id=1635"},"modified":"2022-10-20T13:58:19","modified_gmt":"2022-10-20T16:58:19","slug":"proplan-diretoria-de-avaliacao-e-informacao-institucional","status":"publish","type":"page","link":"https:\/\/sites.uel.br\/pdi\/proplan-diretoria-de-avaliacao-e-informacao-institucional\/","title":{"rendered":"PROPLAN &#8211; Diretoria de Avalia\u00e7\u00e3o e Informa\u00e7\u00e3o Institucional"},"content":{"rendered":"\n<p class=\"has-white-color has-text-color\">.<\/p>\n\n\n\n<p>\u00c0 Diretoria de Avalia\u00e7\u00e3o e Informa\u00e7\u00e3o Institucional compete:<\/p>\n\n\n\n<ul class=\"wp-block-list\"><li>manter e divulgar dados atualizados sobre a produ\u00e7\u00e3o da natureza did\u00e1tico-cient\u00edfica e t\u00e9cnico-administrativa da Institui\u00e7\u00e3o;<\/li><li>acompanhar e divulgar as normatiza\u00e7\u00f5es e orienta\u00e7\u00f5es de n\u00edveis Federal e Estadual;<\/li><li>acompanhar a evolu\u00e7\u00e3o institucional atrav\u00e9s de indicadores, recomendando medidas que aprimorem a qualidade da atua\u00e7\u00e3o da Universidade;<\/li><li>propor e analisar instrumentos para elabora\u00e7\u00e3o do diagn\u00f3stico objetivando o aprimoramento da Institui\u00e7\u00e3o;<\/li><li>articular, com \u00e1reas e \u00f3rg\u00e3os envolvidos, a\u00e7\u00f5es de melhoria sobre os dados acad\u00eamicos levantados;<\/li><li>contribuir para o desenvolvimento de uma cultura de avalia\u00e7\u00e3o na Institui\u00e7\u00e3o;<\/li><li>emitir parecer sobre assuntos de avalia\u00e7\u00e3o acad\u00eamica, subsidiados por normativas do MEC\/INEP e outros \u00f3rg\u00e3os regulat\u00f3rios, a fim de subsidiar as decis\u00f5es institucionais;<\/li><li>subsidiar a Comiss\u00e3o Permanente de Avalia\u00e7\u00e3o (CPA) quanto \u00e0s informa\u00e7\u00f5es institucionais de que necessite;<\/li><li>coordenar a elabora\u00e7\u00e3o do Plano de Desenvolvimento Institucional.<\/li><\/ul>\n","protected":false},"excerpt":{"rendered":"<p>. \u00c0 Diretoria de Avalia\u00e7\u00e3o e Informa\u00e7\u00e3o Institucional compete: manter e divulgar dados atualizados sobre a produ\u00e7\u00e3o da natureza did\u00e1tico-cient\u00edfica e t\u00e9cnico-administrativa da Institui\u00e7\u00e3o; acompanhar e divulgar as normatiza\u00e7\u00f5es e orienta\u00e7\u00f5es de n\u00edveis Federal e Estadual; acompanhar a evolu\u00e7\u00e3o institucional atrav\u00e9s de indicadores, recomendando medidas que aprimorem a qualidade da atua\u00e7\u00e3o da Universidade; propor e [&hellip;]<\/p>\n","protected":false},"author":8,"featured_media":0,"parent":0,"menu_order":0,"comment_status":"closed","ping_status":"closed","template":"","meta":{"footnotes":""},"class_list":["post-1635","page","type-page","status-publish","hentry"],"acf":[],"_links":{"self":[{"href":"https:\/\/sites.uel.br\/pdi\/wp-json\/wp\/v2\/pages\/1635","targetHints":{"allow":["GET"]}}],"collection":[{"href":"https:\/\/sites.uel.br\/pdi\/wp-json\/wp\/v2\/pages"}],"about":[{"href":"https:\/\/sites.uel.br\/pdi\/wp-json\/wp\/v2\/types\/page"}],"author":[{"embeddable":true,"href":"https:\/\/sites.uel.br\/pdi\/wp-json\/wp\/v2\/users\/8"}],"replies":[{"embeddable":true,"href":"https:\/\/sites.uel.br\/pdi\/wp-json\/wp\/v2\/comments?post=1635"}],"version-history":[{"count":1,"href":"https:\/\/sites.uel.br\/pdi\/wp-json\/wp\/v2\/pages\/1635\/revisions"}],"predecessor-version":[{"id":1636,"href":"https:\/\/sites.uel.br\/pdi\/wp-json\/wp\/v2\/pages\/1635\/revisions\/1636"}],"wp:attachment":[{"href":"https:\/\/sites.uel.br\/pdi\/wp-json\/wp\/v2\/media?parent=1635"}],"curies":[{"name":"wp","href":"https:\/\/api.w.org\/{rel}","templated":true}]}}