{"id":1621,"date":"2022-10-20T12:47:11","date_gmt":"2022-10-20T15:47:11","guid":{"rendered":"https:\/\/sites.uel.br\/pdi\/?page_id=1621"},"modified":"2022-10-20T12:47:11","modified_gmt":"2022-10-20T15:47:11","slug":"prorh-diretoria-de-registro-remuneracao-e-beneficio","status":"publish","type":"page","link":"https:\/\/sites.uel.br\/pdi\/prorh-diretoria-de-registro-remuneracao-e-beneficio\/","title":{"rendered":"PRORH &#8211; Diretoria de Registro, Remunera\u00e7\u00e3o e Benef\u00edcio"},"content":{"rendered":"\n<p class=\"has-white-color has-text-color\">.<\/p>\n\n\n\n<p>\u00c0 Diretoria de Registro, Remunera\u00e7\u00e3o e Benef\u00edcio compete:<\/p>\n\n\n\n<ul class=\"wp-block-list\"><li>cadastrar, registrar e manter atualizadas as ocorr\u00eancias relacionadas com a vida funcional e acad\u00eamicas de cada servidor;<\/li><li>processar no tempo devido as informa\u00e7\u00f5es exigidas pelos \u00f3rg\u00e3os oficiais, com base na legisla\u00e7\u00e3o vigente;<\/li><li>emitir declara\u00e7\u00f5es, certid\u00f5es e outros documentos referentes \u00e0 vida funcional dos servidores;<\/li><li>controlar e processar as guias de recolhimento dos encargos sociais;<\/li><li>efetuar o acompanhamento do controle de presen\u00e7a dos servidores da Universidade, para efeitos legais sobre sal\u00e1rio, f\u00e9rias, regime disciplinar e outros;<\/li><li>administrar, controlar e processar as folhas de pagamento dos servidores, em todas as suas etapas, em conson\u00e2ncia com a Assessoria T\u00e9cnica da PRORH;<\/li><li>acompanhar as publica\u00e7\u00f5es de leis, decretos e resolu\u00e7\u00f5es e outros documentos relativos aos procedimentos administrativos;<\/li><li>montar, instruir e acompanhar os processos de aposentadorias, do abono de perman\u00eancia e a emiss\u00e3o de certid\u00e3o de tempo de contribui\u00e7\u00e3o, bem como orientar os servidores a respeito dos procedimentos que envolvem todo o processo;<\/li><li>receber, analisar e instruir processos de compet\u00eancia da Diretoria;<\/li><li>assessorar o Pr\u00f3-Reitor nos assuntos de sua compet\u00eancia.<\/li><\/ul>\n","protected":false},"excerpt":{"rendered":"<p>. \u00c0 Diretoria de Registro, Remunera\u00e7\u00e3o e Benef\u00edcio compete: cadastrar, registrar e manter atualizadas as ocorr\u00eancias relacionadas com a vida funcional e acad\u00eamicas de cada servidor; processar no tempo devido as informa\u00e7\u00f5es exigidas pelos \u00f3rg\u00e3os oficiais, com base na legisla\u00e7\u00e3o vigente; emitir declara\u00e7\u00f5es, certid\u00f5es e outros documentos referentes \u00e0 vida funcional dos servidores; controlar e [&hellip;]<\/p>\n","protected":false},"author":8,"featured_media":0,"parent":0,"menu_order":0,"comment_status":"closed","ping_status":"closed","template":"","meta":{"footnotes":""},"class_list":["post-1621","page","type-page","status-publish","hentry"],"acf":[],"_links":{"self":[{"href":"https:\/\/sites.uel.br\/pdi\/wp-json\/wp\/v2\/pages\/1621","targetHints":{"allow":["GET"]}}],"collection":[{"href":"https:\/\/sites.uel.br\/pdi\/wp-json\/wp\/v2\/pages"}],"about":[{"href":"https:\/\/sites.uel.br\/pdi\/wp-json\/wp\/v2\/types\/page"}],"author":[{"embeddable":true,"href":"https:\/\/sites.uel.br\/pdi\/wp-json\/wp\/v2\/users\/8"}],"replies":[{"embeddable":true,"href":"https:\/\/sites.uel.br\/pdi\/wp-json\/wp\/v2\/comments?post=1621"}],"version-history":[{"count":1,"href":"https:\/\/sites.uel.br\/pdi\/wp-json\/wp\/v2\/pages\/1621\/revisions"}],"predecessor-version":[{"id":1622,"href":"https:\/\/sites.uel.br\/pdi\/wp-json\/wp\/v2\/pages\/1621\/revisions\/1622"}],"wp:attachment":[{"href":"https:\/\/sites.uel.br\/pdi\/wp-json\/wp\/v2\/media?parent=1621"}],"curies":[{"name":"wp","href":"https:\/\/api.w.org\/{rel}","templated":true}]}}