{"id":162,"date":"2022-09-07T14:15:59","date_gmt":"2022-09-07T17:15:59","guid":{"rendered":"https:\/\/sites.uel.br\/pdi\/?page_id=162"},"modified":"2022-09-07T14:15:59","modified_gmt":"2022-09-07T17:15:59","slug":"eixo-tematico-viii-infraestrutura","status":"publish","type":"page","link":"https:\/\/sites.uel.br\/pdi\/eixo-tematico-viii-infraestrutura\/","title":{"rendered":"Eixo Tem\u00e1tico VIII &#8211; INFRAESTRUTURA"},"content":{"rendered":"\n<p class=\"has-white-color has-text-color\">&#8211;<\/p>\n\n\n\n<p>Sobre o Eixo Tem\u00e1tico VIII \u2013 Infraestrutura, segundo orienta\u00e7\u00e3o extra\u00edda dos marcos legais e dos documentos de refer\u00eancia citados, foram priorizados os t\u00f3picos elencados em sequ\u00eancia:&nbsp;<\/p>\n\n\n\n<ul class=\"wp-block-list\"><li>infraestrutura f\u00edsica (salas de aula, bibliotecas, laborat\u00f3rios, instala\u00e7\u00f5es administrativas, salas de docentes, coordena\u00e7\u00f5es, \u00e1reas de lazer e outras instala\u00e7\u00f5es);&nbsp;<\/li><li>bibliotecas (acervo por \u00e1rea de conhecimento, espa\u00e7o f\u00edsico para estudos, hor\u00e1rio de funcionamento, pessoal t\u00e9cnico-administrativo, servi\u00e7os oferecidos, atualiza\u00e7\u00e3o do acervo, cronograma para extens\u00e3o do acervo);&nbsp;<\/li><li>laborat\u00f3rios (instala\u00e7\u00f5es e equipamentos existentes e a serem adquiridos, correla\u00e7\u00e3o pedag\u00f3gica, recursos, rela\u00e7\u00e3o equipamento\/aluno, inova\u00e7\u00f5es tecnol\u00f3gicas);&nbsp;<\/li><li>recursos tecnol\u00f3gicos de audiovisual;&nbsp;<\/li><li>plano de promo\u00e7\u00e3o e acessibilidade e de atendimento diferenciado aos portadores de necessidades especiais; e,&nbsp;<\/li><li>cronograma de expans\u00e3o da infraestrutura.<\/li><\/ul>\n","protected":false},"excerpt":{"rendered":"<p>&#8211; Sobre o Eixo Tem\u00e1tico VIII \u2013 Infraestrutura, segundo orienta\u00e7\u00e3o extra\u00edda dos marcos legais e dos documentos de refer\u00eancia citados, foram priorizados os t\u00f3picos elencados em sequ\u00eancia:&nbsp; infraestrutura f\u00edsica (salas de aula, bibliotecas, laborat\u00f3rios, instala\u00e7\u00f5es administrativas, salas de docentes, coordena\u00e7\u00f5es, \u00e1reas de lazer e outras instala\u00e7\u00f5es);&nbsp; bibliotecas (acervo por \u00e1rea de conhecimento, espa\u00e7o f\u00edsico para [&hellip;]<\/p>\n","protected":false},"author":8,"featured_media":0,"parent":0,"menu_order":0,"comment_status":"closed","ping_status":"closed","template":"","meta":{"footnotes":""},"class_list":["post-162","page","type-page","status-publish","hentry"],"acf":[],"_links":{"self":[{"href":"https:\/\/sites.uel.br\/pdi\/wp-json\/wp\/v2\/pages\/162","targetHints":{"allow":["GET"]}}],"collection":[{"href":"https:\/\/sites.uel.br\/pdi\/wp-json\/wp\/v2\/pages"}],"about":[{"href":"https:\/\/sites.uel.br\/pdi\/wp-json\/wp\/v2\/types\/page"}],"author":[{"embeddable":true,"href":"https:\/\/sites.uel.br\/pdi\/wp-json\/wp\/v2\/users\/8"}],"replies":[{"embeddable":true,"href":"https:\/\/sites.uel.br\/pdi\/wp-json\/wp\/v2\/comments?post=162"}],"version-history":[{"count":1,"href":"https:\/\/sites.uel.br\/pdi\/wp-json\/wp\/v2\/pages\/162\/revisions"}],"predecessor-version":[{"id":165,"href":"https:\/\/sites.uel.br\/pdi\/wp-json\/wp\/v2\/pages\/162\/revisions\/165"}],"wp:attachment":[{"href":"https:\/\/sites.uel.br\/pdi\/wp-json\/wp\/v2\/media?parent=162"}],"curies":[{"name":"wp","href":"https:\/\/api.w.org\/{rel}","templated":true}]}}