{"id":1619,"date":"2022-10-20T12:46:17","date_gmt":"2022-10-20T15:46:17","guid":{"rendered":"https:\/\/sites.uel.br\/pdi\/?page_id=1619"},"modified":"2022-10-20T12:46:17","modified_gmt":"2022-10-20T15:46:17","slug":"prorh-diretoria-de-selecao-e-desenvolvimento","status":"publish","type":"page","link":"https:\/\/sites.uel.br\/pdi\/prorh-diretoria-de-selecao-e-desenvolvimento\/","title":{"rendered":"PRORH &#8211; Diretoria de Sele\u00e7\u00e3o e Desenvolvimento"},"content":{"rendered":"\n<p class=\"has-text-color\" style=\"color:#fefefe\">.<\/p>\n\n\n\n<p>\u00c0 Diretoria de Sele\u00e7\u00e3o e Desenvolvimento compete:<\/p>\n\n\n\n<ul class=\"wp-block-list\"><li>propor aos \u00f3rg\u00e3os superiores as pol\u00edticas de recursos humanos centradas na profissionaliza\u00e7\u00e3o dos servidores;<\/li><li>planejar, gerenciar e controlar os quadros de cargos e fun\u00e7\u00f5es dos \u00f3rg\u00e3os da Universidade;<\/li><li>planejar e realizar os programas de treinamento e desenvolvimento de recursos humanos;<\/li><li>emitir parecer sobre as altera\u00e7\u00f5es legais dos Quadros de Carreiras, Cargos e Sal\u00e1rios do Pessoal da Universidade Estadual de Londrina;<\/li><li>dar suporte t\u00e9cnico na an\u00e1lise e avalia\u00e7\u00e3o das necessidades de pessoal docentes;<\/li><li>propiciar meios t\u00e9cnicos e administrativos para que as Comiss\u00f5es de Sele\u00e7\u00e3o, Avalia\u00e7\u00e3o e Capacita\u00e7\u00e3o possam desincumbir-se de suas tarefas;<\/li><li>planejar e executar o recrutamento e sele\u00e7\u00e3o do pessoal t\u00e9cnico administrativo e docente;<\/li><li>sistematizar o acompanhamento das atividades do pessoal da Universidade, visando \u00e0 elabora\u00e7\u00e3o e execu\u00e7\u00e3o de programas de readapta\u00e7\u00e3o e readequa\u00e7\u00e3o funcionais;<\/li><li>cadastrar, registrar e manter atualizadas as ocorr\u00eancias relacionadas com a vida funcional e acad\u00eamicas de cada servidor;<\/li><li>emitir pareceres considerando as legisla\u00e7\u00f5es internas e externas em mat\u00e9ria de recursos humanos;<\/li><li>receber, analisar e instruir processos de compet\u00eancia da Diretoria;<\/li><li>assessorar o Pr\u00f3-Reitor nos assuntos de sua compet\u00eancia.<\/li><\/ul>\n","protected":false},"excerpt":{"rendered":"<p>. \u00c0 Diretoria de Sele\u00e7\u00e3o e Desenvolvimento compete: propor aos \u00f3rg\u00e3os superiores as pol\u00edticas de recursos humanos centradas na profissionaliza\u00e7\u00e3o dos servidores; planejar, gerenciar e controlar os quadros de cargos e fun\u00e7\u00f5es dos \u00f3rg\u00e3os da Universidade; planejar e realizar os programas de treinamento e desenvolvimento de recursos humanos; emitir parecer sobre as altera\u00e7\u00f5es legais dos [&hellip;]<\/p>\n","protected":false},"author":8,"featured_media":0,"parent":0,"menu_order":0,"comment_status":"closed","ping_status":"closed","template":"","meta":{"footnotes":""},"class_list":["post-1619","page","type-page","status-publish","hentry"],"acf":[],"_links":{"self":[{"href":"https:\/\/sites.uel.br\/pdi\/wp-json\/wp\/v2\/pages\/1619","targetHints":{"allow":["GET"]}}],"collection":[{"href":"https:\/\/sites.uel.br\/pdi\/wp-json\/wp\/v2\/pages"}],"about":[{"href":"https:\/\/sites.uel.br\/pdi\/wp-json\/wp\/v2\/types\/page"}],"author":[{"embeddable":true,"href":"https:\/\/sites.uel.br\/pdi\/wp-json\/wp\/v2\/users\/8"}],"replies":[{"embeddable":true,"href":"https:\/\/sites.uel.br\/pdi\/wp-json\/wp\/v2\/comments?post=1619"}],"version-history":[{"count":1,"href":"https:\/\/sites.uel.br\/pdi\/wp-json\/wp\/v2\/pages\/1619\/revisions"}],"predecessor-version":[{"id":1620,"href":"https:\/\/sites.uel.br\/pdi\/wp-json\/wp\/v2\/pages\/1619\/revisions\/1620"}],"wp:attachment":[{"href":"https:\/\/sites.uel.br\/pdi\/wp-json\/wp\/v2\/media?parent=1619"}],"curies":[{"name":"wp","href":"https:\/\/api.w.org\/{rel}","templated":true}]}}