{"id":1613,"date":"2022-10-20T12:30:02","date_gmt":"2022-10-20T15:30:02","guid":{"rendered":"https:\/\/sites.uel.br\/pdi\/?page_id=1613"},"modified":"2022-10-20T12:30:02","modified_gmt":"2022-10-20T15:30:02","slug":"proaf-diretoria-de-materiais","status":"publish","type":"page","link":"https:\/\/sites.uel.br\/pdi\/proaf-diretoria-de-materiais\/","title":{"rendered":"PROAF &#8211; Diretoria de Materiais"},"content":{"rendered":"\n<p class=\"has-white-color has-text-color\">.<\/p>\n\n\n\n<p>\u00c0 Diretoria de Material compete:<\/p>\n\n\n\n<ul class=\"wp-block-list\"><li>estabelecer cronogramas e prazos visando \u00e0 programa\u00e7\u00e3o das aquisi\u00e7\u00f5es, mediante as disponibilidades or\u00e7amentarias que s\u00e3o efetivadas por meio de requisi\u00e7\u00f5es do sistema SICOR, podendo estipular o calend\u00e1rio de prazos m\u00e1ximos para os requerimentos de compras e emiss\u00e3o de empenho;<\/li><li>processar as compras, receber, estocar e distribuir materiais;<\/li><li>cumprir e fazer cumprir as normas de padroniza\u00e7\u00e3o de materiais e de compras, inclusive nos casos de importa\u00e7\u00e3o;<\/li><li>representar a Universidade junto aos fornecedores nacionais e estrangeiros;<\/li><li>promover o certame licitat\u00f3rio de aliena\u00e7\u00e3o das sobras, sucatas, materiais em desuso, obsoletos ou inserv\u00edveis;<\/li><li>realizar os certames licitat\u00f3rios relativos \u00e0s compras de materiais, contrata\u00e7\u00f5es de servi\u00e7os e de obras de engenharia;<\/li><li>protocolar e auxiliar na instru\u00e7\u00e3o dos processos de dispensa ou inexigibilidade de licita\u00e7\u00e3o, providenciando a sua publica\u00e7\u00e3o legal;<\/li><li>organizar o almoxarifado geral, estabelecendo as normas para seu funcionamento e controle f\u00edsico-financeiro do estoque;<\/li><li>promover os procedimentos administrativos necess\u00e1rios para a realiza\u00e7\u00e3o de importa\u00e7\u00f5es com recursos pr\u00f3prios e provenientes de conv\u00eanios;<\/li><li>providenciar o cadastramento de fornecedores da Universidade, fazendo o lan\u00e7amento no sistema SICOR das informa\u00e7\u00f5es enviadas pelas demais unidades da Universidade, e efetivar o cadastro de materiais e servi\u00e7os;<\/li><li>orientar as demais unidades sobre as altera\u00e7\u00f5es normativas e provid\u00eancias necess\u00e1rias para o regular andamento do certame licitat\u00f3rio, podendo para tanto, solicitar informa\u00e7\u00f5es inerentes \u00e0 instru\u00e7\u00e3o dos certames licitat\u00f3rios, e estipular prazos para o cumprimento das informa\u00e7\u00f5es;<\/li><li>solicitar o aux\u00edlio de servidores habilitados para atuarem nos certames licitat\u00f3rios e\/ou nas compras de conv\u00eanio;<\/li><li>auxiliar na instru\u00e7\u00e3o de elementos para abertura de processo administrativo contra fornecedores inadimplentes, visando \u00e0 apura\u00e7\u00e3o de responsabilidade;<\/li><li>assessorar o Pr\u00f3-Reitor nos assuntos de sua compet\u00eancia.<\/li><\/ul>\n","protected":false},"excerpt":{"rendered":"<p>. \u00c0 Diretoria de Material compete: estabelecer cronogramas e prazos visando \u00e0 programa\u00e7\u00e3o das aquisi\u00e7\u00f5es, mediante as disponibilidades or\u00e7amentarias que s\u00e3o efetivadas por meio de requisi\u00e7\u00f5es do sistema SICOR, podendo estipular o calend\u00e1rio de prazos m\u00e1ximos para os requerimentos de compras e emiss\u00e3o de empenho; processar as compras, receber, estocar e distribuir materiais; cumprir e [&hellip;]<\/p>\n","protected":false},"author":8,"featured_media":0,"parent":0,"menu_order":0,"comment_status":"closed","ping_status":"closed","template":"","meta":{"footnotes":""},"class_list":["post-1613","page","type-page","status-publish","hentry"],"acf":[],"_links":{"self":[{"href":"https:\/\/sites.uel.br\/pdi\/wp-json\/wp\/v2\/pages\/1613","targetHints":{"allow":["GET"]}}],"collection":[{"href":"https:\/\/sites.uel.br\/pdi\/wp-json\/wp\/v2\/pages"}],"about":[{"href":"https:\/\/sites.uel.br\/pdi\/wp-json\/wp\/v2\/types\/page"}],"author":[{"embeddable":true,"href":"https:\/\/sites.uel.br\/pdi\/wp-json\/wp\/v2\/users\/8"}],"replies":[{"embeddable":true,"href":"https:\/\/sites.uel.br\/pdi\/wp-json\/wp\/v2\/comments?post=1613"}],"version-history":[{"count":1,"href":"https:\/\/sites.uel.br\/pdi\/wp-json\/wp\/v2\/pages\/1613\/revisions"}],"predecessor-version":[{"id":1614,"href":"https:\/\/sites.uel.br\/pdi\/wp-json\/wp\/v2\/pages\/1613\/revisions\/1614"}],"wp:attachment":[{"href":"https:\/\/sites.uel.br\/pdi\/wp-json\/wp\/v2\/media?parent=1613"}],"curies":[{"name":"wp","href":"https:\/\/api.w.org\/{rel}","templated":true}]}}