{"id":1611,"date":"2022-10-20T12:28:59","date_gmt":"2022-10-20T15:28:59","guid":{"rendered":"https:\/\/sites.uel.br\/pdi\/?page_id=1611"},"modified":"2022-10-20T12:28:59","modified_gmt":"2022-10-20T15:28:59","slug":"proaf-diretoria-de-financas-2","status":"publish","type":"page","link":"https:\/\/sites.uel.br\/pdi\/proaf-diretoria-de-financas-2\/","title":{"rendered":"PROAF &#8211; Diretoria de Finan\u00e7as"},"content":{"rendered":"\n<p class=\"has-text-color\" style=\"color:#fefefe\">.<\/p>\n\n\n\n<p>\u00c0 Diretoria de Finan\u00e7as compete:<\/p>\n\n\n\n<ul class=\"wp-block-list\"><li>manter o registro cont\u00e1bil dos fatos administrativos que modifiquem o patrim\u00f4nio da Universidade;<\/li><li>manter o controle financeiro das mensalidades dos cursos de P\u00f3s-Gradua\u00e7\u00e3o e pre\u00e7os p\u00fablicos dos servi\u00e7os prestados aos discentes;<\/li><li>elaborar e conferir planilhas de registros de entradas e sa\u00eddas de numer\u00e1rios em contas correntes da Universidade em estabelecimentos banc\u00e1rios, conferir saldos, bem como proceder \u00e0s respectivas concilia\u00e7\u00f5es banc\u00e1rias;<\/li><li>elaborar relat\u00f3rios de disponibilidades financeiras;<\/li><li>processar os recursos financeiros para pagamento dos fornecedores e a folha salarial dos servidores da Universidade, conforme disponibilidade de recursos do Estado;<\/li><li>elaborar os processos de presta\u00e7\u00f5es de contas aos \u00f3rg\u00e3os financiadores de recursos de conv\u00eanios, de acordo com a legisla\u00e7\u00e3o vigente;<\/li><li>elaborar balancetes mensais e os balan\u00e7os da Universidade, em conjunto com a Divis\u00e3o de Contabilidade da Coordenadoria da Administra\u00e7\u00e3o Financeira do Estado, da Secretaria de Estado da Fazenda, providenciando suas remessas aos \u00f3rg\u00e3os competentes;<\/li><li>conferir os processos de presta\u00e7\u00f5es de contas de adiantamentos, de concess\u00e3o de di\u00e1rias, material de consumo e servi\u00e7os de terceiros, providenciando suas remessas aos \u00f3rg\u00e3os competentes;<\/li><li>proceder \u00e0 liquida\u00e7\u00e3o e pagamento das respectivas notas de empenho;<\/li><li>operacionalizar, em conjunto com os estabelecimentos banc\u00e1rios, o pagamento de sal\u00e1rio aos servidores da Universidade;<\/li><li>assessorar o Pr\u00f3-Reitor nos assuntos de sua compet\u00eancia.<\/li><\/ul>\n","protected":false},"excerpt":{"rendered":"<p>. \u00c0 Diretoria de Finan\u00e7as compete: manter o registro cont\u00e1bil dos fatos administrativos que modifiquem o patrim\u00f4nio da Universidade; manter o controle financeiro das mensalidades dos cursos de P\u00f3s-Gradua\u00e7\u00e3o e pre\u00e7os p\u00fablicos dos servi\u00e7os prestados aos discentes; elaborar e conferir planilhas de registros de entradas e sa\u00eddas de numer\u00e1rios em contas correntes da Universidade em [&hellip;]<\/p>\n","protected":false},"author":8,"featured_media":0,"parent":0,"menu_order":0,"comment_status":"closed","ping_status":"closed","template":"","meta":{"footnotes":""},"class_list":["post-1611","page","type-page","status-publish","hentry"],"acf":[],"_links":{"self":[{"href":"https:\/\/sites.uel.br\/pdi\/wp-json\/wp\/v2\/pages\/1611","targetHints":{"allow":["GET"]}}],"collection":[{"href":"https:\/\/sites.uel.br\/pdi\/wp-json\/wp\/v2\/pages"}],"about":[{"href":"https:\/\/sites.uel.br\/pdi\/wp-json\/wp\/v2\/types\/page"}],"author":[{"embeddable":true,"href":"https:\/\/sites.uel.br\/pdi\/wp-json\/wp\/v2\/users\/8"}],"replies":[{"embeddable":true,"href":"https:\/\/sites.uel.br\/pdi\/wp-json\/wp\/v2\/comments?post=1611"}],"version-history":[{"count":1,"href":"https:\/\/sites.uel.br\/pdi\/wp-json\/wp\/v2\/pages\/1611\/revisions"}],"predecessor-version":[{"id":1612,"href":"https:\/\/sites.uel.br\/pdi\/wp-json\/wp\/v2\/pages\/1611\/revisions\/1612"}],"wp:attachment":[{"href":"https:\/\/sites.uel.br\/pdi\/wp-json\/wp\/v2\/media?parent=1611"}],"curies":[{"name":"wp","href":"https:\/\/api.w.org\/{rel}","templated":true}]}}