{"id":1608,"date":"2022-10-20T12:28:05","date_gmt":"2022-10-20T15:28:05","guid":{"rendered":"https:\/\/sites.uel.br\/pdi\/?page_id=1608"},"modified":"2022-10-20T12:28:05","modified_gmt":"2022-10-20T15:28:05","slug":"proaf-diretoria-administrativa-2","status":"publish","type":"page","link":"https:\/\/sites.uel.br\/pdi\/proaf-diretoria-administrativa-2\/","title":{"rendered":"PROAF &#8211; Diretoria Administrativa"},"content":{"rendered":"\n<p class=\"has-white-color has-text-color\">.<\/p>\n\n\n\n<p>\u00c0 Diretoria Administrativa compete:<\/p>\n\n\n\n<ul class=\"wp-block-list\"><li>acompanhar e supervisionar os servi\u00e7os prestados pelos permission\u00e1rios;<\/li><li>avaliar o aspecto higi\u00eanico-sanit\u00e1rio das cantinas, em conjunto com o Departamento de Vigil\u00e2ncia Sanit\u00e1ria da Secretaria de Sa\u00fade do Munic\u00edpio;<\/li><li>analisar os pedidos de explora\u00e7\u00e3o e servi\u00e7os em pontos fixos por terceiros, avaliando a necessidade dos mesmos, conforme as normas da Universidade;<\/li><li>dar o suporte necess\u00e1rio para o bom funcionamento das m\u00e1quinas franqueadas para servi\u00e7o de reprografia na Universidade;<\/li><li>controlar as despesas compuls\u00f3rias da Universidade e disponibilizar Or\u00e7amento para sua manuten\u00e7\u00e3o mensal;<\/li><li>elaborar e manter atualizado o cadastro de bens m\u00f3veis e semoventes da Universidade, bem como os m\u00f3veis e semoventes cedidos em regime de comodato;<\/li><li>coordenar a execu\u00e7\u00e3o do invent\u00e1rio de todos os bens m\u00f3veis e semoventes da Universidade, bem como os m\u00f3veis e semoventes cedidos em regime de comodato;<\/li><li>sugerir normas de controle de fiscaliza\u00e7\u00e3o, sobre o cadastramento, entrega, movimenta\u00e7\u00e3o e baixa de bens m\u00f3veis e semoventes;<\/li><li>sugerir a aliena\u00e7\u00e3o de bens m\u00f3veis e semoventes obsoletos ou sucateados;<\/li><li>efetuar periodicamente o controle f\u00edsico e financeiro dos bens, em conson\u00e2ncia com os valores cont\u00e1beis escriturados;<\/li><li>coordenar a elabora\u00e7\u00e3o de processos de aliena\u00e7\u00e3o de bens m\u00f3veis em geral;<\/li><li>registrar e acompanhar a execu\u00e7\u00e3o dos contratos oriundos das licita\u00e7\u00f5es;<\/li><li>acompanhar o recebimento de proposta, abertura de processos e elabora\u00e7\u00e3o de minutas de Resolu\u00e7\u00f5es;<\/li><li>elaborar a Instru\u00e7\u00e3o de Servi\u00e7o da \u00e1rea de compet\u00eancia administrativa;<\/li><li>emitir contratos administrativos provenientes de licita\u00e7\u00e3o, providenciando a sua publica\u00e7\u00e3o legal;<\/li><li>responsabilizar-se pelas publica\u00e7\u00f5es legais da Universidade;<\/li><li>assessorar o Pr\u00f3-Reitor nos assuntos de sua compet\u00eancia.<\/li><\/ul>\n","protected":false},"excerpt":{"rendered":"<p>. \u00c0 Diretoria Administrativa compete: acompanhar e supervisionar os servi\u00e7os prestados pelos permission\u00e1rios; avaliar o aspecto higi\u00eanico-sanit\u00e1rio das cantinas, em conjunto com o Departamento de Vigil\u00e2ncia Sanit\u00e1ria da Secretaria de Sa\u00fade do Munic\u00edpio; analisar os pedidos de explora\u00e7\u00e3o e servi\u00e7os em pontos fixos por terceiros, avaliando a necessidade dos mesmos, conforme as normas da Universidade; [&hellip;]<\/p>\n","protected":false},"author":8,"featured_media":0,"parent":0,"menu_order":0,"comment_status":"closed","ping_status":"closed","template":"","meta":{"footnotes":""},"class_list":["post-1608","page","type-page","status-publish","hentry"],"acf":[],"_links":{"self":[{"href":"https:\/\/sites.uel.br\/pdi\/wp-json\/wp\/v2\/pages\/1608","targetHints":{"allow":["GET"]}}],"collection":[{"href":"https:\/\/sites.uel.br\/pdi\/wp-json\/wp\/v2\/pages"}],"about":[{"href":"https:\/\/sites.uel.br\/pdi\/wp-json\/wp\/v2\/types\/page"}],"author":[{"embeddable":true,"href":"https:\/\/sites.uel.br\/pdi\/wp-json\/wp\/v2\/users\/8"}],"replies":[{"embeddable":true,"href":"https:\/\/sites.uel.br\/pdi\/wp-json\/wp\/v2\/comments?post=1608"}],"version-history":[{"count":1,"href":"https:\/\/sites.uel.br\/pdi\/wp-json\/wp\/v2\/pages\/1608\/revisions"}],"predecessor-version":[{"id":1610,"href":"https:\/\/sites.uel.br\/pdi\/wp-json\/wp\/v2\/pages\/1608\/revisions\/1610"}],"wp:attachment":[{"href":"https:\/\/sites.uel.br\/pdi\/wp-json\/wp\/v2\/media?parent=1608"}],"curies":[{"name":"wp","href":"https:\/\/api.w.org\/{rel}","templated":true}]}}