{"id":1592,"date":"2022-10-19T17:08:46","date_gmt":"2022-10-19T20:08:46","guid":{"rendered":"https:\/\/sites.uel.br\/pdi\/?page_id=1592"},"modified":"2022-10-19T17:08:46","modified_gmt":"2022-10-19T20:08:46","slug":"proppg-diretoria-de-pos-graduacao","status":"publish","type":"page","link":"https:\/\/sites.uel.br\/pdi\/proppg-diretoria-de-pos-graduacao\/","title":{"rendered":"PROPPG &#8211; Diretoria de P\u00f3s-Gradua\u00e7\u00e3o"},"content":{"rendered":"\n<p class=\"has-white-color has-text-color\">.<\/p>\n\n\n\n<p>\u00c0 Diretoria de P\u00f3s-Gradua\u00e7\u00e3o compete:<\/p>\n\n\n\n<ul class=\"wp-block-list\"><li>estabelecer a programa\u00e7\u00e3o global para o funcionamento de cursos de p\u00f3s-gradua\u00e7\u00e3o;<\/li><li>divulgar editais de sele\u00e7\u00e3o para os cursos de p\u00f3s-gradua\u00e7\u00e3o;<\/li><li>elaborar projetos institucionais que visem a melhoria dos Programas de P\u00f3s-Gradua\u00e7\u00e3o;<\/li><li>apoiar administrativamente o Laborat\u00f3rio Escola de P\u00f3s-Gradua\u00e7\u00e3o (LABESC);<\/li><li>implementar as diferentes modalidades de bolsas de P\u00f3s-Gradua\u00e7\u00e3o, ouvidas as comiss\u00f5es coordenadoras dos cursos;<\/li><li>elaborar a proposta do calend\u00e1rio escolar da P\u00f3s-Gradua\u00e7\u00e3o;<\/li><li>instruir solicita\u00e7\u00f5es de ordem acad\u00eamica;<\/li><li>expedir documentos relativos \u00e0 P\u00f3s-Gradua\u00e7\u00e3o;<\/li><li>incentivar, orientar a cria\u00e7\u00e3o e providenciar o credenciamento de novos Cursos de P\u00f3s-Gradua\u00e7\u00e3o;<\/li><li>acompanhar e assessorar os Coordenadores dos Cursos e Programas de P\u00f3s-Gradua\u00e7\u00e3o na participa\u00e7\u00e3o em editais de fomento;<\/li><li>acompanhar e assessorar os Cursos e Programas de P\u00f3s-Gradua\u00e7\u00e3o;<\/li><li>orientar as se\u00e7\u00f5es e secretarias da P\u00f3s-Gradua\u00e7\u00e3o dos cursos e Centros de Estudos;<\/li><li>Apoiar o desenvolvimento dos Cursos e Programas de P\u00f3s-Gradua\u00e7\u00e3o;<\/li><li>Acompanhar e executar os recursos financeiros da P\u00f3s-Gradua\u00e7\u00e3o;<\/li><li>Assessorar o Pr\u00f3-Reitor nos assuntos de sua compet\u00eancia.<\/li><\/ul>\n","protected":false},"excerpt":{"rendered":"<p>. \u00c0 Diretoria de P\u00f3s-Gradua\u00e7\u00e3o compete: estabelecer a programa\u00e7\u00e3o global para o funcionamento de cursos de p\u00f3s-gradua\u00e7\u00e3o; divulgar editais de sele\u00e7\u00e3o para os cursos de p\u00f3s-gradua\u00e7\u00e3o; elaborar projetos institucionais que visem a melhoria dos Programas de P\u00f3s-Gradua\u00e7\u00e3o; apoiar administrativamente o Laborat\u00f3rio Escola de P\u00f3s-Gradua\u00e7\u00e3o (LABESC); implementar as diferentes modalidades de bolsas de P\u00f3s-Gradua\u00e7\u00e3o, ouvidas as [&hellip;]<\/p>\n","protected":false},"author":8,"featured_media":0,"parent":0,"menu_order":0,"comment_status":"closed","ping_status":"closed","template":"","meta":{"footnotes":""},"class_list":["post-1592","page","type-page","status-publish","hentry"],"acf":[],"_links":{"self":[{"href":"https:\/\/sites.uel.br\/pdi\/wp-json\/wp\/v2\/pages\/1592","targetHints":{"allow":["GET"]}}],"collection":[{"href":"https:\/\/sites.uel.br\/pdi\/wp-json\/wp\/v2\/pages"}],"about":[{"href":"https:\/\/sites.uel.br\/pdi\/wp-json\/wp\/v2\/types\/page"}],"author":[{"embeddable":true,"href":"https:\/\/sites.uel.br\/pdi\/wp-json\/wp\/v2\/users\/8"}],"replies":[{"embeddable":true,"href":"https:\/\/sites.uel.br\/pdi\/wp-json\/wp\/v2\/comments?post=1592"}],"version-history":[{"count":1,"href":"https:\/\/sites.uel.br\/pdi\/wp-json\/wp\/v2\/pages\/1592\/revisions"}],"predecessor-version":[{"id":1593,"href":"https:\/\/sites.uel.br\/pdi\/wp-json\/wp\/v2\/pages\/1592\/revisions\/1593"}],"wp:attachment":[{"href":"https:\/\/sites.uel.br\/pdi\/wp-json\/wp\/v2\/media?parent=1592"}],"curies":[{"name":"wp","href":"https:\/\/api.w.org\/{rel}","templated":true}]}}