{"id":1584,"date":"2022-10-19T16:23:10","date_gmt":"2022-10-19T19:23:10","guid":{"rendered":"https:\/\/sites.uel.br\/pdi\/?page_id=1584"},"modified":"2022-10-19T16:23:10","modified_gmt":"2022-10-19T19:23:10","slug":"prograd-assessoria-de-acompanhamento-tecnico","status":"publish","type":"page","link":"https:\/\/sites.uel.br\/pdi\/prograd-assessoria-de-acompanhamento-tecnico\/","title":{"rendered":"PROGRAD &#8211; Assessoria de Acompanhamento T\u00e9cnico"},"content":{"rendered":"\n<p class=\"has-white-color has-text-color\">.<\/p>\n\n\n\n<p>\u00c0 Assessoria de Acompanhamento T\u00e9cnico, compete:<\/p>\n\n\n\n<ul class=\"wp-block-list\"><li>assessorar a Pr\u00f3-Reitoria de Gradua\u00e7\u00e3o na execu\u00e7\u00e3o de suas atividades, com \u00eanfase ao planejamento, controle e execu\u00e7\u00e3o;<\/li><li>pesquisar a legisla\u00e7\u00e3o e jurisprud\u00eancia espec\u00edficas para prestar assist\u00eancia t\u00e9cnica para interpreta\u00e7\u00e3o e aplica\u00e7\u00e3o das mesmas em processos pertinentes, emitindo as informa\u00e7\u00f5es e os pareceres necess\u00e1rios;<\/li><li>elaborar indica\u00e7\u00f5es e anteprojetos de resolu\u00e7\u00f5es;<\/li><li>coordenar a elabora\u00e7\u00e3o de relat\u00f3rios oficiais da \u00e1rea acad\u00eamica;<\/li><li>servir como suporte de dados para odesenvolvimento de pesquisa institucional;<\/li><li>participar e apoiar projetos envolvendo professores nos diversos departamentos da Universidade com o objetivo de melhoria do desempenho institucional;<\/li><li>proceder levantamentos estat\u00edsticos e suas an\u00e1lises dentro da \u00c1rea Acad\u00eamica;<\/li><li>dar suporte \u00e0 Comiss\u00e3o de Avalia\u00e7\u00e3o Institucional no tratamento estat\u00edstico de programas de avalia\u00e7\u00e3o;<\/li><li>tra\u00e7ar normas e diretrizes que deem suporte \u00e0 implanta\u00e7\u00e3o do Programa de Avalia\u00e7\u00e3o Curricular (PAC), no que diz respeito \u00e0 an\u00e1lise dos dados e sugest\u00f5es efetivas aos Colegiados de Curso.<\/li><\/ul>\n","protected":false},"excerpt":{"rendered":"<p>. \u00c0 Assessoria de Acompanhamento T\u00e9cnico, compete: assessorar a Pr\u00f3-Reitoria de Gradua\u00e7\u00e3o na execu\u00e7\u00e3o de suas atividades, com \u00eanfase ao planejamento, controle e execu\u00e7\u00e3o; pesquisar a legisla\u00e7\u00e3o e jurisprud\u00eancia espec\u00edficas para prestar assist\u00eancia t\u00e9cnica para interpreta\u00e7\u00e3o e aplica\u00e7\u00e3o das mesmas em processos pertinentes, emitindo as informa\u00e7\u00f5es e os pareceres necess\u00e1rios; elaborar indica\u00e7\u00f5es e anteprojetos de [&hellip;]<\/p>\n","protected":false},"author":8,"featured_media":0,"parent":0,"menu_order":0,"comment_status":"closed","ping_status":"closed","template":"","meta":{"footnotes":""},"class_list":["post-1584","page","type-page","status-publish","hentry"],"acf":[],"_links":{"self":[{"href":"https:\/\/sites.uel.br\/pdi\/wp-json\/wp\/v2\/pages\/1584","targetHints":{"allow":["GET"]}}],"collection":[{"href":"https:\/\/sites.uel.br\/pdi\/wp-json\/wp\/v2\/pages"}],"about":[{"href":"https:\/\/sites.uel.br\/pdi\/wp-json\/wp\/v2\/types\/page"}],"author":[{"embeddable":true,"href":"https:\/\/sites.uel.br\/pdi\/wp-json\/wp\/v2\/users\/8"}],"replies":[{"embeddable":true,"href":"https:\/\/sites.uel.br\/pdi\/wp-json\/wp\/v2\/comments?post=1584"}],"version-history":[{"count":1,"href":"https:\/\/sites.uel.br\/pdi\/wp-json\/wp\/v2\/pages\/1584\/revisions"}],"predecessor-version":[{"id":1585,"href":"https:\/\/sites.uel.br\/pdi\/wp-json\/wp\/v2\/pages\/1584\/revisions\/1585"}],"wp:attachment":[{"href":"https:\/\/sites.uel.br\/pdi\/wp-json\/wp\/v2\/media?parent=1584"}],"curies":[{"name":"wp","href":"https:\/\/api.w.org\/{rel}","templated":true}]}}