{"id":1560,"date":"2022-10-18T17:27:04","date_gmt":"2022-10-18T20:27:04","guid":{"rendered":"https:\/\/sites.uel.br\/pdi\/?page_id=1560"},"modified":"2022-10-20T14:44:35","modified_gmt":"2022-10-20T17:44:35","slug":"prefeitura-do-campus-universitario-pcu","status":"publish","type":"page","link":"https:\/\/sites.uel.br\/pdi\/prefeitura-do-campus-universitario-pcu\/","title":{"rendered":"Prefeitura do Campus Universit\u00e1rio (PCU)"},"content":{"rendered":"\n<p class=\"has-white-color has-text-color\">.<\/p>\n\n\n\n<p>A Prefeitura do Campus Universit\u00e1rio tem como miss\u00e3o:<\/p>\n\n\n\n<ul class=\"wp-block-list\"><li>acompanhar e zelar pelo adequado funcionamento do espa\u00e7o f\u00edsico do Campus;<\/li><li>informar a administra\u00e7\u00e3o superior sobre os trabalhos realizados e as atividades que est\u00e3o em desenvolvimento;<\/li><li>reunir-se periodicamente com Diretorias, Divis\u00f5es e Setores para planejar, elaborar, implantar e acompanhar os projetos desenvolvidos pela PCU;<\/li><li>acompanhar e fiscalizar as constru\u00e7\u00f5es que est\u00e3o em andamento no Campus;<\/li><li>promover a manuten\u00e7\u00e3o a infraestrutura das edifica\u00e7\u00f5es dentro dos limites do Campus;<\/li><li>fazer a gest\u00e3o dos servi\u00e7os de transporte, de coleta seletiva, vigil\u00e2ncia, conserva\u00e7\u00e3o, zeladoria, telefonia, marcenaria, jardinagem e paisagismo do Campus.<\/li><\/ul>\n\n\n\n<p><\/p>\n\n\n\n<p>A Prefeitura do Campus Universit\u00e1rio (PCU) compreende:<\/p>\n\n\n\n<ul class=\"wp-block-list\"><li>Conselho Diretor;<\/li><li>Diretoria de Obras e Manuten\u00e7\u00e3o;<\/li><li>Diretoria de Servi\u00e7os Gerais;<\/li><li>Diretoria de M\u00f3veis e Equipamentos;<\/li><li>Secretaria, sob a responsabilidade de um secret\u00e1rio designado.<\/li><\/ul>\n\n\n\n<div class=\"wp-block-columns is-layout-flex wp-container-core-columns-is-layout-9d6595d7 wp-block-columns-is-layout-flex\">\n<div class=\"wp-block-column is-layout-flow wp-block-column-is-layout-flow\">\n<figure class=\"wp-block-gallery has-nested-images columns-default is-cropped wp-block-gallery-1 is-layout-flex wp-block-gallery-is-layout-flex\">\n<figure class=\"wp-block-image size-large\"><a href=\"https:\/\/sites.uel.br\/pdi\/pcu-conselho-diretor\/\"><img loading=\"lazy\" decoding=\"async\" width=\"952\" height=\"532\" data-id=\"1644\" src=\"https:\/\/sites.uel.br\/pdi\/wp-content\/uploads\/2022\/10\/pcu-conselho.jpg\" alt=\"\" class=\"wp-image-1644\" srcset=\"https:\/\/sites.uel.br\/pdi\/wp-content\/uploads\/2022\/10\/pcu-conselho.jpg 952w, https:\/\/sites.uel.br\/pdi\/wp-content\/uploads\/2022\/10\/pcu-conselho-300x168.jpg 300w, https:\/\/sites.uel.br\/pdi\/wp-content\/uploads\/2022\/10\/pcu-conselho-768x429.jpg 768w\" sizes=\"auto, (max-width: 952px) 100vw, 952px\" \/><\/a><\/figure>\n<\/figure>\n<\/div>\n\n\n\n<div class=\"wp-block-column is-layout-flow wp-block-column-is-layout-flow\">\n<figure class=\"wp-block-gallery has-nested-images columns-default is-cropped wp-block-gallery-2 is-layout-flex wp-block-gallery-is-layout-flex\">\n<figure class=\"wp-block-image size-large\"><a href=\"https:\/\/sites.uel.br\/pdi\/pcu-diretoria-de-obras-e-manutencao\/\"><img loading=\"lazy\" decoding=\"async\" width=\"952\" height=\"532\" data-id=\"1646\" src=\"https:\/\/sites.uel.br\/pdi\/wp-content\/uploads\/2022\/10\/pcu-diretoria-obras.jpg\" alt=\"\" class=\"wp-image-1646\" srcset=\"https:\/\/sites.uel.br\/pdi\/wp-content\/uploads\/2022\/10\/pcu-diretoria-obras.jpg 952w, https:\/\/sites.uel.br\/pdi\/wp-content\/uploads\/2022\/10\/pcu-diretoria-obras-300x168.jpg 300w, https:\/\/sites.uel.br\/pdi\/wp-content\/uploads\/2022\/10\/pcu-diretoria-obras-768x429.jpg 768w\" sizes=\"auto, (max-width: 952px) 100vw, 952px\" \/><\/a><\/figure>\n<\/figure>\n<\/div>\n\n\n\n<div class=\"wp-block-column is-layout-flow wp-block-column-is-layout-flow\">\n<figure class=\"wp-block-gallery has-nested-images columns-default is-cropped wp-block-gallery-3 is-layout-flex wp-block-gallery-is-layout-flex\">\n<figure class=\"wp-block-image size-large\"><a href=\"https:\/\/sites.uel.br\/pdi\/pcu-diretoria-de-servicos-gerais\/\"><img loading=\"lazy\" decoding=\"async\" width=\"952\" height=\"532\" data-id=\"1647\" src=\"https:\/\/sites.uel.br\/pdi\/wp-content\/uploads\/2022\/10\/pcu-diretoria-servicos.jpg\" alt=\"\" class=\"wp-image-1647\" srcset=\"https:\/\/sites.uel.br\/pdi\/wp-content\/uploads\/2022\/10\/pcu-diretoria-servicos.jpg 952w, https:\/\/sites.uel.br\/pdi\/wp-content\/uploads\/2022\/10\/pcu-diretoria-servicos-300x168.jpg 300w, https:\/\/sites.uel.br\/pdi\/wp-content\/uploads\/2022\/10\/pcu-diretoria-servicos-768x429.jpg 768w\" sizes=\"auto, (max-width: 952px) 100vw, 952px\" \/><\/a><\/figure>\n<\/figure>\n<\/div>\n\n\n\n<div class=\"wp-block-column is-layout-flow wp-block-column-is-layout-flow\">\n<figure class=\"wp-block-gallery has-nested-images columns-default is-cropped wp-block-gallery-4 is-layout-flex wp-block-gallery-is-layout-flex\">\n<figure class=\"wp-block-image size-large\"><a href=\"https:\/\/sites.uel.br\/pdi\/pcu-diretoria-de-moveis-e-equipamentos\/\"><img loading=\"lazy\" decoding=\"async\" width=\"952\" height=\"532\" data-id=\"1645\" src=\"https:\/\/sites.uel.br\/pdi\/wp-content\/uploads\/2022\/10\/pcu-diretoria-moveis.jpg\" alt=\"\" class=\"wp-image-1645\" srcset=\"https:\/\/sites.uel.br\/pdi\/wp-content\/uploads\/2022\/10\/pcu-diretoria-moveis.jpg 952w, https:\/\/sites.uel.br\/pdi\/wp-content\/uploads\/2022\/10\/pcu-diretoria-moveis-300x168.jpg 300w, https:\/\/sites.uel.br\/pdi\/wp-content\/uploads\/2022\/10\/pcu-diretoria-moveis-768x429.jpg 768w\" sizes=\"auto, (max-width: 952px) 100vw, 952px\" \/><\/a><\/figure>\n<\/figure>\n<\/div>\n<\/div>\n","protected":false},"excerpt":{"rendered":"<p>. A Prefeitura do Campus Universit\u00e1rio tem como miss\u00e3o: acompanhar e zelar pelo adequado funcionamento do espa\u00e7o f\u00edsico do Campus; informar a administra\u00e7\u00e3o superior sobre os trabalhos realizados e as atividades que est\u00e3o em desenvolvimento; reunir-se periodicamente com Diretorias, Divis\u00f5es e Setores para planejar, elaborar, implantar e acompanhar os projetos desenvolvidos pela PCU; acompanhar e [&hellip;]<\/p>\n","protected":false},"author":8,"featured_media":0,"parent":0,"menu_order":0,"comment_status":"closed","ping_status":"closed","template":"","meta":{"footnotes":""},"class_list":["post-1560","page","type-page","status-publish","hentry"],"acf":[],"_links":{"self":[{"href":"https:\/\/sites.uel.br\/pdi\/wp-json\/wp\/v2\/pages\/1560","targetHints":{"allow":["GET"]}}],"collection":[{"href":"https:\/\/sites.uel.br\/pdi\/wp-json\/wp\/v2\/pages"}],"about":[{"href":"https:\/\/sites.uel.br\/pdi\/wp-json\/wp\/v2\/types\/page"}],"author":[{"embeddable":true,"href":"https:\/\/sites.uel.br\/pdi\/wp-json\/wp\/v2\/users\/8"}],"replies":[{"embeddable":true,"href":"https:\/\/sites.uel.br\/pdi\/wp-json\/wp\/v2\/comments?post=1560"}],"version-history":[{"count":4,"href":"https:\/\/sites.uel.br\/pdi\/wp-json\/wp\/v2\/pages\/1560\/revisions"}],"predecessor-version":[{"id":1657,"href":"https:\/\/sites.uel.br\/pdi\/wp-json\/wp\/v2\/pages\/1560\/revisions\/1657"}],"wp:attachment":[{"href":"https:\/\/sites.uel.br\/pdi\/wp-json\/wp\/v2\/media?parent=1560"}],"curies":[{"name":"wp","href":"https:\/\/api.w.org\/{rel}","templated":true}]}}