{"id":1552,"date":"2022-10-18T17:08:02","date_gmt":"2022-10-18T20:08:02","guid":{"rendered":"https:\/\/sites.uel.br\/pdi\/?page_id=1552"},"modified":"2022-10-20T12:47:22","modified_gmt":"2022-10-20T15:47:22","slug":"pro-reitoria-de-recursos-humanos-prorh","status":"publish","type":"page","link":"https:\/\/sites.uel.br\/pdi\/pro-reitoria-de-recursos-humanos-prorh\/","title":{"rendered":"Pr\u00f3-Reitoria de Recursos Humanos (PRORH)"},"content":{"rendered":"\n<p class=\"has-text-color\" style=\"color:#fefefe\">.<\/p>\n\n\n\n<p>A Pr\u00f3-Reitoria de Recursos Humanos (PRORH) \u00e9 o \u00f3rg\u00e3o que planeja, executa e controla as atividades vinculadas aos recursos humanos da Universidade nos n\u00edveis administrativos, t\u00e9nico, docente.<\/p>\n\n\n\n<p>Ao Pr\u00f3-Reitor de Recursos Humanos compete:<\/p>\n\n\n\n<ul class=\"wp-block-list\"><li>administrar todas as atividades da Pr\u00f3-Reitoria;<\/li><li>assessorar o Reitor nos assuntos de compet\u00eancia da Pr\u00f3-Reitoria.<\/li><\/ul>\n\n\n\n<p>A Pr\u00f3-Reitoria de Recursos Humanos compreende:<\/p>\n\n\n\n<ul class=\"wp-block-list\"><li>Diretoria de Sele\u00e7\u00e3o e Desenvolvimento;<\/li><li>Diretoria de Registro, Remunera\u00e7\u00e3o e Benef\u00edcio;<\/li><li>Secretaria, sob a responsabilidade de um secret\u00e1rio designado.<\/li><\/ul>\n\n\n\n<div class=\"wp-block-columns is-layout-flex wp-container-core-columns-is-layout-9d6595d7 wp-block-columns-is-layout-flex\">\n<div class=\"wp-block-column is-layout-flow wp-block-column-is-layout-flow\">\n<figure class=\"wp-block-gallery has-nested-images columns-default is-cropped wp-block-gallery-1 is-layout-flex wp-block-gallery-is-layout-flex\">\n<figure class=\"wp-block-image size-large\"><a href=\"https:\/\/sites.uel.br\/pdi\/prorh-diretoria-de-selecao-e-desenvolvimento\/\"><img loading=\"lazy\" decoding=\"async\" width=\"952\" height=\"532\" data-id=\"1617\" src=\"https:\/\/sites.uel.br\/pdi\/wp-content\/uploads\/2022\/10\/prorh-diretoria-selecao.jpg\" alt=\"\" class=\"wp-image-1617\" srcset=\"https:\/\/sites.uel.br\/pdi\/wp-content\/uploads\/2022\/10\/prorh-diretoria-selecao.jpg 952w, https:\/\/sites.uel.br\/pdi\/wp-content\/uploads\/2022\/10\/prorh-diretoria-selecao-300x168.jpg 300w, https:\/\/sites.uel.br\/pdi\/wp-content\/uploads\/2022\/10\/prorh-diretoria-selecao-768x429.jpg 768w\" sizes=\"auto, (max-width: 952px) 100vw, 952px\" \/><\/a><\/figure>\n<\/figure>\n<\/div>\n\n\n\n<div class=\"wp-block-column is-layout-flow wp-block-column-is-layout-flow\">\n<figure class=\"wp-block-gallery has-nested-images columns-default is-cropped wp-block-gallery-2 is-layout-flex wp-block-gallery-is-layout-flex\">\n<figure class=\"wp-block-image size-large\"><a href=\"https:\/\/sites.uel.br\/pdi\/prorh-diretoria-de-registro-remuneracao-e-beneficio\/\"><img loading=\"lazy\" decoding=\"async\" width=\"952\" height=\"532\" data-id=\"1616\" src=\"https:\/\/sites.uel.br\/pdi\/wp-content\/uploads\/2022\/10\/prorh-diretoria-registro.jpg\" alt=\"\" class=\"wp-image-1616\" srcset=\"https:\/\/sites.uel.br\/pdi\/wp-content\/uploads\/2022\/10\/prorh-diretoria-registro.jpg 952w, https:\/\/sites.uel.br\/pdi\/wp-content\/uploads\/2022\/10\/prorh-diretoria-registro-300x168.jpg 300w, https:\/\/sites.uel.br\/pdi\/wp-content\/uploads\/2022\/10\/prorh-diretoria-registro-768x429.jpg 768w\" sizes=\"auto, (max-width: 952px) 100vw, 952px\" \/><\/a><\/figure>\n<\/figure>\n<\/div>\n<\/div>\n","protected":false},"excerpt":{"rendered":"<p>. A Pr\u00f3-Reitoria de Recursos Humanos (PRORH) \u00e9 o \u00f3rg\u00e3o que planeja, executa e controla as atividades vinculadas aos recursos humanos da Universidade nos n\u00edveis administrativos, t\u00e9nico, docente. Ao Pr\u00f3-Reitor de Recursos Humanos compete: administrar todas as atividades da Pr\u00f3-Reitoria; assessorar o Reitor nos assuntos de compet\u00eancia da Pr\u00f3-Reitoria. A Pr\u00f3-Reitoria de Recursos Humanos compreende: [&hellip;]<\/p>\n","protected":false},"author":8,"featured_media":0,"parent":0,"menu_order":0,"comment_status":"closed","ping_status":"closed","template":"","meta":{"footnotes":""},"class_list":["post-1552","page","type-page","status-publish","hentry"],"acf":[],"_links":{"self":[{"href":"https:\/\/sites.uel.br\/pdi\/wp-json\/wp\/v2\/pages\/1552","targetHints":{"allow":["GET"]}}],"collection":[{"href":"https:\/\/sites.uel.br\/pdi\/wp-json\/wp\/v2\/pages"}],"about":[{"href":"https:\/\/sites.uel.br\/pdi\/wp-json\/wp\/v2\/types\/page"}],"author":[{"embeddable":true,"href":"https:\/\/sites.uel.br\/pdi\/wp-json\/wp\/v2\/users\/8"}],"replies":[{"embeddable":true,"href":"https:\/\/sites.uel.br\/pdi\/wp-json\/wp\/v2\/comments?post=1552"}],"version-history":[{"count":3,"href":"https:\/\/sites.uel.br\/pdi\/wp-json\/wp\/v2\/pages\/1552\/revisions"}],"predecessor-version":[{"id":1623,"href":"https:\/\/sites.uel.br\/pdi\/wp-json\/wp\/v2\/pages\/1552\/revisions\/1623"}],"wp:attachment":[{"href":"https:\/\/sites.uel.br\/pdi\/wp-json\/wp\/v2\/media?parent=1552"}],"curies":[{"name":"wp","href":"https:\/\/api.w.org\/{rel}","templated":true}]}}