{"id":1533,"date":"2022-10-18T16:29:15","date_gmt":"2022-10-18T19:29:15","guid":{"rendered":"https:\/\/sites.uel.br\/pdi\/?page_id=1533"},"modified":"2022-10-18T16:29:15","modified_gmt":"2022-10-18T19:29:15","slug":"gabinete-da-vice-reitoria","status":"publish","type":"page","link":"https:\/\/sites.uel.br\/pdi\/gabinete-da-vice-reitoria\/","title":{"rendered":"Gabinete da Vice-Reitoria"},"content":{"rendered":"\n<p class=\"has-white-color has-text-color\">.<\/p>\n\n\n\n<p>O Gabinete da Vice-Reitoria compreende os servi\u00e7os necess\u00e1rios ao exerc\u00edcio das fun\u00e7\u00f5es de coordena\u00e7\u00e3o e administra\u00e7\u00e3o que lhe forem atribu\u00eddas pelo Reitor, por delega\u00e7\u00e3o.<\/p>\n","protected":false},"excerpt":{"rendered":"<p>. O Gabinete da Vice-Reitoria compreende os servi\u00e7os necess\u00e1rios ao exerc\u00edcio das fun\u00e7\u00f5es de coordena\u00e7\u00e3o e administra\u00e7\u00e3o que lhe forem atribu\u00eddas pelo Reitor, por delega\u00e7\u00e3o.<\/p>\n","protected":false},"author":8,"featured_media":0,"parent":0,"menu_order":0,"comment_status":"closed","ping_status":"closed","template":"","meta":{"footnotes":""},"class_list":["post-1533","page","type-page","status-publish","hentry"],"acf":[],"_links":{"self":[{"href":"https:\/\/sites.uel.br\/pdi\/wp-json\/wp\/v2\/pages\/1533","targetHints":{"allow":["GET"]}}],"collection":[{"href":"https:\/\/sites.uel.br\/pdi\/wp-json\/wp\/v2\/pages"}],"about":[{"href":"https:\/\/sites.uel.br\/pdi\/wp-json\/wp\/v2\/types\/page"}],"author":[{"embeddable":true,"href":"https:\/\/sites.uel.br\/pdi\/wp-json\/wp\/v2\/users\/8"}],"replies":[{"embeddable":true,"href":"https:\/\/sites.uel.br\/pdi\/wp-json\/wp\/v2\/comments?post=1533"}],"version-history":[{"count":1,"href":"https:\/\/sites.uel.br\/pdi\/wp-json\/wp\/v2\/pages\/1533\/revisions"}],"predecessor-version":[{"id":1534,"href":"https:\/\/sites.uel.br\/pdi\/wp-json\/wp\/v2\/pages\/1533\/revisions\/1534"}],"wp:attachment":[{"href":"https:\/\/sites.uel.br\/pdi\/wp-json\/wp\/v2\/media?parent=1533"}],"curies":[{"name":"wp","href":"https:\/\/api.w.org\/{rel}","templated":true}]}}