{"id":1530,"date":"2022-10-18T16:27:22","date_gmt":"2022-10-18T19:27:22","guid":{"rendered":"https:\/\/sites.uel.br\/pdi\/?page_id=1530"},"modified":"2022-10-18T16:27:22","modified_gmt":"2022-10-18T19:27:22","slug":"gabinete-da-reitoria","status":"publish","type":"page","link":"https:\/\/sites.uel.br\/pdi\/gabinete-da-reitoria\/","title":{"rendered":"Gabinete da Reitoria"},"content":{"rendered":"\n<p class=\"has-white-color has-text-color\">.<\/p>\n\n\n\n<p>Ao Gabinete da Reitoria compete:<\/p>\n\n\n\n<ul class=\"wp-block-list\"><li>receber, protocolar, registrar e distribuir toda a correspond\u00eancia oficial endere\u00e7ada ao Gabinete da Reitoria;<\/li><li>informar os interessados e orient\u00e1-los, indicando \u00f3rg\u00e3os e pessoas respons\u00e1veis, bem como prestar outras informa\u00e7\u00f5es de sua compet\u00eancia;<\/li><li>instruir e padronizar todos os atos administrativos e documentos oficiais a serem assinados pelo Reitor;<\/li><li>manter atualizado o sistema de arquivo para acompanhamento de tramita\u00e7\u00e3o de processos, organiza\u00e7\u00e3o e atualiza\u00e7\u00e3o do acervo documental;<\/li><li>gerenciar a atualiza\u00e7\u00e3o da homepage do Gabinete da Reitoria;<\/li><li>prestar suporte \u00e0s elei\u00e7\u00f5es convocadas pelo Reitor;<\/li><li>elaborar os regimentos eleitorais para todas as elei\u00e7\u00f5es dos \u00f3rg\u00e3os da administra\u00e7\u00e3o superior da Universidade, dos colegiados de cursos e das dire\u00e7\u00f5es dos centros e departamentos, bem como as relativas \u00e0s representa\u00e7\u00f5es nos Conselhos de Ensino, Pesquisa e Extens\u00e3o, Administra\u00e7\u00e3o e Universit\u00e1rio;<\/li><li>prestar suporte aos servi\u00e7os necess\u00e1rios para a realiza\u00e7\u00e3o de viagens oficiais do Reitor, Chefe de Gabinete e representantes oficiais da Universidade, quando autorizado;<\/li><li>distribuir, previamente, para fins de instru\u00e7\u00e3o preliminar, o expediente endere\u00e7ado ao Reitor que n\u00e3o seja de car\u00e1ter sigiloso ou de natureza pessoal;<\/li><li>revisar e proceder \u00e0s instru\u00e7\u00f5es finais nos processos que mere\u00e7am despacho decis\u00f3rio do Reitor;<\/li><li>assistir o Reitor em seu relacionamento social e administrativo;<\/li><li>supervisionar os servi\u00e7os de copa, zeladoria e transportes afetos ao Gabinete da Reitoria;<\/li><li>preparar os atos a serem assinados pelo Reitor, providenciando a competente distribui\u00e7\u00e3o;<\/li><li>realizar a execu\u00e7\u00e3o e o controle or\u00e7ament\u00e1rio das unidades vinculadas ao Gabinete do Reitor;<\/li><li>articular-se com as Pr\u00f3-Reitorias e demais \u00f3rg\u00e3os da Universidade em assuntos pertinentes;<\/li><li>desempenhar outras tarefas compat\u00edveis com suas atribui\u00e7\u00f5es e as determinadas pelo Reitor.<\/li><\/ul>\n","protected":false},"excerpt":{"rendered":"<p>. Ao Gabinete da Reitoria compete: receber, protocolar, registrar e distribuir toda a correspond\u00eancia oficial endere\u00e7ada ao Gabinete da Reitoria; informar os interessados e orient\u00e1-los, indicando \u00f3rg\u00e3os e pessoas respons\u00e1veis, bem como prestar outras informa\u00e7\u00f5es de sua compet\u00eancia; instruir e padronizar todos os atos administrativos e documentos oficiais a serem assinados pelo Reitor; manter atualizado [&hellip;]<\/p>\n","protected":false},"author":8,"featured_media":0,"parent":0,"menu_order":0,"comment_status":"closed","ping_status":"closed","template":"","meta":{"footnotes":""},"class_list":["post-1530","page","type-page","status-publish","hentry"],"acf":[],"_links":{"self":[{"href":"https:\/\/sites.uel.br\/pdi\/wp-json\/wp\/v2\/pages\/1530","targetHints":{"allow":["GET"]}}],"collection":[{"href":"https:\/\/sites.uel.br\/pdi\/wp-json\/wp\/v2\/pages"}],"about":[{"href":"https:\/\/sites.uel.br\/pdi\/wp-json\/wp\/v2\/types\/page"}],"author":[{"embeddable":true,"href":"https:\/\/sites.uel.br\/pdi\/wp-json\/wp\/v2\/users\/8"}],"replies":[{"embeddable":true,"href":"https:\/\/sites.uel.br\/pdi\/wp-json\/wp\/v2\/comments?post=1530"}],"version-history":[{"count":1,"href":"https:\/\/sites.uel.br\/pdi\/wp-json\/wp\/v2\/pages\/1530\/revisions"}],"predecessor-version":[{"id":1531,"href":"https:\/\/sites.uel.br\/pdi\/wp-json\/wp\/v2\/pages\/1530\/revisions\/1531"}],"wp:attachment":[{"href":"https:\/\/sites.uel.br\/pdi\/wp-json\/wp\/v2\/media?parent=1530"}],"curies":[{"name":"wp","href":"https:\/\/api.w.org\/{rel}","templated":true}]}}