{"id":152,"date":"2022-09-07T14:13:39","date_gmt":"2022-09-07T17:13:39","guid":{"rendered":"https:\/\/sites.uel.br\/pdi\/?page_id=152"},"modified":"2022-09-07T14:13:39","modified_gmt":"2022-09-07T17:13:39","slug":"eixo-tematico-vi-organizacao-administrativa-da-instituicao","status":"publish","type":"page","link":"https:\/\/sites.uel.br\/pdi\/eixo-tematico-vi-organizacao-administrativa-da-instituicao\/","title":{"rendered":"Eixo Tem\u00e1tico VI &#8211; ORGANIZA\u00c7\u00c3O ADMINISTRATIVA DA INSTITUI\u00c7\u00c3O"},"content":{"rendered":"\n<p class=\"has-white-color has-text-color\">&#8211;<\/p>\n\n\n\n<p>Os marcos legais e os documentos de refer\u00eancia consultados, a respeito do Eixo Tem\u00e1tico VI \u2013 Organiza\u00e7\u00e3o Administrativa da Institui\u00e7\u00e3o, orientaram uma exposi\u00e7\u00e3o por meio dos t\u00f3picos que seguem:&nbsp;<\/p>\n\n\n\n<ul class=\"wp-block-list\"><li>estrutura organizacional;\u00a0<\/li><li>cargos e responsabilidades;\u00a0<\/li><li>inst\u00e2ncias de decis\u00e3o;\u00a0<\/li><li>organograma institucional;\u00a0<\/li><li>organograma acad\u00eamico;\u00a0<\/li><li>\u00f3rg\u00e3os colegiados (composi\u00e7\u00e3o e compet\u00eancias); e,<\/li><li>\u00f3rg\u00e3os de apoio \u00e0s atividades acad\u00eamicas (composi\u00e7\u00e3o e compet\u00eancias).<\/li><\/ul>\n","protected":false},"excerpt":{"rendered":"<p>&#8211; Os marcos legais e os documentos de refer\u00eancia consultados, a respeito do Eixo Tem\u00e1tico VI \u2013 Organiza\u00e7\u00e3o Administrativa da Institui\u00e7\u00e3o, orientaram uma exposi\u00e7\u00e3o por meio dos t\u00f3picos que seguem:&nbsp; estrutura organizacional;\u00a0 cargos e responsabilidades;\u00a0 inst\u00e2ncias de decis\u00e3o;\u00a0 organograma institucional;\u00a0 organograma acad\u00eamico;\u00a0 \u00f3rg\u00e3os colegiados (composi\u00e7\u00e3o e compet\u00eancias); e, \u00f3rg\u00e3os de apoio \u00e0s atividades acad\u00eamicas (composi\u00e7\u00e3o [&hellip;]<\/p>\n","protected":false},"author":8,"featured_media":0,"parent":0,"menu_order":0,"comment_status":"closed","ping_status":"closed","template":"","meta":{"footnotes":""},"class_list":["post-152","page","type-page","status-publish","hentry"],"acf":[],"_links":{"self":[{"href":"https:\/\/sites.uel.br\/pdi\/wp-json\/wp\/v2\/pages\/152","targetHints":{"allow":["GET"]}}],"collection":[{"href":"https:\/\/sites.uel.br\/pdi\/wp-json\/wp\/v2\/pages"}],"about":[{"href":"https:\/\/sites.uel.br\/pdi\/wp-json\/wp\/v2\/types\/page"}],"author":[{"embeddable":true,"href":"https:\/\/sites.uel.br\/pdi\/wp-json\/wp\/v2\/users\/8"}],"replies":[{"embeddable":true,"href":"https:\/\/sites.uel.br\/pdi\/wp-json\/wp\/v2\/comments?post=152"}],"version-history":[{"count":1,"href":"https:\/\/sites.uel.br\/pdi\/wp-json\/wp\/v2\/pages\/152\/revisions"}],"predecessor-version":[{"id":155,"href":"https:\/\/sites.uel.br\/pdi\/wp-json\/wp\/v2\/pages\/152\/revisions\/155"}],"wp:attachment":[{"href":"https:\/\/sites.uel.br\/pdi\/wp-json\/wp\/v2\/media?parent=152"}],"curies":[{"name":"wp","href":"https:\/\/api.w.org\/{rel}","templated":true}]}}