{"id":144,"date":"2022-09-07T14:11:36","date_gmt":"2022-09-07T17:11:36","guid":{"rendered":"https:\/\/sites.uel.br\/pdi\/?page_id=144"},"modified":"2022-09-07T14:14:06","modified_gmt":"2022-09-07T17:14:06","slug":"eixo-tematico-iv-perfil-do-corpo-docente","status":"publish","type":"page","link":"https:\/\/sites.uel.br\/pdi\/eixo-tematico-iv-perfil-do-corpo-docente\/","title":{"rendered":"Eixo Tem\u00e1tico IV &#8211; PERFIL DO CORPO DOCENTE"},"content":{"rendered":"\n<p class=\"has-white-color has-text-color\">&#8211;<\/p>\n\n\n\n<p>No que se refere ao Eixo Tem\u00e1tico IV \u2013 Perfil do Corpo Docente, a descri\u00e7\u00e3o foi alicer\u00e7ada nos seguintes t\u00f3picos:&nbsp;<\/p>\n\n\n\n<ul class=\"wp-block-list\"><li>composi\u00e7\u00e3o do corpo docente (titula\u00e7\u00e3o, regime de trabalho, experi\u00eancia acad\u00eamica e experi\u00eancia profissional);\u00a0<\/li><li>plano de carreira do corpo docente (apresenta\u00e7\u00e3o e pol\u00edticas de capacita\u00e7\u00e3o);\u00a0<\/li><li>crit\u00e9rios de sele\u00e7\u00e3o e contrata\u00e7\u00e3o;\u00a0<\/li><li>procedimentos para substitui\u00e7\u00e3o do corpo docente (definitiva, eventual e recomposi\u00e7\u00e3o); e,<\/li><li>cronograma e plano de extens\u00e3o do corpo docente (titula\u00e7\u00e3o, regime de trabalho, perfil do quadro existente e perfil do quadro pretendido).<\/li><\/ul>\n","protected":false},"excerpt":{"rendered":"<p>&#8211; No que se refere ao Eixo Tem\u00e1tico IV \u2013 Perfil do Corpo Docente, a descri\u00e7\u00e3o foi alicer\u00e7ada nos seguintes t\u00f3picos:&nbsp; composi\u00e7\u00e3o do corpo docente (titula\u00e7\u00e3o, regime de trabalho, experi\u00eancia acad\u00eamica e experi\u00eancia profissional);\u00a0 plano de carreira do corpo docente (apresenta\u00e7\u00e3o e pol\u00edticas de capacita\u00e7\u00e3o);\u00a0 crit\u00e9rios de sele\u00e7\u00e3o e contrata\u00e7\u00e3o;\u00a0 procedimentos para substitui\u00e7\u00e3o do corpo [&hellip;]<\/p>\n","protected":false},"author":8,"featured_media":0,"parent":0,"menu_order":0,"comment_status":"closed","ping_status":"closed","template":"","meta":{"footnotes":""},"class_list":["post-144","page","type-page","status-publish","hentry"],"acf":[],"_links":{"self":[{"href":"https:\/\/sites.uel.br\/pdi\/wp-json\/wp\/v2\/pages\/144","targetHints":{"allow":["GET"]}}],"collection":[{"href":"https:\/\/sites.uel.br\/pdi\/wp-json\/wp\/v2\/pages"}],"about":[{"href":"https:\/\/sites.uel.br\/pdi\/wp-json\/wp\/v2\/types\/page"}],"author":[{"embeddable":true,"href":"https:\/\/sites.uel.br\/pdi\/wp-json\/wp\/v2\/users\/8"}],"replies":[{"embeddable":true,"href":"https:\/\/sites.uel.br\/pdi\/wp-json\/wp\/v2\/comments?post=144"}],"version-history":[{"count":2,"href":"https:\/\/sites.uel.br\/pdi\/wp-json\/wp\/v2\/pages\/144\/revisions"}],"predecessor-version":[{"id":157,"href":"https:\/\/sites.uel.br\/pdi\/wp-json\/wp\/v2\/pages\/144\/revisions\/157"}],"wp:attachment":[{"href":"https:\/\/sites.uel.br\/pdi\/wp-json\/wp\/v2\/media?parent=144"}],"curies":[{"name":"wp","href":"https:\/\/api.w.org\/{rel}","templated":true}]}}