{"id":140,"date":"2022-09-07T14:10:40","date_gmt":"2022-09-07T17:10:40","guid":{"rendered":"https:\/\/sites.uel.br\/pdi\/?page_id=140"},"modified":"2022-09-07T14:10:40","modified_gmt":"2022-09-07T17:10:40","slug":"eixo-tematico-iii-cronograma-de-implantacao-e-desenvolvimento-da-instituicao-e-dos-cursos","status":"publish","type":"page","link":"https:\/\/sites.uel.br\/pdi\/eixo-tematico-iii-cronograma-de-implantacao-e-desenvolvimento-da-instituicao-e-dos-cursos\/","title":{"rendered":"Eixo Tem\u00e1tico III &#8211; CRONOGRAMA DE IMPLANTA\u00c7\u00c3O E DESENVOLVIMENTO DA INSTITUI\u00c7\u00c3O E DOS CURSOS"},"content":{"rendered":"\n<p class=\"has-white-color has-text-color\">&#8211;<\/p>\n\n\n\n<p>Conforme orienta\u00e7\u00e3o dos marcos legais e dos documentos de refer\u00eancia considerados para a elabora\u00e7\u00e3o deste PDI, a apresenta\u00e7\u00e3o do Eixo III \u2013 Cronograma de Implanta\u00e7\u00e3o e Desenvolvimento da Institui\u00e7\u00e3o e dos Cursos ocorreu a partir da oferta de cursos (vagas, turmas, turnos, matr\u00edculas, situa\u00e7\u00e3o atual e expans\u00e3o).<\/p>\n","protected":false},"excerpt":{"rendered":"<p>&#8211; Conforme orienta\u00e7\u00e3o dos marcos legais e dos documentos de refer\u00eancia considerados para a elabora\u00e7\u00e3o deste PDI, a apresenta\u00e7\u00e3o do Eixo III \u2013 Cronograma de Implanta\u00e7\u00e3o e Desenvolvimento da Institui\u00e7\u00e3o e dos Cursos ocorreu a partir da oferta de cursos (vagas, turmas, turnos, matr\u00edculas, situa\u00e7\u00e3o atual e expans\u00e3o).<\/p>\n","protected":false},"author":8,"featured_media":0,"parent":0,"menu_order":0,"comment_status":"closed","ping_status":"closed","template":"","meta":{"footnotes":""},"class_list":["post-140","page","type-page","status-publish","hentry"],"acf":[],"_links":{"self":[{"href":"https:\/\/sites.uel.br\/pdi\/wp-json\/wp\/v2\/pages\/140","targetHints":{"allow":["GET"]}}],"collection":[{"href":"https:\/\/sites.uel.br\/pdi\/wp-json\/wp\/v2\/pages"}],"about":[{"href":"https:\/\/sites.uel.br\/pdi\/wp-json\/wp\/v2\/types\/page"}],"author":[{"embeddable":true,"href":"https:\/\/sites.uel.br\/pdi\/wp-json\/wp\/v2\/users\/8"}],"replies":[{"embeddable":true,"href":"https:\/\/sites.uel.br\/pdi\/wp-json\/wp\/v2\/comments?post=140"}],"version-history":[{"count":1,"href":"https:\/\/sites.uel.br\/pdi\/wp-json\/wp\/v2\/pages\/140\/revisions"}],"predecessor-version":[{"id":143,"href":"https:\/\/sites.uel.br\/pdi\/wp-json\/wp\/v2\/pages\/140\/revisions\/143"}],"wp:attachment":[{"href":"https:\/\/sites.uel.br\/pdi\/wp-json\/wp\/v2\/media?parent=140"}],"curies":[{"name":"wp","href":"https:\/\/api.w.org\/{rel}","templated":true}]}}