{"id":1381,"date":"2022-10-17T17:25:24","date_gmt":"2022-10-17T20:25:24","guid":{"rendered":"https:\/\/sites.uel.br\/pdi\/?page_id=1381"},"modified":"2022-10-17T17:25:24","modified_gmt":"2022-10-17T20:25:24","slug":"programa-nacional-de-formacao-de-professores-da-educacao-basica","status":"publish","type":"page","link":"https:\/\/sites.uel.br\/pdi\/programa-nacional-de-formacao-de-professores-da-educacao-basica\/","title":{"rendered":"Programa Nacional de Forma\u00e7\u00e3o de Professores da Educa\u00e7\u00e3o B\u00e1sica"},"content":{"rendered":"\n<p class=\"has-white-color has-text-color\">.<\/p>\n\n\n\n<p>O Programa Nacional de Forma\u00e7\u00e3o de Professores da Educa\u00e7\u00e3o B\u00e1sica (PARFOR) foi criado em 2009 como uma iniciativa do Minist\u00e9rio da Educa\u00e7\u00e3o (MEC) desenvolvida pela CAPES. A UEL foi a primeira Universidade paranaense a aderir ao programa e \u00e9 a Institui\u00e7\u00e3o do sul do pa\u00eds eu mais oferta vagas nos editais. Ao todo, mais de 600 profissionais da rede p\u00fablica de ensino, de 57 munic\u00edpios da regi\u00e3o, passaram pela forma\u00e7\u00e3o. H\u00e1 duas possibilidades de participa\u00e7\u00e3o: como segunda licenciatura, para professores licenciados que atuam fora de sua \u00e1rea de forma\u00e7\u00e3o; e, como forma\u00e7\u00e3o pedag\u00f3gica, para bachar\u00e9is e tecn\u00f3logos sem licenciatura que atuam nos cursos profissionalizantes de escolas p\u00fablicas. A UEL oferece vagas em oito cursos, sendo eles: Artes Visuais, Ci\u00eancias Biol\u00f3gicas, F\u00edsica, Geografia, Matem\u00e1tica, M\u00fasica, Pedagogia e Qu\u00edmica.<\/p>\n","protected":false},"excerpt":{"rendered":"<p>. O Programa Nacional de Forma\u00e7\u00e3o de Professores da Educa\u00e7\u00e3o B\u00e1sica (PARFOR) foi criado em 2009 como uma iniciativa do Minist\u00e9rio da Educa\u00e7\u00e3o (MEC) desenvolvida pela CAPES. A UEL foi a primeira Universidade paranaense a aderir ao programa e \u00e9 a Institui\u00e7\u00e3o do sul do pa\u00eds eu mais oferta vagas nos editais. Ao todo, mais [&hellip;]<\/p>\n","protected":false},"author":8,"featured_media":0,"parent":0,"menu_order":0,"comment_status":"closed","ping_status":"closed","template":"","meta":{"footnotes":""},"class_list":["post-1381","page","type-page","status-publish","hentry"],"acf":[],"_links":{"self":[{"href":"https:\/\/sites.uel.br\/pdi\/wp-json\/wp\/v2\/pages\/1381","targetHints":{"allow":["GET"]}}],"collection":[{"href":"https:\/\/sites.uel.br\/pdi\/wp-json\/wp\/v2\/pages"}],"about":[{"href":"https:\/\/sites.uel.br\/pdi\/wp-json\/wp\/v2\/types\/page"}],"author":[{"embeddable":true,"href":"https:\/\/sites.uel.br\/pdi\/wp-json\/wp\/v2\/users\/8"}],"replies":[{"embeddable":true,"href":"https:\/\/sites.uel.br\/pdi\/wp-json\/wp\/v2\/comments?post=1381"}],"version-history":[{"count":1,"href":"https:\/\/sites.uel.br\/pdi\/wp-json\/wp\/v2\/pages\/1381\/revisions"}],"predecessor-version":[{"id":1382,"href":"https:\/\/sites.uel.br\/pdi\/wp-json\/wp\/v2\/pages\/1381\/revisions\/1382"}],"wp:attachment":[{"href":"https:\/\/sites.uel.br\/pdi\/wp-json\/wp\/v2\/media?parent=1381"}],"curies":[{"name":"wp","href":"https:\/\/api.w.org\/{rel}","templated":true}]}}