{"id":1334,"date":"2022-10-17T16:31:49","date_gmt":"2022-10-17T19:31:49","guid":{"rendered":"https:\/\/sites.uel.br\/pdi\/?page_id=1334"},"modified":"2022-11-10T16:29:27","modified_gmt":"2022-11-10T19:29:27","slug":"gepe-uel-contextualizacao","status":"publish","type":"page","link":"https:\/\/sites.uel.br\/pdi\/gepe-uel-contextualizacao\/","title":{"rendered":"GEPE-UEL: Contextualiza\u00e7\u00e3o"},"content":{"rendered":"\n<p class=\"has-white-color has-text-color\">.<\/p>\n\n\n\n<p>O Grupo de Estudos de Pr\u00e1ticas em Ensino da Universidade Estadual de Londrina (GEPE-UEL) foi criado em 2011, junto \u00e0 Pr\u00f3-Reitoria de Gradua\u00e7\u00e3o (PROGRAD), como um projeto de forma\u00e7\u00e3o cont\u00ednua voltada aos professores atuantes nos 53 cursos de gradua\u00e7\u00e3o da UEL, em diferentes \u00e1reas do conhecimento (Biol\u00f3gicas, Comunica\u00e7\u00e3o e Artes, Exatas, Humanas, Agr\u00e1rias e Animal, Sa\u00fade, Tecnologia e Urbanismo).<\/p>\n\n\n\n<p>Com o objetivo maior de institucionalizar um espa\u00e7o de reflex\u00e3o sobre as pr\u00e1ticas educativas no Ensino Superior, o GEPE se constitui como uma ambi\u00eancia pol\u00edtico-pedag\u00f3gica democr\u00e1tica de forma\u00e7\u00e3o permanente, possibilitando a avalia\u00e7\u00e3o, reavalia\u00e7\u00e3o e reelabora\u00e7\u00e3o das a\u00e7\u00f5es afirmativas.<\/p>\n\n\n\n<p>As a\u00e7\u00f5es gepeanas est\u00e3o voltadas para a promo\u00e7\u00e3o de oficinas, cursos de forma\u00e7\u00e3o e f\u00f3runs de discuss\u00e3o, estudos e pesquisas em torno das m\u00faltiplas experi\u00eancias na Educa\u00e7\u00e3o Superior, com foco na rela\u00e7\u00e3o professor-estudante-conhecimento, servindo de fonte de revis\u00e3o das intera\u00e7\u00f5es pedag\u00f3gicas, para a melhoria dos cursos de gradua\u00e7\u00e3o.<\/p>\n\n\n\n<p>Os resultados obtidos ao longo dos anos de atua\u00e7\u00e3o do GEPE t\u00eam sido sistematizados e publicizados com o intuito de disseminar as suas pr\u00e1ticas, assim como ampliar o debate sobre a import\u00e2ncia das rela\u00e7\u00f5es pedag\u00f3gicas no \u00e2mbito da doc\u00eancia no Ensino Superior.<\/p>\n\n\n\n<p>Considerando que \u00e9 a\u00e7\u00e3o imprescind\u00edvel a reflex\u00e3o sobre o ensino e a pr\u00e1tica educativa no Ensino Superior, mais precisamente nos Cursos de Gradua\u00e7\u00e3o, impl\u00edcito nesse processo as \u00e1reas de aprendizagem e dos fundadores da educa\u00e7\u00e3o, da epistemologia e da metodologia em ensino superior, o GEPE-UEL tem como finalidade primordial criar espa\u00e7os e a\u00e7\u00f5es que possibilitem aos docentes refletirem sobre suas experi\u00eancias de ensino, compreenderem mais elaboradamente a rela\u00e7\u00e3o pedag\u00f3gica que se estabelece no processo de ensino e aprendizagem, possibilitando reavalia\u00e7\u00e3o e reelabora\u00e7\u00e3o da a\u00e7\u00e3o formativa.<\/p>\n\n\n\n<p>Os objetivos que conduzem o GEPE s\u00e3o:<\/p>\n\n\n\n<ul class=\"wp-block-list\">\n<li>desenvolver e coordenar a\u00e7\u00f5es para a forma\u00e7\u00e3o continuada dos docentes interessados na reflex\u00e3o e reelabora\u00e7\u00e3o de sua pr\u00e1tica pedag\u00f3gica;<\/li>\n\n\n\n<li>promover f\u00f3runs de discuss\u00e3o sobre a pr\u00e1tica pedag\u00f3gica no \u00e2mbito da UEL;<\/li>\n\n\n\n<li>promover eventos focados nos estudos, pesquisas e experi\u00eancias da Educa\u00e7\u00e3o Superior;<\/li>\n\n\n\n<li>sistematizar e publicizar os trabalhos desenvolvidos no \u00e2mbito do GEPE-UEL; e,<\/li>\n\n\n\n<li>elaborar e coordenar projetos para capta\u00e7\u00e3o de recursos a serem aplicados no ensino de gradua\u00e7\u00e3o.<\/li>\n<\/ul>\n\n\n\n<p>Compete ao GEPE:<\/p>\n\n\n\n<ul class=\"wp-block-list\">\n<li>planejar e coordenar atividades que envolvam di\u00e1logo entre os cursos de gradua\u00e7\u00e3o referentes \u00e0s pr\u00e1ticas pedag\u00f3gicas;<\/li>\n\n\n\n<li>promover a\u00e7\u00f5es pedag\u00f3gicas para subsidiar as pr\u00e1ticas de ensino dos Cursos de Gradua\u00e7\u00e3o;<\/li>\n\n\n\n<li>propor politicas de valoriza\u00e7\u00e3o da a\u00e7\u00e3o docente e de intera\u00e7\u00e3o com outras universidades; e,<\/li>\n\n\n\n<li>desenvolver atividades de interesse e necessidade pedag\u00f3gicas dos Cursos de Gradua\u00e7\u00e3o e da comunidade local e regional.<\/li>\n<\/ul>\n","protected":false},"excerpt":{"rendered":"<p>. O Grupo de Estudos de Pr\u00e1ticas em Ensino da Universidade Estadual de Londrina (GEPE-UEL) foi criado em 2011, junto \u00e0 Pr\u00f3-Reitoria de Gradua\u00e7\u00e3o (PROGRAD), como um projeto de forma\u00e7\u00e3o cont\u00ednua voltada aos professores atuantes nos 53 cursos de gradua\u00e7\u00e3o da UEL, em diferentes \u00e1reas do conhecimento (Biol\u00f3gicas, Comunica\u00e7\u00e3o e Artes, Exatas, Humanas, Agr\u00e1rias e [&hellip;]<\/p>\n","protected":false},"author":8,"featured_media":0,"parent":0,"menu_order":0,"comment_status":"closed","ping_status":"closed","template":"","meta":{"footnotes":""},"class_list":["post-1334","page","type-page","status-publish","hentry"],"acf":[],"_links":{"self":[{"href":"https:\/\/sites.uel.br\/pdi\/wp-json\/wp\/v2\/pages\/1334","targetHints":{"allow":["GET"]}}],"collection":[{"href":"https:\/\/sites.uel.br\/pdi\/wp-json\/wp\/v2\/pages"}],"about":[{"href":"https:\/\/sites.uel.br\/pdi\/wp-json\/wp\/v2\/types\/page"}],"author":[{"embeddable":true,"href":"https:\/\/sites.uel.br\/pdi\/wp-json\/wp\/v2\/users\/8"}],"replies":[{"embeddable":true,"href":"https:\/\/sites.uel.br\/pdi\/wp-json\/wp\/v2\/comments?post=1334"}],"version-history":[{"count":2,"href":"https:\/\/sites.uel.br\/pdi\/wp-json\/wp\/v2\/pages\/1334\/revisions"}],"predecessor-version":[{"id":2113,"href":"https:\/\/sites.uel.br\/pdi\/wp-json\/wp\/v2\/pages\/1334\/revisions\/2113"}],"wp:attachment":[{"href":"https:\/\/sites.uel.br\/pdi\/wp-json\/wp\/v2\/media?parent=1334"}],"curies":[{"name":"wp","href":"https:\/\/api.w.org\/{rel}","templated":true}]}}