{"id":1308,"date":"2022-10-17T14:24:52","date_gmt":"2022-10-17T17:24:52","guid":{"rendered":"https:\/\/sites.uel.br\/pdi\/?page_id=1308"},"modified":"2022-11-11T16:59:30","modified_gmt":"2022-11-11T19:59:30","slug":"ensino","status":"publish","type":"page","link":"https:\/\/sites.uel.br\/pdi\/ensino\/","title":{"rendered":"Contextualiza\u00e7\u00e3o da Pr\u00e1tica do Ensino"},"content":{"rendered":"\n<p class=\"has-white-color has-text-color\">.<\/p>\n\n\n\n<p>A Universidade Estadual de Londrina desempenha a pr\u00e1tica do ensino a partir da oferta de cursos e programas, os quais compreendem um conjunto de atividades sistematizadas, com o objetivo de educar e instruir, destinado a conferir diploma, certificado ou grau acad\u00eamico.<\/p>\n\n\n\n<p>Na UEL podem ser ministrados:<\/p>\n\n\n\n<ul class=\"wp-block-list\">\n<li>cursos de gradua\u00e7\u00e3o nas modalidades presencial, podendo admitir a semi-presencialidade, e n\u00e3o presencial;<\/li>\n\n\n\n<li>cursos de p\u00f3s-gradua\u00e7\u00e3o Lato<em>&nbsp;<\/em>Sensu, nas modalidades presencial e n\u00e3o presencial; e,<\/li>\n\n\n\n<li>programas de p\u00f3s-gradua\u00e7\u00e3o Stricto<em>&nbsp;<\/em>Sensu na modalidade presencial, com a possibilidade de desenvolvimento de atividades n\u00e3o presenciais.<\/li>\n<\/ul>\n\n\n\n<p>Quanto aos objetivos e finalidades:<\/p>\n\n\n\n<ul class=\"wp-block-list\">\n<li>os cursos de gradua\u00e7\u00e3o t\u00eam por finalidade a concess\u00e3o de graus acad\u00eamicos, devendo, para tanto, possibilitar a forma\u00e7\u00e3o de profissionais de qualidade, com consci\u00eancia cr\u00edtica e aptos para o exerc\u00edcio da cidadania, para a atua\u00e7\u00e3o em profiss\u00f5es espec\u00edficas e para as atividades culturais, cient\u00edficas e t\u00e9cnicas;<\/li>\n\n\n\n<li>os cursos de p\u00f3s-gradua\u00e7\u00e3o Lato<em>&nbsp;<\/em>Sensu t\u00eam por objetivo atualizar e melhorar conhecimentos e t\u00e9cnicas de trabalho, bem como de preparar especialistas em setores restritos de estudo, devendo, para tanto, possibilitar uma forma\u00e7\u00e3o cient\u00edfica e cultural em \u00e1reas espec\u00edficas de conhecimento em dois n\u00edveis, o de aperfei\u00e7oamento e o de especializa\u00e7\u00e3o, aos quais facultam os certificados respectivos; e,<\/li>\n\n\n\n<li>os programas de p\u00f3s-gradua\u00e7\u00e3o Stricto Sensu destinam-se a propiciar forma\u00e7\u00e3o cient\u00edfica ou cultural mais ampla e aprofundada de docentes e pesquisadores em todas as \u00e1reas do saber, compreendendo dois n\u00edveis, os de mestrado e de doutorado.<\/li>\n<\/ul>\n\n\n\n<p>Os cursos de gradua\u00e7\u00e3o, de p\u00f3s-gradua\u00e7\u00e3o Lato<em>&nbsp;<\/em>Sensu e os programas de p\u00f3s-gradua\u00e7\u00e3o Stricto<em>&nbsp;<\/em>Sensu possuem um curr\u00edculo que prev\u00ea um conjunto articulado de atividades pedag\u00f3gicas sistematizadas e complementares, visando uma qualifica\u00e7\u00e3o universit\u00e1ria, a partir de um projeto pol\u00edtico-pedag\u00f3gico. Os projetos pol\u00edticos-pedag\u00f3gicos decorrem e est\u00e3o subordinados ao projeto pol\u00edtico-pedag\u00f3gico institucional da Universidade. O curr\u00edculo de cada curso re\u00fane atividades pedag\u00f3gicas obrigat\u00f3rias e complementares:<\/p>\n\n\n\n<ul class=\"wp-block-list\">\n<li>Por atividades pedag\u00f3gicas de natureza obrigat\u00f3ria entende-se disciplinas, atividades acad\u00eamicas, trabalhos de conclus\u00e3o de curso, est\u00e1gios supervisionados, monografias e outras previstas no projeto pedag\u00f3gico.<\/li>\n\n\n\n<li>As atividades acad\u00eamicas complementares correspondem \u00e0 participa\u00e7\u00e3o do estudante em: cursos de extens\u00e3o, disciplinas eletivas, disciplinas especiais, estrat\u00e9gias curriculares n\u00e3o obrigat\u00f3rias, eventos, monitoria acad\u00eamica, programas de extens\u00e3o, programas de forma\u00e7\u00e3o complementar, projetos de extens\u00e3o, projetos integrados, projetos de pesquisa, projetos de pesquisa em ensino e outras atividades, desde que regulamentadas no projeto pedag\u00f3gico de cada curso.<\/li>\n<\/ul>\n\n\n\n<p>Com o intuito de explorar algumas frentes de atua\u00e7\u00e3o da Universidade Estadual de Londrina em rela\u00e7\u00e3o ao ensino, apresenta-se em sequ\u00eancia alguns temas pertinentes:&nbsp;<\/p>\n","protected":false},"excerpt":{"rendered":"<p>. A Universidade Estadual de Londrina desempenha a pr\u00e1tica do ensino a partir da oferta de cursos e programas, os quais compreendem um conjunto de atividades sistematizadas, com o objetivo de educar e instruir, destinado a conferir diploma, certificado ou grau acad\u00eamico. Na UEL podem ser ministrados: Quanto aos objetivos e finalidades: Os cursos de [&hellip;]<\/p>\n","protected":false},"author":8,"featured_media":0,"parent":0,"menu_order":0,"comment_status":"closed","ping_status":"closed","template":"","meta":{"footnotes":""},"class_list":["post-1308","page","type-page","status-publish","hentry"],"acf":[],"_links":{"self":[{"href":"https:\/\/sites.uel.br\/pdi\/wp-json\/wp\/v2\/pages\/1308","targetHints":{"allow":["GET"]}}],"collection":[{"href":"https:\/\/sites.uel.br\/pdi\/wp-json\/wp\/v2\/pages"}],"about":[{"href":"https:\/\/sites.uel.br\/pdi\/wp-json\/wp\/v2\/types\/page"}],"author":[{"embeddable":true,"href":"https:\/\/sites.uel.br\/pdi\/wp-json\/wp\/v2\/users\/8"}],"replies":[{"embeddable":true,"href":"https:\/\/sites.uel.br\/pdi\/wp-json\/wp\/v2\/comments?post=1308"}],"version-history":[{"count":9,"href":"https:\/\/sites.uel.br\/pdi\/wp-json\/wp\/v2\/pages\/1308\/revisions"}],"predecessor-version":[{"id":2465,"href":"https:\/\/sites.uel.br\/pdi\/wp-json\/wp\/v2\/pages\/1308\/revisions\/2465"}],"wp:attachment":[{"href":"https:\/\/sites.uel.br\/pdi\/wp-json\/wp\/v2\/media?parent=1308"}],"curies":[{"name":"wp","href":"https:\/\/api.w.org\/{rel}","templated":true}]}}