{"id":1206,"date":"2022-10-04T10:48:24","date_gmt":"2022-10-04T13:48:24","guid":{"rendered":"https:\/\/sites.uel.br\/pdi\/?page_id=1206"},"modified":"2022-10-04T10:48:24","modified_gmt":"2022-10-04T13:48:24","slug":"encontro-anual-de-iniciacao-cientifica","status":"publish","type":"page","link":"https:\/\/sites.uel.br\/pdi\/encontro-anual-de-iniciacao-cientifica\/","title":{"rendered":"Encontro Anual de Inicia\u00e7\u00e3o Cient\u00edfica"},"content":{"rendered":"\n<p class=\"has-white-color has-text-color\">.<\/p>\n\n\n\n<p>O Encontro Anual de Inicia\u00e7\u00e3o Cient\u00edfica \u00e9 um evento promovido pela Pr\u00f3-Reitoria de Pesquisa e P\u00f3s-Gradua\u00e7\u00e3o da Universidade Estadual de Londrina, que visa integrar docentes orientadores, p\u00f3s-graduandos e alunos de gradua\u00e7\u00e3o de todos os cursos e \u00e1reas de conhecimento da UEL que desenvolvam trabalhos de pesquisa na modalidade de inicia\u00e7\u00e3o cient\u00edfica. O EAIC tem as seguintes: fun\u00e7\u00e3o de disseminar resultados de pesquisas desenvolvidas na modalidade de Inicia\u00e7\u00e3o Cient\u00edfica e Inicia\u00e7\u00e3o Cient\u00edfica J\u00fanior nas diferentes \u00e1reas de conhecimento da Universidade; estreitar o interc\u00e2mbio entre os pesquisadores envolvidos; fortalecer grupos de pesquisa dos diferentes centros de estudos envolvidos; estimular a participa\u00e7\u00e3o de estudantes da gradua\u00e7\u00e3o em projetos de pesquisa; apresentar diferentes ferramentas aplic\u00e1veis \u00e0 pesquisa cient\u00edfica de uma maneira geral; e, promover a troca de experi\u00eancias entre bolsistas de IC, p\u00f3s-graduandos e docentes. O Programa de Inicia\u00e7\u00e3o Cient\u00edfica da Universidade Estadual de Londrina visa, al\u00e9m de despertar a voca\u00e7\u00e3o cient\u00edfica, contribuir para a constru\u00e7\u00e3o de um esp\u00edrito cr\u00edtico nos acad\u00eamicos, preparando-os para o exerc\u00edcio da profiss\u00e3o de forma \u00e9tica e conscientizando-os do seu papel como vetor de desenvolvimento da regi\u00e3o e, consequentemente do pa\u00eds.<\/p>\n","protected":false},"excerpt":{"rendered":"<p>. O Encontro Anual de Inicia\u00e7\u00e3o Cient\u00edfica \u00e9 um evento promovido pela Pr\u00f3-Reitoria de Pesquisa e P\u00f3s-Gradua\u00e7\u00e3o da Universidade Estadual de Londrina, que visa integrar docentes orientadores, p\u00f3s-graduandos e alunos de gradua\u00e7\u00e3o de todos os cursos e \u00e1reas de conhecimento da UEL que desenvolvam trabalhos de pesquisa na modalidade de inicia\u00e7\u00e3o cient\u00edfica. O EAIC tem [&hellip;]<\/p>\n","protected":false},"author":8,"featured_media":0,"parent":0,"menu_order":0,"comment_status":"closed","ping_status":"closed","template":"","meta":{"footnotes":""},"class_list":["post-1206","page","type-page","status-publish","hentry"],"acf":[],"_links":{"self":[{"href":"https:\/\/sites.uel.br\/pdi\/wp-json\/wp\/v2\/pages\/1206","targetHints":{"allow":["GET"]}}],"collection":[{"href":"https:\/\/sites.uel.br\/pdi\/wp-json\/wp\/v2\/pages"}],"about":[{"href":"https:\/\/sites.uel.br\/pdi\/wp-json\/wp\/v2\/types\/page"}],"author":[{"embeddable":true,"href":"https:\/\/sites.uel.br\/pdi\/wp-json\/wp\/v2\/users\/8"}],"replies":[{"embeddable":true,"href":"https:\/\/sites.uel.br\/pdi\/wp-json\/wp\/v2\/comments?post=1206"}],"version-history":[{"count":1,"href":"https:\/\/sites.uel.br\/pdi\/wp-json\/wp\/v2\/pages\/1206\/revisions"}],"predecessor-version":[{"id":1207,"href":"https:\/\/sites.uel.br\/pdi\/wp-json\/wp\/v2\/pages\/1206\/revisions\/1207"}],"wp:attachment":[{"href":"https:\/\/sites.uel.br\/pdi\/wp-json\/wp\/v2\/media?parent=1206"}],"curies":[{"name":"wp","href":"https:\/\/api.w.org\/{rel}","templated":true}]}}