{"id":1198,"date":"2022-10-04T10:46:03","date_gmt":"2022-10-04T13:46:03","guid":{"rendered":"https:\/\/sites.uel.br\/pdi\/?page_id=1198"},"modified":"2022-10-04T10:46:03","modified_gmt":"2022-10-04T13:46:03","slug":"iniciacao-cientifica-junior","status":"publish","type":"page","link":"https:\/\/sites.uel.br\/pdi\/iniciacao-cientifica-junior\/","title":{"rendered":"Inicia\u00e7\u00e3o Cient\u00edfica J\u00fanior"},"content":{"rendered":"\n<p class=\"has-white-color has-text-color\">.<\/p>\n\n\n\n<p>O Programa de Inicia\u00e7\u00e3o Cient\u00edfica Junior da Universidade Estadual de Londrina objetiva despertar voca\u00e7\u00e3o cient\u00edfica e incentivar talentos potenciais entre estudantes do ensino m\u00e9dio da Rede P\u00fablica de Ensino, mediante sua participa\u00e7\u00e3o em atividades de pesquisa cient\u00edfica ou tecnol\u00f3gica, orientadas por pesquisador qualificado, em projetos de pesquisa cadastrados e em execu\u00e7\u00e3o na UEL. Alunos de escola p\u00fablica matriculados no primeiro ou segundo ano do ensino m\u00e9dio poder\u00e3o se inscrever. Os interessados devem entregar no atendimento da PROPPG a ficha de inscri\u00e7\u00e3o, com c\u00f3pia do CPF e RG, hist\u00f3rico escolar e atestado de recomenda\u00e7\u00e3o da escola. A sele\u00e7\u00e3o \u00e9 realizada de acordo com a \u00e1rea de interesse e as notas do estudante. Havendo bolsas dispon\u00edveis, a PROPPG poder\u00e1 entrar em contato com o interessado.<\/p>\n","protected":false},"excerpt":{"rendered":"<p>. O Programa de Inicia\u00e7\u00e3o Cient\u00edfica Junior da Universidade Estadual de Londrina objetiva despertar voca\u00e7\u00e3o cient\u00edfica e incentivar talentos potenciais entre estudantes do ensino m\u00e9dio da Rede P\u00fablica de Ensino, mediante sua participa\u00e7\u00e3o em atividades de pesquisa cient\u00edfica ou tecnol\u00f3gica, orientadas por pesquisador qualificado, em projetos de pesquisa cadastrados e em execu\u00e7\u00e3o na UEL. Alunos [&hellip;]<\/p>\n","protected":false},"author":8,"featured_media":0,"parent":0,"menu_order":0,"comment_status":"closed","ping_status":"closed","template":"","meta":{"footnotes":""},"class_list":["post-1198","page","type-page","status-publish","hentry"],"acf":[],"_links":{"self":[{"href":"https:\/\/sites.uel.br\/pdi\/wp-json\/wp\/v2\/pages\/1198","targetHints":{"allow":["GET"]}}],"collection":[{"href":"https:\/\/sites.uel.br\/pdi\/wp-json\/wp\/v2\/pages"}],"about":[{"href":"https:\/\/sites.uel.br\/pdi\/wp-json\/wp\/v2\/types\/page"}],"author":[{"embeddable":true,"href":"https:\/\/sites.uel.br\/pdi\/wp-json\/wp\/v2\/users\/8"}],"replies":[{"embeddable":true,"href":"https:\/\/sites.uel.br\/pdi\/wp-json\/wp\/v2\/comments?post=1198"}],"version-history":[{"count":1,"href":"https:\/\/sites.uel.br\/pdi\/wp-json\/wp\/v2\/pages\/1198\/revisions"}],"predecessor-version":[{"id":1199,"href":"https:\/\/sites.uel.br\/pdi\/wp-json\/wp\/v2\/pages\/1198\/revisions\/1199"}],"wp:attachment":[{"href":"https:\/\/sites.uel.br\/pdi\/wp-json\/wp\/v2\/media?parent=1198"}],"curies":[{"name":"wp","href":"https:\/\/api.w.org\/{rel}","templated":true}]}}