{"id":1191,"date":"2022-10-04T10:40:18","date_gmt":"2022-10-04T13:40:18","guid":{"rendered":"https:\/\/sites.uel.br\/pdi\/?page_id=1191"},"modified":"2022-10-04T10:40:18","modified_gmt":"2022-10-04T13:40:18","slug":"infraestrutura-de-laboratorios","status":"publish","type":"page","link":"https:\/\/sites.uel.br\/pdi\/infraestrutura-de-laboratorios\/","title":{"rendered":"Infraestrutura de Laborat\u00f3rios"},"content":{"rendered":"\n<p class=\"has-text-color\" style=\"color:#fefefe\">.<\/p>\n\n\n\n<p>A inser\u00e7\u00e3o cient\u00edfica da UEL tamb\u00e9m pode ser comprovada a partir de sua infraestrutura, que \u00e9 composta por um total de 79 laborat\u00f3rios, os quais est\u00e3o listados em sequ\u00eancia:<\/p>\n\n\n\n<ul class=\"wp-block-list\"><li>Laborat\u00f3rio de An\u00e1lise de Alimentos<\/li><li>Laborat\u00f3rio de An\u00e1lise Histopatol\u00f3gica<\/li><li>Laborat\u00f3rio de An\u00e1lise Experimental do Comportamento Humano<\/li><li>Laborat\u00f3rio de An\u00e1lises e Tecnologias Comportamentais<\/li><li>Laborat\u00f3rio de An\u00e1lises por Raio X<\/li><li>Laborat\u00f3rio de An\u00e1lises Territoriais Campo-Cidade<\/li><li>Laborat\u00f3rio de Avalia\u00e7\u00e3o e Desenvolvimento de Jogos Educativos<\/li><li>Laborat\u00f3rio de Bacteriologia<\/li><li>Laborat\u00f3rio de Bio\u00e9tica<\/li><li>Laborat\u00f3rio de Bioinform\u00e1tica<\/li><li>Laborat\u00f3rio de Bioinseticida<\/li><li>Laborat\u00f3rio de Biomedicina Microbiana<\/li><li>Laborat\u00f3rio de Cartografia<\/li><li>Laborat\u00f3rio de Citogen\u00e9tica Animal<\/li><li>Laborat\u00f3rio de Citogen\u00e9tica e Diversidade Vegetal<\/li><li>Laborat\u00f3rio de Conforto Ambiental<\/li><li>Laborat\u00f3rio de Conserva\u00e7\u00e3o de Forragens<\/li><li>Laborat\u00f3rio de Desenvolvimento de M\u00e9todos Anal\u00edticos<\/li><li>Laborat\u00f3rio de Documenta\u00e7\u00e3o Arquitet\u00f4nica e da Constru\u00e7\u00e3o Luiz C\u00e9sar Silva<\/li><li>Laborat\u00f3rio de Ecologia Microbiana<\/li><li>Laborat\u00f3rio de Engenharia Neural e de Reabilita\u00e7\u00e3o<\/li><li>Laborat\u00f3rio de Ensino de Ci\u00eancias e Biologia<\/li><li>Laborat\u00f3rio de Ensino de Hist\u00f3ria<\/li><li>Laborat\u00f3rio de Ensino do Departamento de Histologia<\/li><li>Laborat\u00f3rio de Ensino, Pesquisa e Extens\u00e3o em Educa\u00e7\u00e3o Geogr\u00e1fica<\/li><li>Laborat\u00f3rio de Estudos dos Dom\u00ednios da Imagem na Hist\u00f3ria<\/li><li>Laborat\u00f3rio de Estudos sobre as Religi\u00f5es<\/li><li>Laborat\u00f3rio de Extens\u00e3o Jos\u00e9 Carlos Esteves<\/li><li>Laborat\u00f3rio de F\u00edsica Nuclear<\/li><li>Laborat\u00f3rio de Fitopatologia<\/li><li>Laborat\u00f3rio de Fitotecnia<\/li><li>Laborat\u00f3rio de Gen\u00e9tica e Ecologia Animal<\/li><li>Laborat\u00f3rio de Gen\u00e9tica Humana e Servi\u00e7o de Aconselhamento Gen\u00e9tico<\/li><li>Laborat\u00f3rio de Gen\u00e9tica Molecular de Fungos<\/li><li>Laborat\u00f3rio de Gen\u00e9tica Toxicol\u00f3gica<\/li><li>Laborat\u00f3rio de Geografia Urbana, Regional e Pol\u00edtica<\/li><li>Laborat\u00f3rio de Geografia, Territ\u00f3rio, Meio Ambiente e Conflito<\/li><li>Laborat\u00f3rio de Geoqu\u00edmica<\/li><li>Laborat\u00f3rio de Geoturismo e Espeleologia<\/li><li>Laborat\u00f3rio de Hidrogeologia<\/li><li>Laborat\u00f3rio de Histot\u00e9cnica<\/li><li>Laborat\u00f3rio de Insetos<\/li><li>Laborat\u00f3rio de L\u00ednguas<\/li><li>Laborat\u00f3rio de Marcadores Moleculares e Citogen\u00e9tica de Plantas<\/li><li>Laborat\u00f3rio de Medicina Avi\u00e1ria<\/li><li>Laborat\u00f3rio de Melhoramento Gen\u00e9tico<\/li><li>Laborat\u00f3rio de Microorganismos de Fungos<\/li><li>Laborat\u00f3rio de Microscopia Eletr\u00f4nica e Microan\u00e1lise<\/li><li>Laborat\u00f3rio de Mineralogia<\/li><li>Laborat\u00f3rio de Modelos \u2013 Maquetaria<\/li><li>Laborat\u00f3rio de Mostru\u00e1rio Fixo de Rochas Minerais e F\u00f3sseis<\/li><li>Laborat\u00f3rio de Mutag\u00eanese e Oncogen\u00e9tica<\/li><li>Laborat\u00f3rio de Neuroci\u00eancia<\/li><li>Laborat\u00f3rio de Paisagem<\/li><li>Laborat\u00f3rio de Patologia Animal<\/li><li>Laborat\u00f3rio de Patologia Cl\u00ednica Veterin\u00e1ria<\/li><li>Laborat\u00f3rio de Pesquisa em Ci\u00eancias Humanas<\/li><li>Laborat\u00f3rio de Pesquisa em Climatologia Geogr\u00e1fica<\/li><li>Laborat\u00f3rio de Pesquisa em Geografia F\u00edsica<\/li><li>Laborat\u00f3rio de Petrologia<\/li><li>Laborat\u00f3rio de Psicologia Experimental e Psicobiologia<\/li><li>Laborat\u00f3rio de Psicologia Integrada<\/li><li>Laborat\u00f3rio de Rotina em Embriologia<\/li><li>Laborat\u00f3rio de Saneamento<\/li><li>Laborat\u00f3rio de Sedimentologia e Microscopia \u00d3ptica<\/li><li>Laborat\u00f3rio de Simula\u00e7\u00e3o e An\u00e1lise Num\u00e9rica<\/li><li>Laborat\u00f3rio de Tecnologia Educacional<\/li><li>Laborat\u00f3rio de Topografia<\/li><li>Laborat\u00f3rio de Toxicologia do Desenvolvimento<\/li><li>Laborat\u00f3rio de Toxicologia e Dist\u00farbios Metab\u00f3licos da Reprodu\u00e7\u00e3o<\/li><li>Laborat\u00f3rio de Virologia Animal<\/li><li>Laborat\u00f3rio de Virologia B\u00e1sica e Aplicada<\/li><li>Laborat\u00f3rio do Grupo de Estudo em Recupera\u00e7\u00e3o, Adapta\u00e7\u00e3o e Reparo<\/li><li>Laborat\u00f3rio Escola de P\u00f3s-Gradua\u00e7\u00e3o<\/li><li>Laborat\u00f3rio Imap &amp; P \u2013 Imagens, Paisagens e Personagens<\/li><li>Laborat\u00f3rio sobre Estudo na Am\u00e9rica Latina<\/li><li>ORION \u2013 Redes de Computadores<\/li><li>REMID \u2013 Redes e M\u00eddias Digitais<\/li><li>SEC-MQ (Security Management and Quantification Research Group)<\/li><\/ul>\n","protected":false},"excerpt":{"rendered":"<p>. A inser\u00e7\u00e3o cient\u00edfica da UEL tamb\u00e9m pode ser comprovada a partir de sua infraestrutura, que \u00e9 composta por um total de 79 laborat\u00f3rios, os quais est\u00e3o listados em sequ\u00eancia: Laborat\u00f3rio de An\u00e1lise de Alimentos Laborat\u00f3rio de An\u00e1lise Histopatol\u00f3gica Laborat\u00f3rio de An\u00e1lise Experimental do Comportamento Humano Laborat\u00f3rio de An\u00e1lises e Tecnologias Comportamentais Laborat\u00f3rio de An\u00e1lises [&hellip;]<\/p>\n","protected":false},"author":8,"featured_media":0,"parent":0,"menu_order":0,"comment_status":"closed","ping_status":"closed","template":"","meta":{"footnotes":""},"class_list":["post-1191","page","type-page","status-publish","hentry"],"acf":[],"_links":{"self":[{"href":"https:\/\/sites.uel.br\/pdi\/wp-json\/wp\/v2\/pages\/1191","targetHints":{"allow":["GET"]}}],"collection":[{"href":"https:\/\/sites.uel.br\/pdi\/wp-json\/wp\/v2\/pages"}],"about":[{"href":"https:\/\/sites.uel.br\/pdi\/wp-json\/wp\/v2\/types\/page"}],"author":[{"embeddable":true,"href":"https:\/\/sites.uel.br\/pdi\/wp-json\/wp\/v2\/users\/8"}],"replies":[{"embeddable":true,"href":"https:\/\/sites.uel.br\/pdi\/wp-json\/wp\/v2\/comments?post=1191"}],"version-history":[{"count":1,"href":"https:\/\/sites.uel.br\/pdi\/wp-json\/wp\/v2\/pages\/1191\/revisions"}],"predecessor-version":[{"id":1192,"href":"https:\/\/sites.uel.br\/pdi\/wp-json\/wp\/v2\/pages\/1191\/revisions\/1192"}],"wp:attachment":[{"href":"https:\/\/sites.uel.br\/pdi\/wp-json\/wp\/v2\/media?parent=1191"}],"curies":[{"name":"wp","href":"https:\/\/api.w.org\/{rel}","templated":true}]}}