{"id":1186,"date":"2022-10-04T10:37:25","date_gmt":"2022-10-04T13:37:25","guid":{"rendered":"https:\/\/sites.uel.br\/pdi\/?page_id=1186"},"modified":"2022-10-04T10:37:25","modified_gmt":"2022-10-04T13:37:25","slug":"defesas-projetos-vagas-e-bolsas","status":"publish","type":"page","link":"https:\/\/sites.uel.br\/pdi\/defesas-projetos-vagas-e-bolsas\/","title":{"rendered":"Defesas, Projetos, Vagas e Bolsas"},"content":{"rendered":"\n<p class=\"has-white-color has-text-color\">.<\/p>\n\n\n\n<p>No m\u00eas de setembro de 2022, a Biblioteca Digital da Universidade Estadual de Londrina contava com uma cole\u00e7\u00e3o de 8635 arquivos, dos quais 6945 correspondem a disserta\u00e7\u00f5es de mestrado e 1690 referem-se a teses de doutorado. Desde sua funda\u00e7\u00e3o, de acordo com consulta realizada em dezembro de 2021, a UEL soma um total de 7.594 projetos de pesquisa cadastrados, dos quais 1.482 estavam ativos na data deste levantamento. Considerando a m\u00e9dia de vagas disponibilizadas nos anos de 2019, 2020 e 2021, a UEL ofertou aproximadamente 800 vagas por ano em n\u00edvel de mestrado e aproximadamente 400 vagas por ano em n\u00edvel de doutorado. Estas vagas, conforme consulta realizada em setembro de 2022, est\u00e3o distribu\u00eddas em 47 cursos de mestrado e 31 cursos de doutorado. Tamb\u00e9m de acordo com consulta em setembro de 2022, a UEL possu\u00eda um total de 757 bolsas CAPES (DS e PROEX), dentre as quais 369 atendiam discentes de mestrado e 388 atendiam discentes de doutorado. Em agosto de 2022, a institui\u00e7\u00e3o possu\u00eda um total de 679 bolsas distribu\u00eddas para estudantes inscritos em projetos de Inicia\u00e7\u00e3o Cient\u00edfica.<\/p>\n","protected":false},"excerpt":{"rendered":"<p>. No m\u00eas de setembro de 2022, a Biblioteca Digital da Universidade Estadual de Londrina contava com uma cole\u00e7\u00e3o de 8635 arquivos, dos quais 6945 correspondem a disserta\u00e7\u00f5es de mestrado e 1690 referem-se a teses de doutorado. Desde sua funda\u00e7\u00e3o, de acordo com consulta realizada em dezembro de 2021, a UEL soma um total de [&hellip;]<\/p>\n","protected":false},"author":8,"featured_media":0,"parent":0,"menu_order":0,"comment_status":"closed","ping_status":"closed","template":"","meta":{"footnotes":""},"class_list":["post-1186","page","type-page","status-publish","hentry"],"acf":[],"_links":{"self":[{"href":"https:\/\/sites.uel.br\/pdi\/wp-json\/wp\/v2\/pages\/1186","targetHints":{"allow":["GET"]}}],"collection":[{"href":"https:\/\/sites.uel.br\/pdi\/wp-json\/wp\/v2\/pages"}],"about":[{"href":"https:\/\/sites.uel.br\/pdi\/wp-json\/wp\/v2\/types\/page"}],"author":[{"embeddable":true,"href":"https:\/\/sites.uel.br\/pdi\/wp-json\/wp\/v2\/users\/8"}],"replies":[{"embeddable":true,"href":"https:\/\/sites.uel.br\/pdi\/wp-json\/wp\/v2\/comments?post=1186"}],"version-history":[{"count":1,"href":"https:\/\/sites.uel.br\/pdi\/wp-json\/wp\/v2\/pages\/1186\/revisions"}],"predecessor-version":[{"id":1187,"href":"https:\/\/sites.uel.br\/pdi\/wp-json\/wp\/v2\/pages\/1186\/revisions\/1187"}],"wp:attachment":[{"href":"https:\/\/sites.uel.br\/pdi\/wp-json\/wp\/v2\/media?parent=1186"}],"curies":[{"name":"wp","href":"https:\/\/api.w.org\/{rel}","templated":true}]}}