{"id":1180,"date":"2022-10-04T10:35:10","date_gmt":"2022-10-04T13:35:10","guid":{"rendered":"https:\/\/sites.uel.br\/pdi\/?page_id=1180"},"modified":"2022-11-12T21:32:41","modified_gmt":"2022-11-13T00:32:41","slug":"insercao-cientifica-da-uel","status":"publish","type":"page","link":"https:\/\/sites.uel.br\/pdi\/insercao-cientifica-da-uel\/","title":{"rendered":"Inser\u00e7\u00e3o Cient\u00edfica da UEL"},"content":{"rendered":"\n<p class=\"has-text-color\" style=\"color:#fefefe\">.<\/p>\n\n\n\n<p>Inegavelmente, a UEL se estabeleceu e mant\u00e9m sua consolida\u00e7\u00e3o enquanto polo cient\u00edfico do Paran\u00e1, um feito alcan\u00e7ado pelo fato de seu quadro docente trabalhar em rede com pesquisadores da institui\u00e7\u00e3o e alunos (gradua\u00e7\u00e3o, inicia\u00e7\u00e3o cient\u00edfica, lato sensu e stricto sensu) e de outras institui\u00e7\u00f5es de ensino e de pesquisa do estado e do resto do Brasil, o que possibilita avan\u00e7os consider\u00e1veis nos indicadores cient\u00edficos da institui\u00e7\u00e3o. A crescente qualifica\u00e7\u00e3o das equipes, a maior produtividade, a melhoria dos indicadores de produ\u00e7\u00e3o cient\u00edfica e o reconhecimento da pesquisa e da p\u00f3s-gradua\u00e7\u00e3o, permitem a atra\u00e7\u00e3o de crescentes investimentos, tanto em capital f\u00edsico quanto em capital humano, para a institui\u00e7\u00e3o. Esta se\u00e7\u00e3o descreve a inser\u00e7\u00e3o cient\u00edfica da Universidade Estadual de Londrina nos seguintes t\u00f3picos: titula\u00e7\u00e3o e regime de trabalho do corpo docente; defesas, projetos, vagas e bolsas; rankings; infraestrutura de laborat\u00f3rios; portal de peri\u00f3dicos cient\u00edficos da UEL; e, inicia\u00e7\u00e3o cient\u00edfica.<\/p>\n\n\n\n<div class=\"wp-block-columns is-not-stacked-on-mobile is-layout-flex wp-container-core-columns-is-layout-9d6595d7 wp-block-columns-is-layout-flex\">\n<div class=\"wp-block-column is-layout-flow wp-block-column-is-layout-flow\">\n<figure class=\"wp-block-gallery has-nested-images columns-default is-cropped wp-block-gallery-1 is-layout-flex wp-block-gallery-is-layout-flex\">\n<figure class=\"wp-block-image size-large\"><a href=\"https:\/\/sites.uel.br\/pdi\/titulacao-e-regime-de-trabalho-do-corpo-docentes\/\"><img loading=\"lazy\" decoding=\"async\" width=\"1024\" height=\"572\" data-id=\"2620\" src=\"https:\/\/sites.uel.br\/pdi\/wp-content\/uploads\/2022\/11\/IC01-1024x572.png\" alt=\"\" class=\"wp-image-2620\" srcset=\"https:\/\/sites.uel.br\/pdi\/wp-content\/uploads\/2022\/11\/IC01-1024x572.png 1024w, https:\/\/sites.uel.br\/pdi\/wp-content\/uploads\/2022\/11\/IC01-300x168.png 300w, https:\/\/sites.uel.br\/pdi\/wp-content\/uploads\/2022\/11\/IC01-768x429.png 768w, https:\/\/sites.uel.br\/pdi\/wp-content\/uploads\/2022\/11\/IC01-1536x858.png 1536w, https:\/\/sites.uel.br\/pdi\/wp-content\/uploads\/2022\/11\/IC01.png 1987w\" sizes=\"auto, (max-width: 1024px) 100vw, 1024px\" \/><\/a><\/figure>\n<\/figure>\n<\/div>\n\n\n\n<div class=\"wp-block-column is-layout-flow wp-block-column-is-layout-flow\">\n<figure class=\"wp-block-gallery has-nested-images columns-default is-cropped wp-block-gallery-2 is-layout-flex wp-block-gallery-is-layout-flex\">\n<figure class=\"wp-block-image size-large\"><a href=\"https:\/\/sites.uel.br\/pdi\/defesas-projetos-vagas-e-bolsas\/\"><img loading=\"lazy\" decoding=\"async\" width=\"1024\" height=\"572\" data-id=\"2621\" src=\"https:\/\/sites.uel.br\/pdi\/wp-content\/uploads\/2022\/11\/IC02-1024x572.png\" alt=\"\" class=\"wp-image-2621\" srcset=\"https:\/\/sites.uel.br\/pdi\/wp-content\/uploads\/2022\/11\/IC02-1024x572.png 1024w, https:\/\/sites.uel.br\/pdi\/wp-content\/uploads\/2022\/11\/IC02-300x168.png 300w, https:\/\/sites.uel.br\/pdi\/wp-content\/uploads\/2022\/11\/IC02-768x429.png 768w, https:\/\/sites.uel.br\/pdi\/wp-content\/uploads\/2022\/11\/IC02-1536x858.png 1536w, https:\/\/sites.uel.br\/pdi\/wp-content\/uploads\/2022\/11\/IC02.png 1987w\" sizes=\"auto, (max-width: 1024px) 100vw, 1024px\" \/><\/a><\/figure>\n<\/figure>\n<\/div>\n\n\n\n<div class=\"wp-block-column is-layout-flow wp-block-column-is-layout-flow\">\n<figure class=\"wp-block-gallery has-nested-images columns-default is-cropped wp-block-gallery-3 is-layout-flex wp-block-gallery-is-layout-flex\">\n<figure class=\"wp-block-image size-large\"><a href=\"https:\/\/sites.uel.br\/pdi\/rankings\/\"><img loading=\"lazy\" decoding=\"async\" width=\"1024\" height=\"572\" data-id=\"2622\" src=\"https:\/\/sites.uel.br\/pdi\/wp-content\/uploads\/2022\/11\/IC03-1024x572.png\" alt=\"\" class=\"wp-image-2622\" srcset=\"https:\/\/sites.uel.br\/pdi\/wp-content\/uploads\/2022\/11\/IC03-1024x572.png 1024w, https:\/\/sites.uel.br\/pdi\/wp-content\/uploads\/2022\/11\/IC03-300x168.png 300w, https:\/\/sites.uel.br\/pdi\/wp-content\/uploads\/2022\/11\/IC03-768x429.png 768w, https:\/\/sites.uel.br\/pdi\/wp-content\/uploads\/2022\/11\/IC03-1536x858.png 1536w, https:\/\/sites.uel.br\/pdi\/wp-content\/uploads\/2022\/11\/IC03.png 1987w\" sizes=\"auto, (max-width: 1024px) 100vw, 1024px\" \/><\/a><\/figure>\n<\/figure>\n<\/div>\n<\/div>\n\n\n\n<div class=\"wp-block-columns is-not-stacked-on-mobile is-layout-flex wp-container-core-columns-is-layout-9d6595d7 wp-block-columns-is-layout-flex\">\n<div class=\"wp-block-column is-layout-flow wp-block-column-is-layout-flow\">\n<figure class=\"wp-block-gallery has-nested-images columns-default is-cropped wp-block-gallery-4 is-layout-flex wp-block-gallery-is-layout-flex\">\n<figure class=\"wp-block-image size-large\"><a href=\"https:\/\/sites.uel.br\/pdi\/infraestrutura-de-laboratorios\/\"><img loading=\"lazy\" decoding=\"async\" width=\"1024\" height=\"572\" data-id=\"2623\" src=\"https:\/\/sites.uel.br\/pdi\/wp-content\/uploads\/2022\/11\/IC04-1024x572.png\" alt=\"\" class=\"wp-image-2623\" srcset=\"https:\/\/sites.uel.br\/pdi\/wp-content\/uploads\/2022\/11\/IC04-1024x572.png 1024w, https:\/\/sites.uel.br\/pdi\/wp-content\/uploads\/2022\/11\/IC04-300x168.png 300w, https:\/\/sites.uel.br\/pdi\/wp-content\/uploads\/2022\/11\/IC04-768x429.png 768w, https:\/\/sites.uel.br\/pdi\/wp-content\/uploads\/2022\/11\/IC04-1536x858.png 1536w, https:\/\/sites.uel.br\/pdi\/wp-content\/uploads\/2022\/11\/IC04.png 1987w\" sizes=\"auto, (max-width: 1024px) 100vw, 1024px\" \/><\/a><\/figure>\n<\/figure>\n<\/div>\n\n\n\n<div class=\"wp-block-column is-layout-flow wp-block-column-is-layout-flow\">\n<figure class=\"wp-block-gallery has-nested-images columns-default is-cropped wp-block-gallery-5 is-layout-flex wp-block-gallery-is-layout-flex\">\n<figure class=\"wp-block-image size-large\"><a href=\"https:\/\/ojs.uel.br\/revistas\/uel\/\"><img loading=\"lazy\" decoding=\"async\" width=\"1024\" height=\"563\" data-id=\"2624\" src=\"https:\/\/sites.uel.br\/pdi\/wp-content\/uploads\/2022\/11\/IC05-1024x563.png\" alt=\"\" class=\"wp-image-2624\" srcset=\"https:\/\/sites.uel.br\/pdi\/wp-content\/uploads\/2022\/11\/IC05-1024x563.png 1024w, https:\/\/sites.uel.br\/pdi\/wp-content\/uploads\/2022\/11\/IC05-300x165.png 300w, https:\/\/sites.uel.br\/pdi\/wp-content\/uploads\/2022\/11\/IC05-768x422.png 768w, https:\/\/sites.uel.br\/pdi\/wp-content\/uploads\/2022\/11\/IC05-1536x845.png 1536w, https:\/\/sites.uel.br\/pdi\/wp-content\/uploads\/2022\/11\/IC05.png 2018w\" sizes=\"auto, (max-width: 1024px) 100vw, 1024px\" \/><\/a><\/figure>\n<\/figure>\n<\/div>\n\n\n\n<div class=\"wp-block-column is-layout-flow wp-block-column-is-layout-flow\">\n<figure class=\"wp-block-gallery has-nested-images columns-default is-cropped wp-block-gallery-6 is-layout-flex wp-block-gallery-is-layout-flex\">\n<figure class=\"wp-block-image size-large\"><a href=\"https:\/\/sites.uel.br\/pdi\/iniciacao-cientifica\/\"><img loading=\"lazy\" decoding=\"async\" width=\"1024\" height=\"572\" data-id=\"2625\" src=\"https:\/\/sites.uel.br\/pdi\/wp-content\/uploads\/2022\/11\/IC06-1024x572.png\" alt=\"\" class=\"wp-image-2625\" srcset=\"https:\/\/sites.uel.br\/pdi\/wp-content\/uploads\/2022\/11\/IC06-1024x572.png 1024w, https:\/\/sites.uel.br\/pdi\/wp-content\/uploads\/2022\/11\/IC06-300x168.png 300w, https:\/\/sites.uel.br\/pdi\/wp-content\/uploads\/2022\/11\/IC06-768x429.png 768w, https:\/\/sites.uel.br\/pdi\/wp-content\/uploads\/2022\/11\/IC06-1536x858.png 1536w, https:\/\/sites.uel.br\/pdi\/wp-content\/uploads\/2022\/11\/IC06.png 1987w\" sizes=\"auto, (max-width: 1024px) 100vw, 1024px\" \/><\/a><\/figure>\n<\/figure>\n<\/div>\n<\/div>\n","protected":false},"excerpt":{"rendered":"<p>. Inegavelmente, a UEL se estabeleceu e mant\u00e9m sua consolida\u00e7\u00e3o enquanto polo cient\u00edfico do Paran\u00e1, um feito alcan\u00e7ado pelo fato de seu quadro docente trabalhar em rede com pesquisadores da institui\u00e7\u00e3o e alunos (gradua\u00e7\u00e3o, inicia\u00e7\u00e3o cient\u00edfica, lato sensu e stricto sensu) e de outras institui\u00e7\u00f5es de ensino e de pesquisa do estado e do resto [&hellip;]<\/p>\n","protected":false},"author":8,"featured_media":0,"parent":0,"menu_order":0,"comment_status":"closed","ping_status":"closed","template":"","meta":{"footnotes":""},"class_list":["post-1180","page","type-page","status-publish","hentry"],"acf":[],"_links":{"self":[{"href":"https:\/\/sites.uel.br\/pdi\/wp-json\/wp\/v2\/pages\/1180","targetHints":{"allow":["GET"]}}],"collection":[{"href":"https:\/\/sites.uel.br\/pdi\/wp-json\/wp\/v2\/pages"}],"about":[{"href":"https:\/\/sites.uel.br\/pdi\/wp-json\/wp\/v2\/types\/page"}],"author":[{"embeddable":true,"href":"https:\/\/sites.uel.br\/pdi\/wp-json\/wp\/v2\/users\/8"}],"replies":[{"embeddable":true,"href":"https:\/\/sites.uel.br\/pdi\/wp-json\/wp\/v2\/comments?post=1180"}],"version-history":[{"count":8,"href":"https:\/\/sites.uel.br\/pdi\/wp-json\/wp\/v2\/pages\/1180\/revisions"}],"predecessor-version":[{"id":2627,"href":"https:\/\/sites.uel.br\/pdi\/wp-json\/wp\/v2\/pages\/1180\/revisions\/2627"}],"wp:attachment":[{"href":"https:\/\/sites.uel.br\/pdi\/wp-json\/wp\/v2\/media?parent=1180"}],"curies":[{"name":"wp","href":"https:\/\/api.w.org\/{rel}","templated":true}]}}