{"id":1160,"date":"2022-10-04T09:45:00","date_gmt":"2022-10-04T12:45:00","guid":{"rendered":"https:\/\/sites.uel.br\/pdi\/?page_id=1160"},"modified":"2022-10-17T13:01:27","modified_gmt":"2022-10-17T16:01:27","slug":"cine-teatro-universitario-ouro-verde","status":"publish","type":"page","link":"https:\/\/sites.uel.br\/pdi\/cine-teatro-universitario-ouro-verde\/","title":{"rendered":"Cine Teatro Universit\u00e1rio Ouro Verde"},"content":{"rendered":"\n<p class=\"has-white-color has-text-color\">.<\/p>\n\n\n\n<p>O Cine Teatro Universit\u00e1rio Ouro Verde foi inaugurado no dia 25 de dezembro de 1952, em Londrina. Projetado pelo arquiteto Jo\u00e3o Batista Vilanova&nbsp;Artigas, o Teatro situa-se no cal\u00e7ad\u00e3o central de Londrina e \u00e9 refer\u00eancia cultural na regi\u00e3o. O nome \u201cOuro Verde\u201d faz alus\u00e3o \u00e0 cultura cafeeira, que impulsionou o progresso material, social e econ\u00f4mico do norte pioneiro. Em 1978, o Cine Ouro Verde foi comprado pela Universidade Estadual de Londrina com recursos do Minist\u00e9rio da Educa\u00e7\u00e3o e do Governo do Estado do Paran\u00e1, e teve adapta\u00e7\u00e3o no nome para Cine Teatro Universit\u00e1rio Ouro Verde. A partir da\u00ed, al\u00e9m da programa\u00e7\u00e3o cinematogr\u00e1fica, o Cine Teatro Universit\u00e1rio Ouro Verde passou a abrigar diversas manifesta\u00e7\u00f5es art\u00edsticas: concertos, shows, montagens teatrais, espet\u00e1culos de dan\u00e7a, etc.<\/p>\n\n\n\n<p>Desde a d\u00e9cada de 1980, o cineteatro vem sediando o Festival Internacional de Teatro \u2013 FILO, o Festival de M\u00fasica de Londrina e v\u00e1rios outros festivais promovidos e realizados na comunidade. Em 8 de novembro de 1999, o Cine Teatro Universit\u00e1rio Ouro Verde foi tombado como Patrim\u00f4nio Hist\u00f3rico cultural do Estado do Paran\u00e1, pela Coordena\u00e7\u00e3o do Patrim\u00f4nio Cultural (CPC), setor da Secretaria de Estado da Cultura do Estado do Paran\u00e1, sob o n\u00famero de Inscri\u00e7\u00e3o: Tombo 126-II \u2013 Processo N\u00famero 02\/98. O projeto \u201cVelho Cinema Novo\u201d, proposto pela Secretaria de Estado da Cultura, incluiu o Teatro Ouro Verde para passar por reformas no ano de 2002. O objetivo do projeto era reformar 13 salas de exibi\u00e7\u00e3o localizadas no Paran\u00e1, consideradas pelo setor estadual de patrim\u00f4nio como de valor hist\u00f3rico, arquitet\u00f4nico e social. As obras duraram seis meses e o Teatro Ouro Verde voltou a funcionar no in\u00edcio de 2003, embora apenas como teatro e com a capacidade para 853 espectadores.<\/p>\n\n\n\n<p>Em 12 de fevereiro de 2012, um curto-circuito causou um inc\u00eandio que comprometeu grande parte da estrutura do teatro, levando a suspens\u00e3o das atividades. Constitui-se uma Comiss\u00e3o para acompanhar o processo de reconstru\u00e7\u00e3o e, em 2013, terminou-se o processo de licita\u00e7\u00e3o para o in\u00edcio das obras. Em 16 de janeiro de 2014, o Governo do Estado do Paran\u00e1 assinou o contrato e a ordem de servi\u00e7o para o in\u00edcio das obras de reconstru\u00e7\u00e3o do Teatro Ouro Verde. Depois de cinco anos e muitas dificuldades no caminho, a reinaugura\u00e7\u00e3o do Teatro Ouro Verde aconteceu no dia 30 de junho de 2017, com uma programa\u00e7\u00e3o exclusiva para convidados. A antiga estrutura foi mantida e o palco, plateia e camarins foram adaptados e modernizados. Desde 2017, o espa\u00e7o voltou a receber in\u00fameros espet\u00e1culos nacionais e internacionais, al\u00e9m de ser palco para os principais Festivais de Londrina, entre eles o Festival Internacional de M\u00fasica de Londrina, Festival de Dan\u00e7a de Londrina, Festival&nbsp;Unicanto&nbsp;de Corais, entre outros.<\/p>\n\n\n\n<p class=\"has-text-align-center\">O texto est\u00e1 citado na lista de refer\u00eancias como CASA DE CULTURA (2022).<\/p>\n","protected":false},"excerpt":{"rendered":"<p>. O Cine Teatro Universit\u00e1rio Ouro Verde foi inaugurado no dia 25 de dezembro de 1952, em Londrina. Projetado pelo arquiteto Jo\u00e3o Batista Vilanova&nbsp;Artigas, o Teatro situa-se no cal\u00e7ad\u00e3o central de Londrina e \u00e9 refer\u00eancia cultural na regi\u00e3o. O nome \u201cOuro Verde\u201d faz alus\u00e3o \u00e0 cultura cafeeira, que impulsionou o progresso material, social e econ\u00f4mico [&hellip;]<\/p>\n","protected":false},"author":8,"featured_media":0,"parent":0,"menu_order":0,"comment_status":"closed","ping_status":"closed","template":"","meta":{"footnotes":""},"class_list":["post-1160","page","type-page","status-publish","hentry"],"acf":[],"_links":{"self":[{"href":"https:\/\/sites.uel.br\/pdi\/wp-json\/wp\/v2\/pages\/1160","targetHints":{"allow":["GET"]}}],"collection":[{"href":"https:\/\/sites.uel.br\/pdi\/wp-json\/wp\/v2\/pages"}],"about":[{"href":"https:\/\/sites.uel.br\/pdi\/wp-json\/wp\/v2\/types\/page"}],"author":[{"embeddable":true,"href":"https:\/\/sites.uel.br\/pdi\/wp-json\/wp\/v2\/users\/8"}],"replies":[{"embeddable":true,"href":"https:\/\/sites.uel.br\/pdi\/wp-json\/wp\/v2\/comments?post=1160"}],"version-history":[{"count":2,"href":"https:\/\/sites.uel.br\/pdi\/wp-json\/wp\/v2\/pages\/1160\/revisions"}],"predecessor-version":[{"id":1280,"href":"https:\/\/sites.uel.br\/pdi\/wp-json\/wp\/v2\/pages\/1160\/revisions\/1280"}],"wp:attachment":[{"href":"https:\/\/sites.uel.br\/pdi\/wp-json\/wp\/v2\/media?parent=1160"}],"curies":[{"name":"wp","href":"https:\/\/api.w.org\/{rel}","templated":true}]}}