{"id":1154,"date":"2022-10-04T09:42:18","date_gmt":"2022-10-04T12:42:18","guid":{"rendered":"https:\/\/sites.uel.br\/pdi\/?page_id=1154"},"modified":"2022-10-17T13:00:31","modified_gmt":"2022-10-17T16:00:31","slug":"divisao-de-artes-cenicas-da-casa-de-cultura-da-uel","status":"publish","type":"page","link":"https:\/\/sites.uel.br\/pdi\/divisao-de-artes-cenicas-da-casa-de-cultura-da-uel\/","title":{"rendered":"Divis\u00e3o de Artes C\u00eanicas da Casa de Cultura da UEL"},"content":{"rendered":"\n<p class=\"has-white-color has-text-color\">.<\/p>\n\n\n\n<p>A Divis\u00e3o de Artes C\u00eanicas (DAC), localizada na regi\u00e3o central de Londrina, \u00e9 um teatro alternativo com capacidade de 150 espectadores e conta com uma boa estrutura f\u00edsica: box&nbsp;truss, mesa de luz, rack, trabalhado de madeira e arquibancada. Tamb\u00e9m disp\u00f5e de sala para ensaio e camarim. As salas da DAC s\u00e3o utilizadas em per\u00edodo integral no desenvolvimento de Projetos de Ensino, Pesquisa e Extens\u00e3o do curso de Artes C\u00eanicas, para ensaios dos processos de cria\u00e7\u00e3o desenvolvidos pelos alunos e para as aulas de disciplinas regulares do curso. As produ\u00e7\u00f5es art\u00edsticas do curso de Artes C\u00eanicas ocorrem com frequ\u00eancia na sala de espet\u00e1culo da DAC, apresentando \u00e0 comunidade espet\u00e1culos, cenas, performances e processos de cria\u00e7\u00e3o e pesquisa art\u00edstica.<\/p>\n\n\n\n<p>Junto ao N\u00facleo de Produ\u00e7\u00e3o da DAC, formado por alunos interessados em produ\u00e7\u00e3o teatral, a DAC realiza periodicamente oficinas, confer\u00eancias, semin\u00e1rios, aulas-espet\u00e1culos, demonstra\u00e7\u00f5es de trabalho, palestras e espet\u00e1culos aos artistas de Londrina e regi\u00e3o. Com isso, mant\u00eam um programa permanente de produ\u00e7\u00e3o teatral,&nbsp;cenot\u00e9cnica&nbsp;e ilumina\u00e7\u00e3o teatral, que \u00e9 desenvolvido junto aos estudantes de Artes C\u00eanicas. Buscando ampliar suas possibilidades de atua\u00e7\u00e3o em Londrina e regi\u00e3o, a DAC tem estabelecido parcerias com institui\u00e7\u00f5es, festivais, artistas, grupos locais e nacionais contemplados com editais para circula\u00e7\u00e3o. Destaca-se a parceria com o FILO \u2013 Festival Internacional de Londrina, no qual a DAC \u00e9 respons\u00e1vel pela organiza\u00e7\u00e3o e realiza\u00e7\u00e3o das Atividades Formativas, que consistem em conjunto de oficinas, workshops, master&nbsp;class, bate-papos, aulas-espet\u00e1culos e demonstra\u00e7\u00f5es de trabalhos com artistas participantes do FILO e j\u00e1 consolidaram dentro da programa\u00e7\u00e3o do festival um espa\u00e7o de forma\u00e7\u00e3o e aperfei\u00e7oamento de profissionais e estudantes da \u00e1rea.<\/p>\n\n\n\n<p class=\"has-text-align-center\">O texto est\u00e1 citado na lista de refer\u00eancias como CASA DE CULTURA (2022).<\/p>\n","protected":false},"excerpt":{"rendered":"<p>. A Divis\u00e3o de Artes C\u00eanicas (DAC), localizada na regi\u00e3o central de Londrina, \u00e9 um teatro alternativo com capacidade de 150 espectadores e conta com uma boa estrutura f\u00edsica: box&nbsp;truss, mesa de luz, rack, trabalhado de madeira e arquibancada. Tamb\u00e9m disp\u00f5e de sala para ensaio e camarim. As salas da DAC s\u00e3o utilizadas em per\u00edodo [&hellip;]<\/p>\n","protected":false},"author":8,"featured_media":0,"parent":0,"menu_order":0,"comment_status":"closed","ping_status":"closed","template":"","meta":{"footnotes":""},"class_list":["post-1154","page","type-page","status-publish","hentry"],"acf":[],"_links":{"self":[{"href":"https:\/\/sites.uel.br\/pdi\/wp-json\/wp\/v2\/pages\/1154","targetHints":{"allow":["GET"]}}],"collection":[{"href":"https:\/\/sites.uel.br\/pdi\/wp-json\/wp\/v2\/pages"}],"about":[{"href":"https:\/\/sites.uel.br\/pdi\/wp-json\/wp\/v2\/types\/page"}],"author":[{"embeddable":true,"href":"https:\/\/sites.uel.br\/pdi\/wp-json\/wp\/v2\/users\/8"}],"replies":[{"embeddable":true,"href":"https:\/\/sites.uel.br\/pdi\/wp-json\/wp\/v2\/comments?post=1154"}],"version-history":[{"count":2,"href":"https:\/\/sites.uel.br\/pdi\/wp-json\/wp\/v2\/pages\/1154\/revisions"}],"predecessor-version":[{"id":1277,"href":"https:\/\/sites.uel.br\/pdi\/wp-json\/wp\/v2\/pages\/1154\/revisions\/1277"}],"wp:attachment":[{"href":"https:\/\/sites.uel.br\/pdi\/wp-json\/wp\/v2\/media?parent=1154"}],"curies":[{"name":"wp","href":"https:\/\/api.w.org\/{rel}","templated":true}]}}