{"id":1148,"date":"2022-10-04T09:36:38","date_gmt":"2022-10-04T12:36:38","guid":{"rendered":"https:\/\/sites.uel.br\/pdi\/?page_id=1148"},"modified":"2022-10-04T09:36:38","modified_gmt":"2022-10-04T12:36:38","slug":"ipac-londrina","status":"publish","type":"page","link":"https:\/\/sites.uel.br\/pdi\/ipac-londrina\/","title":{"rendered":"IPAC &#8211; Londrina"},"content":{"rendered":"\n<p class=\"has-white-color has-text-color\">.<\/p>\n\n\n\n<p>O Invent\u00e1rio e Prote\u00e7\u00e3o do Acervo Cultural de Londrina (IPAC\/LDA) nasceu em 1986, na UEL, como projeto de extens\u00e3o. Desenvolve uma pol\u00edtica de conhecimento e interven\u00e7\u00e3o no Patrim\u00f4nio Material e Imaterial na regi\u00e3o Norte do Paran\u00e1. Ao longo de sua exist\u00eancia contou com a colabora\u00e7\u00e3o de v\u00e1rios docentes da UEL e transformou-se em importante campo de est\u00e1gio para os alunos de diferentes \u00e1reas do conhecimento. Ao aliar extens\u00e3o, pesquisa e ensino tem proporcionado a docentes e discentes reflex\u00f5es te\u00f3ricas e uma aproxima\u00e7\u00e3o das atividades de sala de aula com a pr\u00e1tica profissional.<\/p>\n\n\n\n<p>A sede do IPAC\/LDA \u00e9 uma casa constru\u00edda em 1946 pela fam\u00edlia Gomes, que abrigava o casal Augusto Gomes e Maria Aguiar Gomes, juntamente com seus oito filhos. Docentes e discentes do IPAC\/LDA, em conjunto com a administra\u00e7\u00e3o da UEL, uniram-se em torno do compromisso de n\u00e3o deixar que o tempo apagasse as marcas da vida cotidiana dos primeiros londrinenses. Desta forma, a casa foi reconstru\u00edda no Campus da UEL. Preservar um exemplar da casa de madeira representa uma oportunidade para que as futuras gera\u00e7\u00f5es tomem conhecimento desse tipo de constru\u00e7\u00e3o que predominou nas d\u00e9cadas de 1930 e 1940, na regi\u00e3o do norte do Paran\u00e1.<\/p>\n\n\n\n<p class=\"has-text-align-center\">O texto est\u00e1 citado na lista de refer\u00eancias como IPAC (2022).<\/p>\n","protected":false},"excerpt":{"rendered":"<p>. O Invent\u00e1rio e Prote\u00e7\u00e3o do Acervo Cultural de Londrina (IPAC\/LDA) nasceu em 1986, na UEL, como projeto de extens\u00e3o. Desenvolve uma pol\u00edtica de conhecimento e interven\u00e7\u00e3o no Patrim\u00f4nio Material e Imaterial na regi\u00e3o Norte do Paran\u00e1. Ao longo de sua exist\u00eancia contou com a colabora\u00e7\u00e3o de v\u00e1rios docentes da UEL e transformou-se em importante [&hellip;]<\/p>\n","protected":false},"author":8,"featured_media":0,"parent":0,"menu_order":0,"comment_status":"closed","ping_status":"closed","template":"","meta":{"footnotes":""},"class_list":["post-1148","page","type-page","status-publish","hentry"],"acf":[],"_links":{"self":[{"href":"https:\/\/sites.uel.br\/pdi\/wp-json\/wp\/v2\/pages\/1148","targetHints":{"allow":["GET"]}}],"collection":[{"href":"https:\/\/sites.uel.br\/pdi\/wp-json\/wp\/v2\/pages"}],"about":[{"href":"https:\/\/sites.uel.br\/pdi\/wp-json\/wp\/v2\/types\/page"}],"author":[{"embeddable":true,"href":"https:\/\/sites.uel.br\/pdi\/wp-json\/wp\/v2\/users\/8"}],"replies":[{"embeddable":true,"href":"https:\/\/sites.uel.br\/pdi\/wp-json\/wp\/v2\/comments?post=1148"}],"version-history":[{"count":1,"href":"https:\/\/sites.uel.br\/pdi\/wp-json\/wp\/v2\/pages\/1148\/revisions"}],"predecessor-version":[{"id":1149,"href":"https:\/\/sites.uel.br\/pdi\/wp-json\/wp\/v2\/pages\/1148\/revisions\/1149"}],"wp:attachment":[{"href":"https:\/\/sites.uel.br\/pdi\/wp-json\/wp\/v2\/media?parent=1148"}],"curies":[{"name":"wp","href":"https:\/\/api.w.org\/{rel}","templated":true}]}}