{"id":1144,"date":"2022-10-04T09:33:16","date_gmt":"2022-10-04T12:33:16","guid":{"rendered":"https:\/\/sites.uel.br\/pdi\/?page_id=1144"},"modified":"2022-10-04T09:33:16","modified_gmt":"2022-10-04T12:33:16","slug":"tv-uel","status":"publish","type":"page","link":"https:\/\/sites.uel.br\/pdi\/tv-uel\/","title":{"rendered":"TV UEL"},"content":{"rendered":"\n<p class=\"has-white-color has-text-color\">.<\/p>\n\n\n\n<p>A TV UEL \u2013 Televis\u00e3o Cultural e Educativa da Universidade Estadual de Londrina \u2013 PR, \u00e9 uma RTVE (Retransmissora da TV Educativa) que, em raz\u00e3o de conv\u00eanio, retransmite a programa\u00e7\u00e3o da TV Paran\u00e1 Educativa \u2013 Televis\u00e3o Educativa do Paran\u00e1, pelo canal 40 UHF. A emissora entrou no ar em 14 de dezembro de 2009. A primeira Diretora foi a professora Maria Rosa Estev\u00e3o&nbsp;Abelin, tamb\u00e9m fundadora da R\u00e1dio UEL FM. Na estrutura organizacional da Universidade, a TV UEL \u00e9 um \u00d3rg\u00e3o Suplementar, vinculado academicamente ao CECA \u2013 Centro de Educa\u00e7\u00e3o, Comunica\u00e7\u00e3o e Artes e administrativamente \u00e0 Vice-Reitoria. As mat\u00e9rias da TV UEL s\u00e3o tamb\u00e9m veiculadas pelo site&nbsp;www.uel.br\/tv e pelo canal oficial da TV UEL no Youtube.<\/p>\n\n\n\n<p class=\"has-text-align-center\">O texto est\u00e1 citado na lista de refer\u00eancias como TV UEL (2022).<\/p>\n","protected":false},"excerpt":{"rendered":"<p>. A TV UEL \u2013 Televis\u00e3o Cultural e Educativa da Universidade Estadual de Londrina \u2013 PR, \u00e9 uma RTVE (Retransmissora da TV Educativa) que, em raz\u00e3o de conv\u00eanio, retransmite a programa\u00e7\u00e3o da TV Paran\u00e1 Educativa \u2013 Televis\u00e3o Educativa do Paran\u00e1, pelo canal 40 UHF. A emissora entrou no ar em 14 de dezembro de 2009. [&hellip;]<\/p>\n","protected":false},"author":8,"featured_media":0,"parent":0,"menu_order":0,"comment_status":"closed","ping_status":"closed","template":"","meta":{"footnotes":""},"class_list":["post-1144","page","type-page","status-publish","hentry"],"acf":[],"_links":{"self":[{"href":"https:\/\/sites.uel.br\/pdi\/wp-json\/wp\/v2\/pages\/1144","targetHints":{"allow":["GET"]}}],"collection":[{"href":"https:\/\/sites.uel.br\/pdi\/wp-json\/wp\/v2\/pages"}],"about":[{"href":"https:\/\/sites.uel.br\/pdi\/wp-json\/wp\/v2\/types\/page"}],"author":[{"embeddable":true,"href":"https:\/\/sites.uel.br\/pdi\/wp-json\/wp\/v2\/users\/8"}],"replies":[{"embeddable":true,"href":"https:\/\/sites.uel.br\/pdi\/wp-json\/wp\/v2\/comments?post=1144"}],"version-history":[{"count":1,"href":"https:\/\/sites.uel.br\/pdi\/wp-json\/wp\/v2\/pages\/1144\/revisions"}],"predecessor-version":[{"id":1145,"href":"https:\/\/sites.uel.br\/pdi\/wp-json\/wp\/v2\/pages\/1144\/revisions\/1145"}],"wp:attachment":[{"href":"https:\/\/sites.uel.br\/pdi\/wp-json\/wp\/v2\/media?parent=1144"}],"curies":[{"name":"wp","href":"https:\/\/api.w.org\/{rel}","templated":true}]}}