{"id":1140,"date":"2022-10-04T09:31:27","date_gmt":"2022-10-04T12:31:27","guid":{"rendered":"https:\/\/sites.uel.br\/pdi\/?page_id=1140"},"modified":"2022-10-04T09:31:27","modified_gmt":"2022-10-04T12:31:27","slug":"livraria-da-uel","status":"publish","type":"page","link":"https:\/\/sites.uel.br\/pdi\/livraria-da-uel\/","title":{"rendered":"Livraria da UEL"},"content":{"rendered":"\n<p class=\"has-text-color\" style=\"color:#fefefe\">.<\/p>\n\n\n\n<p>A Livraria da EDUEL est\u00e1 a servi\u00e7o da comunidade universit\u00e1ria e tamb\u00e9m da n\u00e3o acad\u00eamica desde junho de 1995 e \u00e9 vinculada \u00e0 Editora da UEL. Sua miss\u00e3o \u00e9 tornar o conhecimento mais acess\u00edvel a todos, incentivando o h\u00e1bito da leitura. A Livraria comercializa livros publicados pela EDUEL e tamb\u00e9m por outras editoras (universit\u00e1rias e comerciais). Localizada no Campus Universit\u00e1rio, em agosto de 2022 a livraria possu\u00eda 1500 livros no estoque.<\/p>\n\n\n\n<p class=\"has-text-align-center\">O texto est\u00e1 citado na lista de refer\u00eancias como LIVRARIA EDUEL (2022).<\/p>\n","protected":false},"excerpt":{"rendered":"<p>. A Livraria da EDUEL est\u00e1 a servi\u00e7o da comunidade universit\u00e1ria e tamb\u00e9m da n\u00e3o acad\u00eamica desde junho de 1995 e \u00e9 vinculada \u00e0 Editora da UEL. Sua miss\u00e3o \u00e9 tornar o conhecimento mais acess\u00edvel a todos, incentivando o h\u00e1bito da leitura. A Livraria comercializa livros publicados pela EDUEL e tamb\u00e9m por outras editoras (universit\u00e1rias [&hellip;]<\/p>\n","protected":false},"author":8,"featured_media":0,"parent":0,"menu_order":0,"comment_status":"closed","ping_status":"closed","template":"","meta":{"footnotes":""},"class_list":["post-1140","page","type-page","status-publish","hentry"],"acf":[],"_links":{"self":[{"href":"https:\/\/sites.uel.br\/pdi\/wp-json\/wp\/v2\/pages\/1140","targetHints":{"allow":["GET"]}}],"collection":[{"href":"https:\/\/sites.uel.br\/pdi\/wp-json\/wp\/v2\/pages"}],"about":[{"href":"https:\/\/sites.uel.br\/pdi\/wp-json\/wp\/v2\/types\/page"}],"author":[{"embeddable":true,"href":"https:\/\/sites.uel.br\/pdi\/wp-json\/wp\/v2\/users\/8"}],"replies":[{"embeddable":true,"href":"https:\/\/sites.uel.br\/pdi\/wp-json\/wp\/v2\/comments?post=1140"}],"version-history":[{"count":1,"href":"https:\/\/sites.uel.br\/pdi\/wp-json\/wp\/v2\/pages\/1140\/revisions"}],"predecessor-version":[{"id":1141,"href":"https:\/\/sites.uel.br\/pdi\/wp-json\/wp\/v2\/pages\/1140\/revisions\/1141"}],"wp:attachment":[{"href":"https:\/\/sites.uel.br\/pdi\/wp-json\/wp\/v2\/media?parent=1140"}],"curies":[{"name":"wp","href":"https:\/\/api.w.org\/{rel}","templated":true}]}}