{"id":1138,"date":"2022-10-04T09:30:32","date_gmt":"2022-10-04T12:30:32","guid":{"rendered":"https:\/\/sites.uel.br\/pdi\/?page_id=1138"},"modified":"2022-10-17T12:56:50","modified_gmt":"2022-10-17T15:56:50","slug":"eduel-1180-titulos-publicados","status":"publish","type":"page","link":"https:\/\/sites.uel.br\/pdi\/eduel-1180-titulos-publicados\/","title":{"rendered":"EDUEL: 1180 T\u00edtulos Publicados"},"content":{"rendered":"\n<p class=\"has-white-color has-text-color\">.<\/p>\n\n\n\n<p>Com uma linha editorial voltada para o setor acad\u00eamico, a Editora da Universidade Estadual de Londrina (EDUEL) j\u00e1 totaliza 1180 livros publicados. No acervo, ela possui 1500 exemplares. A EDUEL \u00e9 um \u00d3rg\u00e3o de Apoio, criado em 1995, que publica livros de relev\u00e2ncia cient\u00edfica, ao mesmo tempo em que investe na produ\u00e7\u00e3o intelectual de autores da pr\u00f3pria Universidade. No cen\u00e1rio de editoras universit\u00e1rias, a EDUEL se posiciona com destaque. Em 2021, a editora lan\u00e7ou 24 livros e outros 4 est\u00e3o em processo de produ\u00e7\u00e3o. Atualmente, a editora conta com um total de 7 funcion\u00e1rios.<\/p>\n\n\n\n<p class=\"has-text-align-center\">O texto est\u00e1 citado na lista de refer\u00eancias como REVISTA UEL (2011).<\/p>\n","protected":false},"excerpt":{"rendered":"<p>. Com uma linha editorial voltada para o setor acad\u00eamico, a Editora da Universidade Estadual de Londrina (EDUEL) j\u00e1 totaliza 1180 livros publicados. No acervo, ela possui 1500 exemplares. A EDUEL \u00e9 um \u00d3rg\u00e3o de Apoio, criado em 1995, que publica livros de relev\u00e2ncia cient\u00edfica, ao mesmo tempo em que investe na produ\u00e7\u00e3o intelectual de [&hellip;]<\/p>\n","protected":false},"author":8,"featured_media":0,"parent":0,"menu_order":0,"comment_status":"closed","ping_status":"closed","template":"","meta":{"footnotes":""},"class_list":["post-1138","page","type-page","status-publish","hentry"],"acf":[],"_links":{"self":[{"href":"https:\/\/sites.uel.br\/pdi\/wp-json\/wp\/v2\/pages\/1138","targetHints":{"allow":["GET"]}}],"collection":[{"href":"https:\/\/sites.uel.br\/pdi\/wp-json\/wp\/v2\/pages"}],"about":[{"href":"https:\/\/sites.uel.br\/pdi\/wp-json\/wp\/v2\/types\/page"}],"author":[{"embeddable":true,"href":"https:\/\/sites.uel.br\/pdi\/wp-json\/wp\/v2\/users\/8"}],"replies":[{"embeddable":true,"href":"https:\/\/sites.uel.br\/pdi\/wp-json\/wp\/v2\/comments?post=1138"}],"version-history":[{"count":2,"href":"https:\/\/sites.uel.br\/pdi\/wp-json\/wp\/v2\/pages\/1138\/revisions"}],"predecessor-version":[{"id":1272,"href":"https:\/\/sites.uel.br\/pdi\/wp-json\/wp\/v2\/pages\/1138\/revisions\/1272"}],"wp:attachment":[{"href":"https:\/\/sites.uel.br\/pdi\/wp-json\/wp\/v2\/media?parent=1138"}],"curies":[{"name":"wp","href":"https:\/\/api.w.org\/{rel}","templated":true}]}}