{"id":1129,"date":"2022-10-03T17:48:50","date_gmt":"2022-10-03T20:48:50","guid":{"rendered":"https:\/\/sites.uel.br\/pdi\/?page_id=1129"},"modified":"2022-10-17T12:55:49","modified_gmt":"2022-10-17T15:55:49","slug":"biblioteca-suporte-ao-conhecimento","status":"publish","type":"page","link":"https:\/\/sites.uel.br\/pdi\/biblioteca-suporte-ao-conhecimento\/","title":{"rendered":"Biblioteca: Suporte ao Conhecimento"},"content":{"rendered":"\n<p class=\"has-white-color has-text-color\">.<\/p>\n\n\n\n<p>Um acervo bibliogr\u00e1fico de 289.380 exemplares de livros, teses e folhetos e 355.821 fasc\u00edculos de peri\u00f3dicos. Foram realizados aproximadamente 33 mil empr\u00e9stimos no ano de 2021, o que demonstra o tamanho e a import\u00e2ncia do Sistema de Bibliotecas da UEL (SB\/UEL). Al\u00e9m da Biblioteca Central (BC), \u00f3rg\u00e3o de apoio criado em 1972, o Sistema de Bibliotecas re\u00fane mais tr\u00eas bibliotecas setoriais. S\u00e3o as de Ci\u00eancias Humanas, do Centro de Ci\u00eancias da Sa\u00fade e do Escrit\u00f3rio de Aplica\u00e7\u00e3o de Assuntos Jur\u00eddicos.<\/p>\n\n\n\n<p>Com 43 servidores, todo o SB\/UEL oferece ao usu\u00e1rio v\u00e1rios servi\u00e7os, entre eles acesso \u00e0 Internet, empr\u00e9stimo entre bibliotecas, visitas orientadas, comuta\u00e7\u00e3o bibliogr\u00e1fica e normatiza\u00e7\u00e3o de documentos. Outro servi\u00e7o \u00e0 disposi\u00e7\u00e3o da comunidade \u00e9 a Biblioteca Digital de Teses e Disserta\u00e7\u00f5es, com 8635 trabalhos dispon\u00edveis para download, conforme consulta realizada em 24 de agosto de 2022, e a soma de aproximadamente 458 mil acessos at\u00e9 agosto de 2022. \u00c0 medida que cresce, o setor se renova. Um exemplo \u00e9 a ado\u00e7\u00e3o do Sistema Eletr\u00f4nico de Revistas (SEER), uma plataforma respons\u00e1vel pelo portal de Peri\u00f3dicos Cient\u00edficos da UEL, que re\u00fane um total de 27 t\u00edtulos da pr\u00f3pria universidade.<\/p>\n\n\n\n<p class=\"has-text-align-center\">O texto est\u00e1 citado na lista de refer\u00eancias como REVISTA UEL (2011).<\/p>\n","protected":false},"excerpt":{"rendered":"<p>. Um acervo bibliogr\u00e1fico de 289.380 exemplares de livros, teses e folhetos e 355.821 fasc\u00edculos de peri\u00f3dicos. Foram realizados aproximadamente 33 mil empr\u00e9stimos no ano de 2021, o que demonstra o tamanho e a import\u00e2ncia do Sistema de Bibliotecas da UEL (SB\/UEL). Al\u00e9m da Biblioteca Central (BC), \u00f3rg\u00e3o de apoio criado em 1972, o Sistema [&hellip;]<\/p>\n","protected":false},"author":8,"featured_media":0,"parent":0,"menu_order":0,"comment_status":"closed","ping_status":"closed","template":"","meta":{"footnotes":""},"class_list":["post-1129","page","type-page","status-publish","hentry"],"acf":[],"_links":{"self":[{"href":"https:\/\/sites.uel.br\/pdi\/wp-json\/wp\/v2\/pages\/1129","targetHints":{"allow":["GET"]}}],"collection":[{"href":"https:\/\/sites.uel.br\/pdi\/wp-json\/wp\/v2\/pages"}],"about":[{"href":"https:\/\/sites.uel.br\/pdi\/wp-json\/wp\/v2\/types\/page"}],"author":[{"embeddable":true,"href":"https:\/\/sites.uel.br\/pdi\/wp-json\/wp\/v2\/users\/8"}],"replies":[{"embeddable":true,"href":"https:\/\/sites.uel.br\/pdi\/wp-json\/wp\/v2\/comments?post=1129"}],"version-history":[{"count":2,"href":"https:\/\/sites.uel.br\/pdi\/wp-json\/wp\/v2\/pages\/1129\/revisions"}],"predecessor-version":[{"id":1270,"href":"https:\/\/sites.uel.br\/pdi\/wp-json\/wp\/v2\/pages\/1129\/revisions\/1270"}],"wp:attachment":[{"href":"https:\/\/sites.uel.br\/pdi\/wp-json\/wp\/v2\/media?parent=1129"}],"curies":[{"name":"wp","href":"https:\/\/api.w.org\/{rel}","templated":true}]}}