{"id":1123,"date":"2022-10-03T17:44:34","date_gmt":"2022-10-03T20:44:34","guid":{"rendered":"https:\/\/sites.uel.br\/pdi\/?page_id=1123"},"modified":"2022-10-03T17:44:34","modified_gmt":"2022-10-03T20:44:34","slug":"nucleo-de-estudos-da-cultura-japonesa","status":"publish","type":"page","link":"https:\/\/sites.uel.br\/pdi\/nucleo-de-estudos-da-cultura-japonesa\/","title":{"rendered":"N\u00facleo de Estudos da Cultura Japonesa"},"content":{"rendered":"\n<p class=\"has-white-color has-text-color\">.<\/p>\n\n\n\n<p>O NECJ tem suas ra\u00edzes na pr\u00f3pria trajet\u00f3ria hist\u00f3rica da Universidade Estadual de Londrina. As in\u00fameras atividades desenvolvidas ao longo do tempo foram sistematizadas e centralizadas em uma unidade espec\u00edfica: o N\u00facleo de Estudos da Cultura Japonesa. A cria\u00e7\u00e3o e implanta\u00e7\u00e3o ocorreram em 6 de outubro de 1995 (Ato Executivo 1544\/95). Na estrutura organizacional da UEL o N\u00facleo est\u00e1 vinculado a Assessoria de Rela\u00e7\u00f5es Internacionais (ARI) e ao Gabinete da Reitoria. Ocupa espa\u00e7o f\u00edsico pr\u00f3prio em pr\u00e9dio constru\u00eddo com verba do Jap\u00e3o, localizada no cal\u00e7ad\u00e3o do campus universit\u00e1rio.<\/p>\n\n\n\n<p>Apresenta como miss\u00e3o \u201cdesenvolver a integra\u00e7\u00e3o multicultural regional, nacional e internacional atrav\u00e9s da oferta de acesso \u00e0 cultura japonesa, um dos segmentos \u00e9tnicos do Brasil\u201d. O NECJ apresenta como objetivo, desenvolver estudos e pesquisas sobre a l\u00edngua e cultura japonesa, bem como a presta\u00e7\u00e3o de servi\u00e7os \u00e0 comunidade e fortalecimento dos la\u00e7os de amizade entre o Brasil e o Jap\u00e3o. As \u00e1reas de atua\u00e7\u00e3o no ensino s\u00e3o: Ensino da L\u00edngua, Literatura e Cultura Japonesa.<\/p>\n\n\n\n<p>As seguintes atividades de extens\u00e3o s\u00e3o realizadas atrav\u00e9s da UEL ou em parceria com outras entidades:<\/p>\n\n\n\n<p>Cursos de curta dura\u00e7\u00e3o e oficinas: origami,\u00a0kirigami,\u00a0tiguiri-\u00ea, mang\u00e1,\u00a0shod\u00f4, culin\u00e1ria, soroban, dan\u00e7as can\u00e7\u00f5es infantis, folcl\u00f3ricas e outros.<\/p>\n\n\n\n<p>Realiza\u00e7\u00e3o de simp\u00f3sios, semin\u00e1rios, palestras, mesas-redondas, apresenta\u00e7\u00f5es art\u00edsticas sobre temas da cultura japonesa ou nipo-brasileira.<\/p>\n\n\n\n<p>Intercambio cultural-educacional com universidades do Jap\u00e3o, por meio de conv\u00eanio, recep\u00e7\u00e3o e atividades culturais brasileiras para delega\u00e7\u00f5es das universidades do Jap\u00e3o que vem anualmente.<\/p>\n\n\n\n<p>Atrav\u00e9s das a\u00e7\u00f5es que desenvolve, o NECJ tem o intuito de levar \u00e0 compreens\u00e3o da integra\u00e7\u00e3o dos japoneses e seus descendentes no Brasil e a import\u00e2ncia de sua participa\u00e7\u00e3o ativa nos destinos da na\u00e7\u00e3o; ampliar e aprofundar a experi\u00eancia acad\u00eamica com institui\u00e7\u00f5es cong\u00eaneres nacionais e internacionais; e, promover a coopera\u00e7\u00e3o tecnol\u00f3gica, cient\u00edfica, econ\u00f4mica e sociocultural no processo de desenvolvimento levando a moderniza\u00e7\u00e3o e internacionaliza\u00e7\u00e3o do pa\u00eds.<\/p>\n\n\n\n<p class=\"has-text-align-center\">O texto est\u00e1 citado na lista de refer\u00eancias como&nbsp;NECJ (2022).<\/p>\n","protected":false},"excerpt":{"rendered":"<p>. O NECJ tem suas ra\u00edzes na pr\u00f3pria trajet\u00f3ria hist\u00f3rica da Universidade Estadual de Londrina. As in\u00fameras atividades desenvolvidas ao longo do tempo foram sistematizadas e centralizadas em uma unidade espec\u00edfica: o N\u00facleo de Estudos da Cultura Japonesa. A cria\u00e7\u00e3o e implanta\u00e7\u00e3o ocorreram em 6 de outubro de 1995 (Ato Executivo 1544\/95). Na estrutura organizacional [&hellip;]<\/p>\n","protected":false},"author":8,"featured_media":0,"parent":0,"menu_order":0,"comment_status":"closed","ping_status":"closed","template":"","meta":{"footnotes":""},"class_list":["post-1123","page","type-page","status-publish","hentry"],"acf":[],"_links":{"self":[{"href":"https:\/\/sites.uel.br\/pdi\/wp-json\/wp\/v2\/pages\/1123","targetHints":{"allow":["GET"]}}],"collection":[{"href":"https:\/\/sites.uel.br\/pdi\/wp-json\/wp\/v2\/pages"}],"about":[{"href":"https:\/\/sites.uel.br\/pdi\/wp-json\/wp\/v2\/types\/page"}],"author":[{"embeddable":true,"href":"https:\/\/sites.uel.br\/pdi\/wp-json\/wp\/v2\/users\/8"}],"replies":[{"embeddable":true,"href":"https:\/\/sites.uel.br\/pdi\/wp-json\/wp\/v2\/comments?post=1123"}],"version-history":[{"count":1,"href":"https:\/\/sites.uel.br\/pdi\/wp-json\/wp\/v2\/pages\/1123\/revisions"}],"predecessor-version":[{"id":1124,"href":"https:\/\/sites.uel.br\/pdi\/wp-json\/wp\/v2\/pages\/1123\/revisions\/1124"}],"wp:attachment":[{"href":"https:\/\/sites.uel.br\/pdi\/wp-json\/wp\/v2\/media?parent=1123"}],"curies":[{"name":"wp","href":"https:\/\/api.w.org\/{rel}","templated":true}]}}