{"id":1091,"date":"2022-10-03T16:49:04","date_gmt":"2022-10-03T19:49:04","guid":{"rendered":"https:\/\/sites.uel.br\/pdi\/?page_id=1091"},"modified":"2022-10-17T12:55:13","modified_gmt":"2022-10-17T15:55:13","slug":"hospital-veterinario-e-um-centro-de-referencia","status":"publish","type":"page","link":"https:\/\/sites.uel.br\/pdi\/hospital-veterinario-e-um-centro-de-referencia\/","title":{"rendered":"Hospital Veterin\u00e1rio: \u00e9 um centro de refer\u00eancia"},"content":{"rendered":"\n<p class=\"has-white-color has-text-color\">.<\/p>\n\n\n\n<p>Um centro de refer\u00eancia na \u00e1rea de Medicina Veterin\u00e1ria do Paran\u00e1 que apoia a execu\u00e7\u00e3o de programas de sa\u00fade p\u00fablica e sanidade animal, com o objetivo de melhorar as condi\u00e7\u00f5es sanit\u00e1rias da popula\u00e7\u00e3o. Esta \u00e9 hoje a posi\u00e7\u00e3o que o Hospital Veterin\u00e1rio (HV), \u00f3rg\u00e3o suplementar da UEL, vinculado ao Centro de Ci\u00eancias Agr\u00e1rias (CCA), ocupa em n\u00edvel nacional. O HV surgiu em 9 de setembro de 1976, e desde ent\u00e3o oferece \u00e0 comunidade atendimento e suporte t\u00e9cnico para o diagn\u00f3stico e tratamento de doen\u00e7as em v\u00e1rias esp\u00e9cies de animais. O HV tamb\u00e9m supre as necessidades de aprimoramento profissional dos estudantes do curso de Medicina Veterin\u00e1ria. Al\u00e9m de suporte para as atividades acad\u00eamicas, o setor \u00e9 campo de est\u00e1gio curricular, resid\u00eancia e \u00e1rea de pesquisa para a p\u00f3s-gradua\u00e7\u00e3o (mestrado e doutorado).<\/p>\n\n\n\n<p>\u201cNas atividades pr\u00e1ticas, os estudantes t\u00eam contato com v\u00e1rias \u00e1reas de atua\u00e7\u00e3o do m\u00e9dico veterin\u00e1rio\u201d, diz o professor Ney Carlos&nbsp;Reichert&nbsp;Netto. Ele ressalta ainda as t\u00e9cnicas de diagn\u00f3stico e tratamento especializado nas \u00e1reas de Medicina Veterin\u00e1ria curativa e preventiva, oferecidas \u00e0 comunidade. Segundo o levantamento do HV, s\u00f3 em 2021 foram realizadas aproximadamente 11000 consultas de rotina a pequenos animais e aproximadamente 300 consultas de rotina a grandes animais. O HV tamb\u00e9m \u00e9 refer\u00eancia para profissionais e t\u00e9cnicos de munic\u00edpios paranaenses e estados como S\u00e3o Paulo e Mato Grosso do Sul. Em 2022, 33 servidores e 45 docentes atuam nos departamentos de Cl\u00ednicas Veterin\u00e1rias e Medicina Veterin\u00e1ria Preventiva. Com plant\u00e3o veterin\u00e1rio desde 1993, casos emergenciais s\u00e3o atendidos por plantonistas, m\u00e9dicos veterin\u00e1rios residentes e estudantes da gradua\u00e7\u00e3o. Entre outros setores, o HV possui farm\u00e1cia e tr\u00eas \u00e1reas com capacidade de internamento para at\u00e9 23 animais de companhia, 9 equinos ou bovinos, e at\u00e9 24 animais de tamanho m\u00e9dio.<\/p>\n\n\n\n<p class=\"has-text-align-center\">O texto est\u00e1 citado na lista de refer\u00eancias como REVISTA UEL (2011).<\/p>\n","protected":false},"excerpt":{"rendered":"<p>. Um centro de refer\u00eancia na \u00e1rea de Medicina Veterin\u00e1ria do Paran\u00e1 que apoia a execu\u00e7\u00e3o de programas de sa\u00fade p\u00fablica e sanidade animal, com o objetivo de melhorar as condi\u00e7\u00f5es sanit\u00e1rias da popula\u00e7\u00e3o. Esta \u00e9 hoje a posi\u00e7\u00e3o que o Hospital Veterin\u00e1rio (HV), \u00f3rg\u00e3o suplementar da UEL, vinculado ao Centro de Ci\u00eancias Agr\u00e1rias (CCA), [&hellip;]<\/p>\n","protected":false},"author":8,"featured_media":0,"parent":0,"menu_order":0,"comment_status":"closed","ping_status":"closed","template":"","meta":{"footnotes":""},"class_list":["post-1091","page","type-page","status-publish","hentry"],"acf":[],"_links":{"self":[{"href":"https:\/\/sites.uel.br\/pdi\/wp-json\/wp\/v2\/pages\/1091","targetHints":{"allow":["GET"]}}],"collection":[{"href":"https:\/\/sites.uel.br\/pdi\/wp-json\/wp\/v2\/pages"}],"about":[{"href":"https:\/\/sites.uel.br\/pdi\/wp-json\/wp\/v2\/types\/page"}],"author":[{"embeddable":true,"href":"https:\/\/sites.uel.br\/pdi\/wp-json\/wp\/v2\/users\/8"}],"replies":[{"embeddable":true,"href":"https:\/\/sites.uel.br\/pdi\/wp-json\/wp\/v2\/comments?post=1091"}],"version-history":[{"count":2,"href":"https:\/\/sites.uel.br\/pdi\/wp-json\/wp\/v2\/pages\/1091\/revisions"}],"predecessor-version":[{"id":1269,"href":"https:\/\/sites.uel.br\/pdi\/wp-json\/wp\/v2\/pages\/1091\/revisions\/1269"}],"wp:attachment":[{"href":"https:\/\/sites.uel.br\/pdi\/wp-json\/wp\/v2\/media?parent=1091"}],"curies":[{"name":"wp","href":"https:\/\/api.w.org\/{rel}","templated":true}]}}