{"id":1089,"date":"2022-10-03T16:48:11","date_gmt":"2022-10-03T19:48:11","guid":{"rendered":"https:\/\/sites.uel.br\/pdi\/?page_id=1089"},"modified":"2022-10-03T16:48:11","modified_gmt":"2022-10-03T19:48:11","slug":"hemocentro-regional-de-londrina","status":"publish","type":"page","link":"https:\/\/sites.uel.br\/pdi\/hemocentro-regional-de-londrina\/","title":{"rendered":"Hemocentro Regional de Londrina"},"content":{"rendered":"\n<p class=\"has-white-color has-text-color\">.<\/p>\n\n\n\n<p>O Hemocentro Regional de Londrina est\u00e1 vinculado ao Hospital Universit\u00e1rio (HU) da Universidade Estadual de Londrina (UEL) e integra a Hemorrede P\u00fablica do Paran\u00e1 (HEMEPAR). \u00c9 refer\u00eancia no atendimento a pacientes portadores de coagulopatias heredit\u00e1rias. Atende as demandas transfusionais da rede p\u00fablica de Londrina e outros hospitais p\u00fablicos da 17\u00aa Regional de Sa\u00fade e d\u00e1 suporte \u00e0s unidades de coleta e transfus\u00e3o de Corn\u00e9lio Proc\u00f3pio e Jacarezinho. O Hemocentro de Londrina distribui sangue para os seguintes hospitais:&nbsp;<\/p>\n\n\n\n<p>Hospital Universit\u00e1rio de Londrina<\/p>\n\n\n\n<p>Hospital do C\u00e2ncer de Londrina<\/p>\n\n\n\n<p>Hospital Dr. Anisio Figueiredo (Zona Norte)&nbsp;<\/p>\n\n\n\n<p>Hospital Dr. Eulalino de Andrade (Zona Sul)&nbsp;&nbsp;<\/p>\n\n\n\n<p>Maternidade Municipal Lucilla Ballalai<\/p>\n\n\n\n<p>Santa Casa de Camb\u00e9<\/p>\n\n\n\n<p>Hospital S\u00e3o Rafael de Rol\u00e2ndia<\/p>\n\n\n\n<p>Hospital Cristo Rei de Ibipor\u00e3<\/p>\n\n\n\n<p>Hospital Municipal de Alvorada do Sul<\/p>\n\n\n\n<p>Hospital Municipal de Assa\u00ed<\/p>\n\n\n\n<p>Hospital S\u00e3o Jorge de Bela Vista do Para\u00edso<\/p>\n\n\n\n<p>Hospital Municipal de Centen\u00e1rio do Sul<\/p>\n\n\n\n<p>Hospital Municipal de Jaguapit\u00e3<\/p>\n\n\n\n<p>Hospital Municipal de Porecatu<\/p>\n\n\n\n<p>Hospital Municipal de Primeiro de Maio<\/p>\n\n\n\n<p>Hospital Municipal de Sertan\u00f3polis<\/p>\n\n\n\n<p>Hospital Municipal de Prado Ferreira<\/p>\n\n\n\n<p>Hospital Municipal de Tamarana<\/p>\n\n\n\n<p>Hospital Municipal de Florest\u00f3polis<\/p>\n\n\n\n<p>Hospital S\u00e3o Camilo de Jataizinho<\/p>\n\n\n\n<p>Hospital Municipal de Lupion\u00f3polis<\/p>\n\n\n\n<p>Hospital Municipal de Mirasselva<\/p>\n\n\n\n<p class=\"has-text-align-center\">O texto est\u00e1 citado na lista de refer\u00eancias como HEMOCENTRO (2022).<\/p>\n","protected":false},"excerpt":{"rendered":"<p>. O Hemocentro Regional de Londrina est\u00e1 vinculado ao Hospital Universit\u00e1rio (HU) da Universidade Estadual de Londrina (UEL) e integra a Hemorrede P\u00fablica do Paran\u00e1 (HEMEPAR). \u00c9 refer\u00eancia no atendimento a pacientes portadores de coagulopatias heredit\u00e1rias. Atende as demandas transfusionais da rede p\u00fablica de Londrina e outros hospitais p\u00fablicos da 17\u00aa Regional de Sa\u00fade e [&hellip;]<\/p>\n","protected":false},"author":8,"featured_media":0,"parent":0,"menu_order":0,"comment_status":"closed","ping_status":"closed","template":"","meta":{"footnotes":""},"class_list":["post-1089","page","type-page","status-publish","hentry"],"acf":[],"_links":{"self":[{"href":"https:\/\/sites.uel.br\/pdi\/wp-json\/wp\/v2\/pages\/1089","targetHints":{"allow":["GET"]}}],"collection":[{"href":"https:\/\/sites.uel.br\/pdi\/wp-json\/wp\/v2\/pages"}],"about":[{"href":"https:\/\/sites.uel.br\/pdi\/wp-json\/wp\/v2\/types\/page"}],"author":[{"embeddable":true,"href":"https:\/\/sites.uel.br\/pdi\/wp-json\/wp\/v2\/users\/8"}],"replies":[{"embeddable":true,"href":"https:\/\/sites.uel.br\/pdi\/wp-json\/wp\/v2\/comments?post=1089"}],"version-history":[{"count":1,"href":"https:\/\/sites.uel.br\/pdi\/wp-json\/wp\/v2\/pages\/1089\/revisions"}],"predecessor-version":[{"id":1090,"href":"https:\/\/sites.uel.br\/pdi\/wp-json\/wp\/v2\/pages\/1089\/revisions\/1090"}],"wp:attachment":[{"href":"https:\/\/sites.uel.br\/pdi\/wp-json\/wp\/v2\/media?parent=1089"}],"curies":[{"name":"wp","href":"https:\/\/api.w.org\/{rel}","templated":true}]}}