{"id":1087,"date":"2022-10-03T16:46:01","date_gmt":"2022-10-03T19:46:01","guid":{"rendered":"https:\/\/sites.uel.br\/pdi\/?page_id=1087"},"modified":"2022-10-03T16:46:01","modified_gmt":"2022-10-03T19:46:01","slug":"clinica-psicologica-da-universidade-estadual-de-londrina","status":"publish","type":"page","link":"https:\/\/sites.uel.br\/pdi\/clinica-psicologica-da-universidade-estadual-de-londrina\/","title":{"rendered":"Cl\u00ednica Psicol\u00f3gica da Universidade Estadual de Londrina"},"content":{"rendered":"\n<p class=\"has-text-color\" style=\"color:#fefefe\">.<\/p>\n\n\n\n<p>A Cl\u00ednica Psicol\u00f3gica da Universidade Estadual de Londrina configura-se como um servi\u00e7o-escola de Psicologia ligado ao curso de gradua\u00e7\u00e3o em Psicologia da referida universidade. Tal servi\u00e7o congrega a\u00e7\u00f5es dos departamentos de Psicologia Geral e An\u00e1lise do Comportamento (PGAC), Psicologia e Psican\u00e1lise (PPSIC) e Psicologia Social e Institucional (PSI), por meio de atividades ofertadas em est\u00e1gios curriculares, projetos de ensino, pesquisa e extens\u00e3o.<\/p>\n\n\n\n<p>Constituem a popula\u00e7\u00e3o-alvo da Cl\u00ednica Psicol\u00f3gica da UEL, as comunidades interna e externa \u00e0 UEL, em suas diferentes faixas et\u00e1rias (crian\u00e7as, adolescentes, adultos e idosos), benefici\u00e1rios do Sistema \u00danico de Sa\u00fade. Dentre os servi\u00e7os oferecidos, destaca-se a psicoterapia individual de crian\u00e7as, adolescentes, adultos e idosos. Demais atividades, tais como avalia\u00e7\u00e3o psicol\u00f3gica, psicoterapia de grupo, casal e fam\u00edlia, dentre outros s\u00e3o oferecidos por meio de projetos de ensino, pesquisa e extens\u00e3o, conforme interesse e disponibilidade de docentes e pesquisadores da Universidade Estadual de Londrina.<\/p>\n\n\n\n<p>A Cl\u00ednica Psicol\u00f3gica foi instalada em 1976, com a implanta\u00e7\u00e3o do 5\u00ba ano do curso de Psicologia da UEL (Habilita\u00e7\u00e3o: Forma\u00e7\u00e3o do Psic\u00f3logo). Em 1992, a Cl\u00ednica Psicol\u00f3gica atuava como um servi\u00e7o de extens\u00e3o da Universidade Estadual de Londrina, denominando-se Servi\u00e7o de Psicologia Aplicada (S.P.A.), vinculada aos departamentos de Psicologia,\u00a0principalmente aos departamentos de Psicologia Geral e An\u00e1lise do Comportamento e de Psicologia e Psican\u00e1lise, que ofereciam est\u00e1gios na \u00e1rea de Psicologia Cl\u00ednica aos alunos do curso de Psicologia. Esses dois departamentos tinham tamb\u00e9m a responsabilidade de coordenar o Servi\u00e7o de Psicologia Cl\u00ednica, atrav\u00e9s de revezamento. Assim como tradicionalmente os alunos desenvolviam seu est\u00e1gio em cl\u00ednica neste \u00f3rg\u00e3o, o mesmo era conhecido como Cl\u00ednica Psicol\u00f3gica (conforme informativo da coordena\u00e7\u00e3o do Servi\u00e7o de Psicologia Aplicada, de 10\/03\/1992).<\/p>\n\n\n\n<p>Em 1999, o Servi\u00e7o de Psicologia Aplicada (Cl\u00ednica Psicol\u00f3gica) foi transformado em N\u00facleo de Psicologia Cl\u00ednica (Resolu\u00e7\u00e3o CA 198\/99, de 11\/11\/1999), vinculado acad\u00eamica e administrativamente ao Centro de Ci\u00eancias Biol\u00f3gicas. Desde ent\u00e3o, o Diretor deste \u00f3rg\u00e3o passou a ser eleito pelos alunos da 5\u00aa s\u00e9rie do curso de Psicologia e pelos docentes que atuavam como supervisores de est\u00e1gio na \u00e1rea de Psicologia Cl\u00ednica. Em 2009, o N\u00facleo de Psicologia Cl\u00ednica foi institucionalizado como \u00d3rg\u00e3o Suplementar da Universidade Estadual de Londrina (Resolu\u00e7\u00e3o CA 159\/2009, de 31\/07\/2009), passando a denominar-se Cl\u00ednica Psicol\u00f3gica (CP-UEL), subordinado administrativamente \u00e0 Reitoria da UEL e academicamente ao Centro de Ci\u00eancias Biol\u00f3gicas, regendo-se pelo disposto no Estatuto e Regimento da UEL e pelas disposi\u00e7\u00f5es de seu Regimento, aprovado pela Resolu\u00e7\u00e3o CU 260\/2009, de 15\/12\/2009.&nbsp;<\/p>\n\n\n\n<p>A partir de 2014, a Dire\u00e7\u00e3o da Cl\u00ednica Psicol\u00f3gica passou a ser escolhida por meio de elei\u00e7\u00e3o com votos de representante dos estudantes de Psicologia, representante dos servidores do servi\u00e7o, al\u00e9m de votos dos docentes dos departamentos de Psicologia Geral e An\u00e1lise do Comportamento, Psicologia e Psican\u00e1lise e Psicologia Social e Institucional.<\/p>\n\n\n\n<p>A Cl\u00ednica Psicol\u00f3gica localiza-se no CCB. Seu espa\u00e7o principal \u00e9 o Bloco&nbsp;B&nbsp;(Cl\u00ednica Nova), com 280 m2, composta por: 6 salas de atendimento de adulto, 3 salas de atendimento infantil, 1 sala de atendimento da assessora especial, 1 sala de atendimento em grupo, 1 sala de espera de clientes, 2 salas de espelho (para observa\u00e7\u00e3o de atendimento), 1 secretaria, 1 sala de dire\u00e7\u00e3o, 1 sala de estagi\u00e1rios, 1 almoxarifado e 1 WC de funcion\u00e1rios. A Cl\u00ednica ocupa, ainda, parte do Bloco A (Cl\u00ednica Antiga), com 171 m2, composta por: 6 salas multifuncionais, usadas para atendimento cl\u00ednico e supervis\u00e3o de estudantes, 1 sala de atendimento em grupo\/supervis\u00e3o e 1 sala de aula\/atendimento em grupo.<\/p>\n\n\n\n<p class=\"has-text-align-center\">O texto est\u00e1 citado na lista de refer\u00eancias como CL\u00cdNICA PSICOL\u00d3GICA (2022).<\/p>\n","protected":false},"excerpt":{"rendered":"<p>. A Cl\u00ednica Psicol\u00f3gica da Universidade Estadual de Londrina configura-se como um servi\u00e7o-escola de Psicologia ligado ao curso de gradua\u00e7\u00e3o em Psicologia da referida universidade. Tal servi\u00e7o congrega a\u00e7\u00f5es dos departamentos de Psicologia Geral e An\u00e1lise do Comportamento (PGAC), Psicologia e Psican\u00e1lise (PPSIC) e Psicologia Social e Institucional (PSI), por meio de atividades ofertadas em [&hellip;]<\/p>\n","protected":false},"author":8,"featured_media":0,"parent":0,"menu_order":0,"comment_status":"closed","ping_status":"closed","template":"","meta":{"footnotes":""},"class_list":["post-1087","page","type-page","status-publish","hentry"],"acf":[],"_links":{"self":[{"href":"https:\/\/sites.uel.br\/pdi\/wp-json\/wp\/v2\/pages\/1087","targetHints":{"allow":["GET"]}}],"collection":[{"href":"https:\/\/sites.uel.br\/pdi\/wp-json\/wp\/v2\/pages"}],"about":[{"href":"https:\/\/sites.uel.br\/pdi\/wp-json\/wp\/v2\/types\/page"}],"author":[{"embeddable":true,"href":"https:\/\/sites.uel.br\/pdi\/wp-json\/wp\/v2\/users\/8"}],"replies":[{"embeddable":true,"href":"https:\/\/sites.uel.br\/pdi\/wp-json\/wp\/v2\/comments?post=1087"}],"version-history":[{"count":1,"href":"https:\/\/sites.uel.br\/pdi\/wp-json\/wp\/v2\/pages\/1087\/revisions"}],"predecessor-version":[{"id":1088,"href":"https:\/\/sites.uel.br\/pdi\/wp-json\/wp\/v2\/pages\/1087\/revisions\/1088"}],"wp:attachment":[{"href":"https:\/\/sites.uel.br\/pdi\/wp-json\/wp\/v2\/media?parent=1087"}],"curies":[{"name":"wp","href":"https:\/\/api.w.org\/{rel}","templated":true}]}}