{"id":1082,"date":"2022-10-03T16:42:45","date_gmt":"2022-10-03T19:42:45","guid":{"rendered":"https:\/\/sites.uel.br\/pdi\/?page_id=1082"},"modified":"2022-10-17T12:54:04","modified_gmt":"2022-10-17T15:54:04","slug":"clinica-odontologica-universitaria-164-mil-procedimentos-por-ano","status":"publish","type":"page","link":"https:\/\/sites.uel.br\/pdi\/clinica-odontologica-universitaria-164-mil-procedimentos-por-ano\/","title":{"rendered":"Cl\u00ednica Odontol\u00f3gica Universit\u00e1ria: 164 mil procedimentos por ano"},"content":{"rendered":"\n<p class=\"has-white-color has-text-color\">.<\/p>\n\n\n\n<p>A hist\u00f3ria da Cl\u00ednica Odontol\u00f3gica Universit\u00e1ria (COU) se confunde com a cria\u00e7\u00e3o, em 1962, da Faculdade Estadual de Londrina (FEOL). Hoje, \u00d3rg\u00e3o Suplementar da Universidade Estadual de Londrina, a COU come\u00e7ou a funcionar em 1963 junto ao Col\u00e9gio de Aplica\u00e7\u00e3o, no centro da cidade. Em 59 anos de exist\u00eancia, a cl\u00ednica sempre serviu de suporte para as atividades de ensino, pesquisa e extens\u00e3o da gradua\u00e7\u00e3o em Odontologia. Ela \u00e9 refer\u00eancia em Londrina e regi\u00e3o no atendimento odontol\u00f3gico gratuito \u00e0 popula\u00e7\u00e3o. Segundo n\u00fameros da COU, s\u00f3 em 2021 o setor realizou cerca de 36 mil atendimentos para adultos e crian\u00e7as acima de cinco anos, pelo Sistema \u00danico de Sa\u00fade (SUS), e realizou cerca de 164 mil procedimentos. J\u00e1 o Pronto Socorro&nbsp;Ondontol\u00f3gico, ao completar 30 anos de funcionamento, contabilizou aproximadamente 9 mil atendimentos no \u00faltimo ano.<\/p>\n\n\n\n<p>\u201cA COU \u00e9 a maior prestadora de servi\u00e7os odontol\u00f3gicos entre as IES estaduais, e uma das \u00fanicas do Brasil que mant\u00e9m o Pronto Socorro 24 horas\u201d, destaca o professor Jos\u00e9 Pinto, diretor da cl\u00ednica em 2011. Com uma \u00e1rea constru\u00edda de 5 mil m2, a cl\u00ednica \u00e9 campo de est\u00e1gio e atividades acad\u00eamicas para quase 400 estudantes de gradua\u00e7\u00e3o e p\u00f3s-gradua\u00e7\u00e3o (especializa\u00e7\u00e3o, mestrado e doutorado) na \u00e1rea de Odontologia. Em 23 de mar\u00e7o de 2018 foi inaugurado o 1\u00ba bloco da nova Cl\u00ednica Odontol\u00f3gica Universit\u00e1ria. Uma obra com 4.386 m2, que custou R$16.887.442,55 e que recebeu parte das atividades da atual COU, que abriga toda a estrutura acad\u00eamica e administrativa do curso de Odontologia, do Centro de Ci\u00eancias da Sa\u00fade (CCS). Este novo espa\u00e7o fica atr\u00e1s do Ambulat\u00f3rio de Especialidades do HU. Os recursos para a conclus\u00e3o do bloco vieram da Secretaria do Estado da Sa\u00fade (SESA), no valor de R$9.824.848,26, mais R$2.983.769,77, destinados \u00e0 aquisi\u00e7\u00e3o de equipamentos e material permanente. Os demais recursos s\u00e3o da Funda\u00e7\u00e3o Arauc\u00e1ria\/Fundo Paran\u00e1, que destinou o valor de R$6.443.889,40, al\u00e9m de recursos pr\u00f3prios da UEL no valor de R$618.704,59.<\/p>\n\n\n\n<p>Equipado com 110 novos conjuntos odontol\u00f3gicos, o 1\u00ba Bloco conta com duas salas de espera com capacidade para 150 pessoas, al\u00e9m de estacionamento, constru\u00eddo com recursos pr\u00f3prios da Universidade. O setor tem sistema de ar comprimido e aspira\u00e7\u00e3o a v\u00e1cuo de \u00faltima gera\u00e7\u00e3o, acessibilidade planejada e adequada, conforme normas atuais \u2013 elevadores, rampas de acesso e cadeiras para obesos e acesso para ambul\u00e2ncia. Al\u00e9m disso, os ambientes s\u00e3o equipados com sensores de inc\u00eandio, conforme normas de seguran\u00e7a do Corpo de Bombeiros. Tamb\u00e9m conta com um moderno sistema de esteriliza\u00e7\u00e3o, uma m\u00e1quina de autoclave informatizada de 520 litros, o que vai acarretar aumento da capacidade de esteriliza\u00e7\u00e3o de instrumentos e materiais. De acordo com o diretor da COU, professor Jos\u00e9 Roberto Pinto, os novos empreendimentos garantem um atendimento seguro e de qualidade ao paciente, conforme normas de biosseguran\u00e7a previstas pela Ag\u00eancia Nacional de Vigil\u00e2ncia Sanit\u00e1ria (ANVISA).<\/p>\n\n\n\n<p>O diretor da COU destaca ainda que o espa\u00e7o conta com moderno sistema de capta\u00e7\u00e3o de \u00e1gua e chuva, inclusive um conjunto de cisternas que garantem a economia de \u00e1gua. O objetivo \u00e9 a gest\u00e3o sustent\u00e1vel da \u00e1gua para aproveitamento futuro, em descargas e limpeza. Al\u00e9m de sistema de c\u00e2meras interno e externo e Central de Separa\u00e7\u00e3o de Lixo, toda ilumina\u00e7\u00e3o do bloco \u00e9 constitu\u00edda de l\u00e2mpadas de LED, visando a redu\u00e7\u00e3o de gastos com energia el\u00e9trica. Conforme informou Jos\u00e9 Roberto, no in\u00edcio do ano letivo de 2018 na UEL, o bloco passa a abrigar todo o aparato de apoio ao Curso de Odontologia, ou seja, tr\u00eas ambulat\u00f3rios de gradua\u00e7\u00e3o, que envolve o ensino, pesquisa e extens\u00e3o, Pronto Socorro 24 horas, Centro de Especialidades Odontol\u00f3gicas (CEO), que funciona com uma equipe de professores residentes, oferecendo atendimento para casos de m\u00e9dia e alta complexidade.<\/p>\n\n\n\n<p>Tamb\u00e9m ser\u00e3o alocados no 1\u00ba Bloco do novo pr\u00e9dio, o Setor de Esteriliza\u00e7\u00e3o, a equipe administrativa da COU, setores de apoio e faturamento, os Departamentos de Medicina Oral e Odontologia Infantil e Odontologia Restauradora, al\u00e9m do Colegiado do curso de Odontologia. Permanecem no antigo pr\u00e9dio, localizado na Rua Pernambuco, 540 (Centro), os Laborat\u00f3rios de Ensino e Pesquisa, Biblioteca Setorial, Cl\u00ednica de P\u00f3s-Gradua\u00e7\u00e3o, Centro Cir\u00fargico e o Setor de Lavanderia. E, futuramente, segundo o diretor da COU, o atual pr\u00e9dio dever\u00e1 receber a Beb\u00ea Cl\u00ednica e o Posto de Coleta Central do Hemocentro do Hospital Universit\u00e1rio (HU).<\/p>\n\n\n\n<p>Para o diretor da COU, a conclus\u00e3o do 1\u00ba Bloco \u00e9 uma conquista coletiva que traz mais qualidade para o curso de Odontologia, um dos mais antigos da Universidade, criado em 1962. Segundo Jos\u00e9 Roberto, a primeira etapa da obra chega ao fim em fun\u00e7\u00e3o do empenho de pessoas compromissadas com esse patrim\u00f4nio, entre elas servidores, professores e alunos da Universidade. No entanto, o diretor lembra ainda que existe a necessidade urgente de concluir os outros dois blocos restantes. \u201cH\u00e1 a esperan\u00e7a de que o governo estadual repasse os recursos necess\u00e1rios para terminar os blocos, pois parte do curso ainda vai permanecer no antigo pr\u00e9dio que est\u00e1 em condi\u00e7\u00f5es prec\u00e1rias\u201d, finalizou.<\/p>\n\n\n\n<p class=\"has-text-align-center\">O texto est\u00e1 citado na lista de refer\u00eancias como REVISTA UEL (2011) e BONDE (2018).<\/p>\n","protected":false},"excerpt":{"rendered":"<p>. A hist\u00f3ria da Cl\u00ednica Odontol\u00f3gica Universit\u00e1ria (COU) se confunde com a cria\u00e7\u00e3o, em 1962, da Faculdade Estadual de Londrina (FEOL). Hoje, \u00d3rg\u00e3o Suplementar da Universidade Estadual de Londrina, a COU come\u00e7ou a funcionar em 1963 junto ao Col\u00e9gio de Aplica\u00e7\u00e3o, no centro da cidade. Em 59 anos de exist\u00eancia, a cl\u00ednica sempre serviu de [&hellip;]<\/p>\n","protected":false},"author":8,"featured_media":0,"parent":0,"menu_order":0,"comment_status":"closed","ping_status":"closed","template":"","meta":{"footnotes":""},"class_list":["post-1082","page","type-page","status-publish","hentry"],"acf":[],"_links":{"self":[{"href":"https:\/\/sites.uel.br\/pdi\/wp-json\/wp\/v2\/pages\/1082","targetHints":{"allow":["GET"]}}],"collection":[{"href":"https:\/\/sites.uel.br\/pdi\/wp-json\/wp\/v2\/pages"}],"about":[{"href":"https:\/\/sites.uel.br\/pdi\/wp-json\/wp\/v2\/types\/page"}],"author":[{"embeddable":true,"href":"https:\/\/sites.uel.br\/pdi\/wp-json\/wp\/v2\/users\/8"}],"replies":[{"embeddable":true,"href":"https:\/\/sites.uel.br\/pdi\/wp-json\/wp\/v2\/comments?post=1082"}],"version-history":[{"count":2,"href":"https:\/\/sites.uel.br\/pdi\/wp-json\/wp\/v2\/pages\/1082\/revisions"}],"predecessor-version":[{"id":1267,"href":"https:\/\/sites.uel.br\/pdi\/wp-json\/wp\/v2\/pages\/1082\/revisions\/1267"}],"wp:attachment":[{"href":"https:\/\/sites.uel.br\/pdi\/wp-json\/wp\/v2\/media?parent=1082"}],"curies":[{"name":"wp","href":"https:\/\/api.w.org\/{rel}","templated":true}]}}