{"id":1066,"date":"2022-10-03T16:32:43","date_gmt":"2022-10-03T19:32:43","guid":{"rendered":"https:\/\/sites.uel.br\/pdi\/?page_id=1066"},"modified":"2022-10-17T12:51:54","modified_gmt":"2022-10-17T15:51:54","slug":"hospital-universitario-um-brinde-a-saude","status":"publish","type":"page","link":"https:\/\/sites.uel.br\/pdi\/hospital-universitario-um-brinde-a-saude\/","title":{"rendered":"Hospital Universit\u00e1rio: um brinde \u00e0 sa\u00fade"},"content":{"rendered":"\n<p class=\"has-white-color has-text-color\">.<\/p>\n\n\n\n<p>Maior hospital p\u00fablico estadual do Paran\u00e1, o Hospital Universit\u00e1rio da UEL tamb\u00e9m est\u00e1 completando 50 anos de vida. Como a UEL, o HU tem uma hist\u00f3ria repleta de pioneirismo, de muita dedica\u00e7\u00e3o das pessoas que participaram de sua constru\u00e7\u00e3o. Pioneirismo, ali\u00e1s, faz hoje do HU refer\u00eancia estadual e nacional em diversas \u00e1reas da sa\u00fade, contando tamb\u00e9m a atua\u00e7\u00e3o do Ambulat\u00f3rio de Especialidades do HU (AEHU). Os n\u00fameros impressionam, s\u00e3o mais de 113 mil atendimentos ambulatoriais (entre HU, DASC e AEHU), mais de 23 mil atendimentos m\u00e9dicos no Pronto Socorro e cerca de 15 mil interna\u00e7\u00f5es. Deste total, quase 24% dos pacientes atendidos s\u00e3o de outros munic\u00edpios \u2013 a maioria vinda do Paran\u00e1, mas tamb\u00e9m de estados como S\u00e3o Paulo, Santa Catarina, Mato Grosso do Sul e at\u00e9 do Norte e Nordeste brasileiros.<\/p>\n\n\n\n<p>O HU funcionou, de 1\u00ba de agosto de 1971 a dezembro de 1975, no pr\u00e9dio ent\u00e3o pertencente ao Hospital Evang\u00e9lico, na esquina das Ruas Pernambuco e Alagoas (onde hoje funciona a Cohab-Londrina), no centro da cidade. Desde ent\u00e3o, estabeleceu-se um casamento perfeito entre o curso de Medicina, iniciado em 1967, com o Hospital Universit\u00e1rio. Enfermagem, Fisioterapia e Bioqu\u00edmica e Odontologia juntaram-se \u00e0 fam\u00edlia, cada um no seu tempo, com o HU se transformando em um grande campo de aulas pr\u00e1ticas e aprendizado dos cursos de gradua\u00e7\u00e3o e p\u00f3s-gradua\u00e7\u00e3o do CCS.<\/p>\n\n\n\n<p>\u201cO Hospital come\u00e7ou com 39 leitos e, em processo de r\u00e1pida expans\u00e3o, em um ano j\u00e1 tinha ampliado sua capacidade para 150 leitos, atendendo inicialmente ao servi\u00e7o de Pronto Socorro municipal. Foi importante o fato de o reitor da UEL e o prefeito de Londrina da \u00e9poca, respectivamente&nbsp;Asc\u00eancio&nbsp;Garcia Lopes e Danton Paranagu\u00e1, serem tamb\u00e9m m\u00e9dicos. Tinham mais sensibilidade em rela\u00e7\u00e3o ao Hospital Universit\u00e1rio\u201d, comenta o m\u00e9dico L\u00facio Tedesco&nbsp;Marchese, segundo superintendente do HU, na gest\u00e3o de 1972-1974.<\/p>\n\n\n\n<p>Segundo&nbsp;Marchese, como primeiras provid\u00eancias foram feitas diversas adequa\u00e7\u00f5es, o centro cir\u00fargico foi reformado e a primeira UTI da cidade foi criada. \u201cNa \u00e9poca, fizemos uma estrutura interna de alvenaria dentro de um barrac\u00e3o de madeira para procedimentos cir\u00fargicos, com respirador, revestimentos apropriados e com aquisi\u00e7\u00e3o de materiais cir\u00fargicos para transplante, tudo autorizado pelo reitor\u201d, relata.<\/p>\n\n\n\n<p>Ainda no primeiro pr\u00e9dio do HU, as primeiras resid\u00eancias m\u00e9dicas foram implantadas. \u201cPrimeiro em Cirurgia Geral, depois em Urologia, Cirurgia Pedi\u00e1trica e Cl\u00ednica M\u00e9dica. Desenvolv\u00edamos fun\u00e7\u00e3o did\u00e1tica muito boa, com movimento muito grande. Tanto \u00e9 que quem conclu\u00eda resid\u00eancia no HU estava preparado para resid\u00eancias em qualquer outro hospital, com praticamente 100% de aprova\u00e7\u00e3o. Com isso, o curso de Medicina da UEL j\u00e1 era classificado entre os cinco melhores do Pa\u00eds\u201d, ressalta&nbsp;Marchese.<\/p>\n\n\n\n<p class=\"has-text-align-center\">O texto est\u00e1 citado na lista de refer\u00eancias como REVISTA UEL (2011).<\/p>\n","protected":false},"excerpt":{"rendered":"<p>. Maior hospital p\u00fablico estadual do Paran\u00e1, o Hospital Universit\u00e1rio da UEL tamb\u00e9m est\u00e1 completando 50 anos de vida. Como a UEL, o HU tem uma hist\u00f3ria repleta de pioneirismo, de muita dedica\u00e7\u00e3o das pessoas que participaram de sua constru\u00e7\u00e3o. Pioneirismo, ali\u00e1s, faz hoje do HU refer\u00eancia estadual e nacional em diversas \u00e1reas da sa\u00fade, [&hellip;]<\/p>\n","protected":false},"author":8,"featured_media":0,"parent":0,"menu_order":0,"comment_status":"closed","ping_status":"closed","template":"","meta":{"footnotes":""},"class_list":["post-1066","page","type-page","status-publish","hentry"],"acf":[],"_links":{"self":[{"href":"https:\/\/sites.uel.br\/pdi\/wp-json\/wp\/v2\/pages\/1066","targetHints":{"allow":["GET"]}}],"collection":[{"href":"https:\/\/sites.uel.br\/pdi\/wp-json\/wp\/v2\/pages"}],"about":[{"href":"https:\/\/sites.uel.br\/pdi\/wp-json\/wp\/v2\/types\/page"}],"author":[{"embeddable":true,"href":"https:\/\/sites.uel.br\/pdi\/wp-json\/wp\/v2\/users\/8"}],"replies":[{"embeddable":true,"href":"https:\/\/sites.uel.br\/pdi\/wp-json\/wp\/v2\/comments?post=1066"}],"version-history":[{"count":2,"href":"https:\/\/sites.uel.br\/pdi\/wp-json\/wp\/v2\/pages\/1066\/revisions"}],"predecessor-version":[{"id":1262,"href":"https:\/\/sites.uel.br\/pdi\/wp-json\/wp\/v2\/pages\/1066\/revisions\/1262"}],"wp:attachment":[{"href":"https:\/\/sites.uel.br\/pdi\/wp-json\/wp\/v2\/media?parent=1066"}],"curies":[{"name":"wp","href":"https:\/\/api.w.org\/{rel}","templated":true}]}}