{"id":1043,"date":"2022-10-03T15:59:48","date_gmt":"2022-10-03T18:59:48","guid":{"rendered":"https:\/\/sites.uel.br\/pdi\/?page_id=1043"},"modified":"2022-10-03T15:59:48","modified_gmt":"2022-10-03T18:59:48","slug":"parceria-entre-hu-uel-e-prefeitura-de-londrina-realizou-mais-de-83-mil-testes-de-covid-19","status":"publish","type":"page","link":"https:\/\/sites.uel.br\/pdi\/parceria-entre-hu-uel-e-prefeitura-de-londrina-realizou-mais-de-83-mil-testes-de-covid-19\/","title":{"rendered":"Parceria entre HU\/UEL e Prefeitura de Londrina realizou mais de 83 mil testes de Covid-19"},"content":{"rendered":"\n<p class=\"has-text-color\" style=\"color:#fefefe\">.<\/p>\n\n\n\n<p>Ap\u00f3s 15 meses em vigor, o conv\u00eanio firmado entre a Prefeitura de Londrina e o Hospital Universit\u00e1rio da Universidade Estadual de Londrina (HU-UEL) superou a marca de 83 mil testes RT-PCR para diagn\u00f3stico da Covid-19. O n\u00famero \u00e9 considerado alto, j\u00e1 que a maioria dos munic\u00edpios brasileiros sequer possui um programa pr\u00f3prio para testagem e depende\u00a0exclusivamente dos exames fornecidos pelo Minist\u00e9rio da Sa\u00fade. Somando rede p\u00fablica e particular, foram efetuados em Londrina 247.541 testes RT-PCR, que \u00e9 padr\u00e3o ouro para identificar o novo coronav\u00edrus. Este teste molecular detecta com maior precis\u00e3o a presen\u00e7a do v\u00edrus na fase inicial da doen\u00e7a. Isso garante um r\u00e1pido diagn\u00f3stico e encaminhamento do paciente, al\u00e9m da diferencia\u00e7\u00e3o de outras doen\u00e7as respirat\u00f3rias.<\/p>\n\n\n\n<p>Segundo o farmac\u00eautico e bioqu\u00edmico chefe do Laborat\u00f3rio de An\u00e1lises Cl\u00ednicas do HU-UEL, Jos\u00e9 Wander&nbsp;Bregano, outro ganho obtido com a testagem padr\u00e3o ouro envolve a administra\u00e7\u00e3o dos leitos hospitalares e as doa\u00e7\u00f5es de \u00f3rg\u00e3os. \u201cPara capta\u00e7\u00e3o de \u00f3rg\u00e3os, em vida ou \u00f3bito, atendemos todo norte e noroeste do Estado. E a doa\u00e7\u00e3o s\u00f3 pode ocorrer mediante resultado negativo para Covid-19, ent\u00e3o termos esse servi\u00e7o na cidade foi extremamente importante para a continuidade da doa\u00e7\u00e3o de \u00f3rg\u00e3os\u201d, elencou. Al\u00e9m dos testes feitos com insumos adquiridos pela Prefeitura no Setor de Diagn\u00f3stico Molecular do Laborat\u00f3rio de An\u00e1lises Cl\u00ednicas do HU-UEL, a testagem na rede p\u00fablica de sa\u00fade inclui testes enviados pelo Minist\u00e9rio da Sa\u00fade e pelo governo estadual. Por\u00e9m, estes s\u00e3o enviados ao Laborat\u00f3rio Central do Estado, em Curitiba, com prazo m\u00ednimo de 72 horas, enquanto os testes analisados no Laborat\u00f3rio do HU ficam prontos em um prazo muito menor.<\/p>\n\n\n\n<p>Todas as amostras do RT-PCR que chegam ao HU at\u00e9 \u00e0s 11 horas da manh\u00e3 ficam com o resultado dispon\u00edvel at\u00e9 \u00e0s 19 horas do mesmo dia; j\u00e1 os resultados dos exames entregues ap\u00f3s 11 horas s\u00e3o emitidos no dia seguinte. Esse servi\u00e7o \u00e9 realizado todos os dias, sem interrup\u00e7\u00f5es nos finais de semana ou feriados.&nbsp;Bregano, que tamb\u00e9m \u00e9 docente na UEL, citou ainda que, na regi\u00e3o metropolitana de Londrina, apenas laborat\u00f3rios privados analisam o RT-PCR e o HU \u00e9 uma exce\u00e7\u00e3o. \u201cSabemos que pouqu\u00edssimos hospitais do Brasil efetuam essa testagem di\u00e1ria, como fazemos aqui. Desde que iniciamos a parceria com a Prefeitura, a an\u00e1lise n\u00e3o cessou um dia sequer, e n\u00e3o tivemos falta de nenhum insumo. Somos muito gratos por esse acordo, pela luta \u00e1rdua em obter todos os insumos de qualidade e com o valor adequado\u201d, disse.<\/p>\n\n\n\n<p>Os testes RT-PCR s\u00e3o coletados em pacientes dos hospitais p\u00fablicos de Londrina, incluindo o pr\u00f3prio HU, no Pronto Atendimento Infantil (PAI) e nas unidades de sa\u00fade municipais exclusivas para atendimento de pacientes com sintomas respirat\u00f3rios. S\u00e3o elas: Unidade de Pronto Atendimento (UPA) do Jardim Sabar\u00e1 e Unidades B\u00e1sicas de Sa\u00fade (UBSs) do Guanabara, Bandeirantes, Chefe Newton, Maria Cec\u00edlia e Vila Ricardo. De acordo com o secret\u00e1rio municipal de sa\u00fade,\u00a0Felippe\u00a0Machado, o conv\u00eanio entre a Prefeitura e a UEL possibilitou a Londrina um melhor enfrentamento da pandemia. \u201cPouqu\u00edssimos munic\u00edpios do Brasil conseguiram implementar essa testagem. No in\u00edcio da pandemia, uma das primeiras indica\u00e7\u00f5es de todas as autoridades de sa\u00fade, em todo o mundo, era justamente a necessidade de testagem e diagn\u00f3stico r\u00e1pido para condu\u00e7\u00e3o correta dos casos. E foi o que fizemos em Londrina\u201d, citou.A parceria entre a Prefeitura e o HU-UEL compreende a aquisi\u00e7\u00e3o dos insumos necess\u00e1rios para realiza\u00e7\u00e3o do RT-PCR. Essa compra inclui v\u00e1rios itens utilizados na coleta do exame e nas etapas de an\u00e1lise. Em quatro compras de reagentes e kits para o teste, a Prefeitura investiu mais de R$2,282 milh\u00f5es de recursos. \u201cA Prefeitura se empenhou para comprar todos os insumos e aproveitar a expertise do Hospital Universit\u00e1rio, que \u00e9\u00a0refer\u00eancia em v\u00e1rios segmentos. Fica nossa gratid\u00e3o e reconhecimento aos profissionais do Laborat\u00f3rio do HU que, de forma r\u00e1pida, se empenharam para que esse processo fosse implantado em tempo recorde, e Londrina se destacou como uma das cidades que mais testa em todo pa\u00eds\u201d, afirmou Machado.<\/p>\n\n\n\n<p>O secret\u00e1rio municipal de Gest\u00e3o P\u00fablica, F\u00e1bio&nbsp;Cavazzoti, lembrou que nas primeiras semanas da pandemia era muito dif\u00edcil adquirir os testes e seus insumos. \u00c0 \u00e9poca, o Minist\u00e9rio da Sa\u00fade indicava que os exames fossem realizados somente em pacientes internados e em situa\u00e7\u00e3o grave, por conta da escassez. \u201cRecebemos v\u00e1rias ofertas de compras, com pre\u00e7os na faixa de R$150 a R$200, mas n\u00e3o t\u00ednhamos a seguran\u00e7a de que fossem confi\u00e1veis\u201d, citou.<\/p>\n\n\n\n<p>Ap\u00f3s a formaliza\u00e7\u00e3o do conv\u00eanio com o HU-UEL, a Prefeitura p\u00f4de aplicar um protocolo de testagem em todo paciente com sintomas de Covid-19. Em m\u00e9dia, o valor pago nos insumos pela Prefeitura e pelo Hospital Universit\u00e1rio faz com que cada RT-PCR tenha um custo m\u00e9dio de, aproximadamente, R$50, cerca de tr\u00eas a quatro vezes menor que o valor praticado na rede privada. \u201cConseguimos aplicar essa ferramenta importante para controle da pandemia de forma \u00e1gil, eficaz e econ\u00f4mica. E mais de um ano depois, muitas cidades com o mesmo porte de Londrina ainda n\u00e3o t\u00eam uma an\u00e1lise local dispon\u00edvel para seus testes\u201d, complementou&nbsp;Cavazzoti.<\/p>\n\n\n\n<p>Para o secret\u00e1rio municipal de Gest\u00e3o P\u00fablica, a atua\u00e7\u00e3o conjunta entre os servidores da Prefeitura e as equipes do HU-UEL viabilizaram que o programa de testagem seja um sucesso ininterrupto. \u201cAgradecemos muito \u00e0 UEL e ao HU por entrarem nesse programa. Nos adaptamos rapidamente, temos uma interlocu\u00e7\u00e3o constante, e o resultado \u00e9 essa iniciativa pioneira e bem-sucedida, que enaltece a capacidade da Universidade e a proatividade do nosso corpo administrativo\u201d, disse.<\/p>\n\n\n\n<p class=\"has-text-align-center\">O texto est\u00e1 citado na lista de refer\u00eancias como O PEROBAL (2021b).<\/p>\n","protected":false},"excerpt":{"rendered":"<p>. Ap\u00f3s 15 meses em vigor, o conv\u00eanio firmado entre a Prefeitura de Londrina e o Hospital Universit\u00e1rio da Universidade Estadual de Londrina (HU-UEL) superou a marca de 83 mil testes RT-PCR para diagn\u00f3stico da Covid-19. O n\u00famero \u00e9 considerado alto, j\u00e1 que a maioria dos munic\u00edpios brasileiros sequer possui um programa pr\u00f3prio para testagem [&hellip;]<\/p>\n","protected":false},"author":8,"featured_media":0,"parent":0,"menu_order":0,"comment_status":"closed","ping_status":"closed","template":"","meta":{"footnotes":""},"class_list":["post-1043","page","type-page","status-publish","hentry"],"acf":[],"_links":{"self":[{"href":"https:\/\/sites.uel.br\/pdi\/wp-json\/wp\/v2\/pages\/1043","targetHints":{"allow":["GET"]}}],"collection":[{"href":"https:\/\/sites.uel.br\/pdi\/wp-json\/wp\/v2\/pages"}],"about":[{"href":"https:\/\/sites.uel.br\/pdi\/wp-json\/wp\/v2\/types\/page"}],"author":[{"embeddable":true,"href":"https:\/\/sites.uel.br\/pdi\/wp-json\/wp\/v2\/users\/8"}],"replies":[{"embeddable":true,"href":"https:\/\/sites.uel.br\/pdi\/wp-json\/wp\/v2\/comments?post=1043"}],"version-history":[{"count":1,"href":"https:\/\/sites.uel.br\/pdi\/wp-json\/wp\/v2\/pages\/1043\/revisions"}],"predecessor-version":[{"id":1044,"href":"https:\/\/sites.uel.br\/pdi\/wp-json\/wp\/v2\/pages\/1043\/revisions\/1044"}],"wp:attachment":[{"href":"https:\/\/sites.uel.br\/pdi\/wp-json\/wp\/v2\/media?parent=1043"}],"curies":[{"name":"wp","href":"https:\/\/api.w.org\/{rel}","templated":true}]}}